{"id":2055,"date":"2015-10-01T11:46:35","date_gmt":"2015-10-01T11:46:35","guid":{"rendered":"http:\/\/berliner-leberring.de\/?page_id=2055"},"modified":"2015-10-01T12:13:42","modified_gmt":"2015-10-01T12:13:42","slug":"2055-2","status":"publish","type":"page","link":"https:\/\/berliner-leberring.de\/en\/2055-2\/","title":{"rendered":"Strona startowa"},"content":{"rendered":"<h1 style=\"text-align: left;\"><span style=\"color: #339966;\">Witamy w Berlinskim pier\u015bcieniu w\u0105troby eV<\/span><\/h1>\n<h3 style=\"text-align: left;\"><strong><span style=\"color: #ff0000;\">21.09.2015 = Nasze nowe terminy Podgl\u0105d <a style=\"color: #ff0000;\" href=\"http:\/\/berliner-leberring.de\/termine-aktuelles\/\">tutaj<\/a><br \/>\n<\/span><\/strong><\/h3>\n<p><strong><span style=\"color: #ff0000;\">nowe<\/span> = tematy Sobota, &#8220;rak w\u0105troby (HCC) w r\u00f3\u017cnych aspektach&#8221;<\/strong><br \/>\n<strong>zaproszenia, plakaty, rejestracji i zam\u00f3wie\u0144 kolejne zaproszenia<\/strong><br \/>\n<span style=\"color: #ff0000;\"><strong><span style=\"color: #ff0000;\">nowy<\/span><\/strong><\/span> =<strong> prasowa 2\/15<\/strong> <a style=\"color: #000000;\" href=\"http:\/\/berliner-leberring.de\/termine-aktuelles\/pressemitteilungen\/\"><span style=\"color: #ff0000;\">tutaj<\/span><\/a><\/p>\n<h3 style=\"text-align: left;\"><span style=\"color: #ff0000;\"><strong>26.08.2015 =<\/strong><\/span><strong>nowe zdarzenie w berli\u0144skiej samopomocy: <\/strong><span style=\"color: #ff0000;\"><strong><a style=\"color: #ff0000;\" href=\"http:\/\/berliner-leberring.de\/wir-ueber-uns\/berliner-selbsthilfe\/\">tutaj<\/a><\/strong> <\/span><\/h3>\n<hr \/>\n<p><strong>Nowe konto bankowe od 01\/01\/2015<\/strong><\/p>\n<ul>\n<ul>\n<li>Posiadacz rachunku: Berliner Pier\u015bcie\u0144 w\u0105troby eV<\/li>\n<li>Bank: Berliner Sparkasse<\/li>\n<li>IBAN: DE31100500000190376449<\/li>\n<li>BIC: BELADEBEXXX<\/li>\n<li>Konto PayPal: kontakt@berliner-leberring.de<\/li>\n<\/ul>\n<\/ul>\n<hr \/>\n<p>Nasza organizacja zosta\u0142a za\u0142o\u017cona w 1997 roku przez cz\u0142onk\u00f3w grupy samopomocy w celu wspierania przewlekle chorych na w\u0105trobe pacjent\u00f3w i ich rodzin oraz do zwiekszenia \u015bwiadomo\u015bci publicznej o tym schorzeniu. W\u015br\u00f3d cz\u0142onk\u00f3w opr\u00f3cz pacjent\u00f3w, cz\u0142onk\u00f3w rodziny i innych zainteresowanych stron sa takze osoby z zawod\u00f3w zwi\u0105zanych z ochron\u0105 zdrowia.<\/p>\n<p>Zdj\u0119cia naszej Poradni:<\/p>\n<table border=\"0\">\n<tbody>\n<tr>\n<td>\n<p><figure style=\"width: 191px\" class=\"wp-caption alignleft\"><img loading=\"lazy\" decoding=\"async\" class=\"details-image\" draggable=\"false\" src=\"http:\/\/berliner-leberring.de\/wp-content\/uploads\/2013\/06\/BLR-OP-05.jpg\" alt=\"\" width=\"191\" height=\"143\" \/><figcaption class=\"wp-caption-text\"><strong>Tutaj znajdziesz broszury i material do zabrania.<\/strong><\/figcaption><\/figure><\/td>\n<td>\n<p><figure style=\"width: 213px\" class=\"wp-caption alignleft\"><img loading=\"lazy\" decoding=\"async\" class=\"details-image\" draggable=\"false\" src=\"http:\/\/berliner-leberring.de\/wp-content\/uploads\/2013\/07\/014.jpg\" alt=\"\" width=\"213\" height=\"160\" \/><figcaption class=\"wp-caption-text\"><strong>Nasz pok\u00f3j grupowy do prezentacji i szkolen.<\/strong><\/figcaption><\/figure><\/td>\n<\/tr>\n<tr valign=\"top\">\n<td valign=\"top\">\n<p><figure style=\"width: 201px\" class=\"wp-caption alignleft\"><img loading=\"lazy\" decoding=\"async\" class=\"details-image\" draggable=\"false\" src=\"http:\/\/berliner-leberring.de\/wp-content\/uploads\/2013\/06\/blr-unser-beratungsraum.jpg\" alt=\"\" width=\"201\" height=\"151\" \/><figcaption class=\"wp-caption-text\"><strong>Nasz pokoj do przeprowadzania rozmow w spokojnej atmosferze.<\/strong><\/figcaption><\/figure><\/td>\n<td>\n<p><figure style=\"width: 185px\" class=\"wp-caption alignleft\"><img loading=\"lazy\" decoding=\"async\" class=\"details-image\" draggable=\"false\" src=\"http:\/\/berliner-leberring.de\/wp-content\/uploads\/2013\/06\/008-768x1024.jpg\" alt=\"\" width=\"185\" height=\"248\" \/><figcaption class=\"wp-caption-text\"><strong>Pokoj konferencyjny<\/strong><\/figcaption><\/figure><\/td>\n<\/tr>\n<\/tbody>\n<\/table>\n<p><strong><br \/>\n<\/strong><\/p>\n<hr \/>\n<hr \/>\n<hr \/>\n<p><a href=\"http:\/\/www.porphyrie-forum.de\" target=\"_blank\"><img loading=\"lazy\" decoding=\"async\" title=\"Klicke hier zum Porphyrie Forum\" src=\"http:\/\/berliner-leberring.de\/wp-content\/uploads\/2014\/06\/blr-porphyrie-forum-neu.jpg\" alt=\"\" width=\"300\" height=\"76\" \/><\/a> <a href=\"http:\/\/berliner-leberring.de\/cgi-bin\/weblog_basic\/index.php\" target=\"_blank\"><img loading=\"lazy\" decoding=\"async\" title=\"Klicke hier zum Weblog\" src=\"http:\/\/berliner-leberring.de\/wp-content\/uploads\/2013\/07\/BLR-Weblog-300.jpg\" alt=\"\" width=\"300\" height=\"76\" \/><\/a><\/p>\n<hr \/>\n<h6>Letzte \u00c4nderung: 22.03.2015 <a title=\"Check PageRank\" href=\"http:\/\/www.prchecker.info\/\" target=\"_blank mce_href=http:\/\/www.prchecker.info\/\"><img loading=\"lazy\" decoding=\"async\" src=\"http:\/\/pr.prchecker.info\/getpr.php?codex=aHR0cDovL3d3dy5iZXJsaW5lci1sZWJlcnJpbmcuZGU=&amp;tag=3\" alt=\"Check PageRank\" width=\"80\" height=\"15\" \/><\/a><\/h6>\n<h6><\/h6>\n<h6><\/h6>\n<h6><\/h6>\n<p><center><a href=\"#top\">Nach oben<\/a><\/center><\/p>\n","protected":false},"excerpt":{"rendered":"<p>Witamy w Berlinskim pier\u015bcieniu w\u0105troby eV 21.09.2015 = Nasze nowe terminy Podgl\u0105d tutaj nowe = tematy Sobota, &#8220;rak w\u0105troby (HCC) w r\u00f3\u017cnych aspektach&#8221; zaproszenia, plakaty, rejestracji i zam\u00f3wie\u0144 kolejne zaproszenia nowy = prasowa 2\/15 tutaj 26.08.2015 =nowe zdarzenie w berli\u0144skiej samopomocy: tutaj Nowe konto bankowe od 01\/01\/2015 Posiadacz rachunku: Berliner Pier\u015bcie\u0144 w\u0105troby eV Bank: Berliner [&hellip;]<\/p>\n","protected":false},"author":3,"featured_media":0,"parent":0,"menu_order":0,"comment_status":"closed","ping_status":"closed","template":"","meta":{"footnotes":""},"class_list":["post-2055","page","type-page","status-publish","czr-hentry"],"translation":{"provider":"WPGlobus","version":"3.0.2","language":"en","enabled_languages":["de","en"],"languages":{"de":{"title":true,"content":true,"excerpt":false},"en":{"title":false,"content":false,"excerpt":false}}},"_links":{"self":[{"href":"https:\/\/berliner-leberring.de\/en\/wp-json\/wp\/v2\/pages\/2055","targetHints":{"allow":["GET"]}}],"collection":[{"href":"https:\/\/berliner-leberring.de\/en\/wp-json\/wp\/v2\/pages"}],"about":[{"href":"https:\/\/berliner-leberring.de\/en\/wp-json\/wp\/v2\/types\/page"}],"author":[{"embeddable":true,"href":"https:\/\/berliner-leberring.de\/en\/wp-json\/wp\/v2\/users\/3"}],"replies":[{"embeddable":true,"href":"https:\/\/berliner-leberring.de\/en\/wp-json\/wp\/v2\/comments?post=2055"}],"version-history":[{"count":7,"href":"https:\/\/berliner-leberring.de\/en\/wp-json\/wp\/v2\/pages\/2055\/revisions"}],"predecessor-version":[{"id":2294,"href":"https:\/\/berliner-leberring.de\/en\/wp-json\/wp\/v2\/pages\/2055\/revisions\/2294"}],"wp:attachment":[{"href":"https:\/\/berliner-leberring.de\/en\/wp-json\/wp\/v2\/media?parent=2055"}],"curies":[{"name":"wp","href":"https:\/\/api.w.org\/{rel}","templated":true}]}}