{"id":2066,"date":"2015-10-01T12:12:56","date_gmt":"2015-10-01T12:12:56","guid":{"rendered":"http:\/\/berliner-leberring.de\/?page_id=2066"},"modified":"2023-01-31T15:49:41","modified_gmt":"2023-01-31T13:49:41","slug":"nasz-zespol","status":"publish","type":"page","link":"https:\/\/berliner-leberring.de\/en\/nasz-zespol\/","title":{"rendered":"Nasz Zesp\u00f3\u0142"},"content":{"rendered":"<hr \/>\n<p><strong><em>Berliner Pier\u015bcie\u0144 w\u0105troby eV<\/em> <\/strong><\/p>\n<p>Dotrze\u0107 do wszystkich cz\u0142onk\u00f3w naszego zespo\u0142u mozesz w godzinach pracy <strong>urz\u0119du,<\/strong> pod <strong>numerem telefonu.<\/strong> <strong>030-83 22 67 75<\/strong> lub <strong>przez Skype: pier\u015bcie\u0144 Berlin-w\u0105troby.<\/strong><br \/>\nCzekamy na kontakt od Ciebie!<\/p>\n<hr \/>\n<p><img loading=\"lazy\" decoding=\"async\" style=\"border: 1px solid black;\" title=\"Sabine von Wegerer\" src=\"http:\/\/berliner-leberring.de\/wp-content\/uploads\/2013\/06\/blr-team-sabine.jpg\" alt=\"\" width=\"65\" height=\"85\" \/><strong> Sabine von Wegerer<\/strong><br \/>\nPrezes i konsultant<a href=\"mailto:%20%3Cscript%20language='JavaScript'%20type='text\/javascript'%3E%20%3C!--%20var%20prefix%20=%20'mailto:';%20var%20suffix%20=%20'';%20var%20attribs%20=%20'';%20var%20path%20=%20'hr'%20+%20'ef'%20+%20'=';%20var%20addy76856%20=%20'Sabine.VWegerer'%20+%20'@';%20addy76856%20=%20addy76856%20+%20'berliner-leberring'%20+%20'.'%20+%20'de';%20document.write(%20'%3Ca%20'%20+%20path%20+%20'\\''%20+%20prefix%20+%20addy76856%20+%20suffix%20+%20'\\''%20+%20attribs%20+%20'%3E'%20);%20document.write(%20addy76856%20);%20document.write(%20'%3C\\\/a%3E'%20);%20\/\/--%3E%20%3C\/script%3E%3Cscript%20language='JavaScript'%20type='text\/javascript'%3E%20%3C!--%20document.write(%20'%3Cspan%20style=\\'display:%20none;\\'%3E'%20);%20\/\/--%3E%20%3C\/script%3EDiese%20E-Mail-Adresse%20ist%20gegen%20Spambots%20gesch\u00fctzt!%20JavaScript%20muss%20aktiviert%20werden,%20damit%20sie%20angezeigt%20werden%20kann.%20%3Cscript%20language='JavaScript'%20type='text\/javascript'%3E%20%3C!--%20document.write(%20'%3C\/'%20);%20document.write(%20'span%3E'%20);%20\/\/--%3E%20%3C\/script%3E\" target=\"_blank\" rel=\"noopener\"><br \/>\n<\/a><a title=\"Sabine von Wegerer\" href=\"mailto:Sabine.VWegerer@berliner-leberring.de\">Sabine.VWegerer@berliner-leberring.de<\/a><br \/>\n<a href=\"mailto:Kontakt@berliner-leberring.de\">Kontakt@berliner-leberring.de<\/a><br \/>\nSkype: leberring-berlin<\/p>\n<hr \/>\n<p><a href=\"https:\/\/berliner-leberring.de\/wp-content\/uploads\/2013\/06\/blr-rainer-3-neu-e1618836427895.jpg\"><img loading=\"lazy\" decoding=\"async\" class=\"size-full wp-image-478 alignleft\" src=\"https:\/\/berliner-leberring.de\/wp-content\/uploads\/2013\/06\/blr-rainer-3-neu-e1618836427895.jpg\" alt=\"\" width=\"65\" height=\"85\" \/><\/a><\/p>\n<p>&nbsp;<\/p>\n<p>&nbsp;<\/p>\n<p><strong>Rainer Grabowski<\/strong><br \/>\nZarzad<a href=\"mailto:%20%3Cscript%20language='JavaScript'%20type='text\/javascript'%3E%20%3C!--%20var%20prefix%20=%20'mailto:';%20var%20suffix%20=%20'';%20var%20attribs%20=%20'';%20var%20path%20=%20'hr'%20+%20'ef'%20+%20'=';%20var%20addy76856%20=%20'Sabine.VWegerer'%20+%20'@';%20addy76856%20=%20addy76856%20+%20'berliner-leberring'%20+%20'.'%20+%20'de';%20document.write(%20'%3Ca%20'%20+%20path%20+%20'\\''%20+%20prefix%20+%20addy76856%20+%20suffix%20+%20'\\''%20+%20attribs%20+%20'%3E'%20);%20document.write(%20addy76856%20);%20document.write(%20'%3C\\\/a%3E'%20);%20\/\/--%3E%20%3C\/script%3E%3Cscript%20language='JavaScript'%20type='text\/javascript'%3E%20%3C!--%20document.write(%20'%3Cspan%20style=\\'display:%20none;\\'%3E'%20);%20\/\/--%3E%20%3C\/script%3EDiese%20E-Mail-Adresse%20ist%20gegen%20Spambots%20gesch\u00fctzt!%20JavaScript%20muss%20aktiviert%20werden,%20damit%20sie%20angezeigt%20werden%20kann.%20%3Cscript%20language='JavaScript'%20type='text\/javascript'%3E%20%3C!--%20document.write(%20'%3C\/'%20);%20document.write(%20'span%3E'%20);%20\/\/--%3E%20%3C\/script%3E\" target=\"_blank\" rel=\"noopener\"><br \/>\n<\/a><a href=\"mailto:Rainer.Grabowski@berliner-leberring.de\">Rainer.Grabowski@berliner-leberring.de<\/a><\/p>\n<hr \/>\n<p><img loading=\"lazy\" decoding=\"async\" style=\"border: 1px solid black;\" title=\"Christian Kootz\" src=\"http:\/\/berliner-leberring.de\/wp-content\/uploads\/2013\/06\/blr-team-christian.jpg\" alt=\"\" width=\"65\" height=\"85\" \/><strong> Christian Kootz<\/strong><br \/>\nAdministrator i mened\u017cer IT<a href=\"mailto:%20%3Cscript%20language='JavaScript'%20type='text\/javascript'%3E%20%3C!--%20var%20prefix%20=%20'mailto:';%20var%20suffix%20=%20'';%20var%20attribs%20=%20'';%20var%20path%20=%20'hr'%20+%20'ef'%20+%20'=';%20var%20addy22784%20=%20'Christian.Kootz'%20+%20'@';%20addy22784%20=%20addy22784%20+%20'berliner-leberring'%20+%20'.'%20+%20'de';%20document.write(%20'%3Ca%20'%20+%20path%20+%20'\\''%20+%20prefix%20+%20addy22784%20+%20suffix%20+%20'\\''%20+%20attribs%20+%20'%3E'%20);%20document.write(%20addy22784%20);%20document.write(%20'%3C\\\/a%3E'%20);%20\/\/--%3E%20%3C\/script%3E%3Cscript%20language='JavaScript'%20type='text\/javascript'%3E%20%3C!--%20document.write(%20'%3Cspan%20style=\\'display:%20none;\\'%3E'%20);%20\/\/--%3E%20%3C\/script%3EDiese%20E-Mail-Adresse%20ist%20gegen%20Spambots%20gesch\u00fctzt!%20JavaScript%20muss%20aktiviert%20werden,%20damit%20sie%20angezeigt%20werden%20kann.%20%3Cscript%20language='JavaScript'%20type='text\/javascript'%3E%20%3C!--%20document.write(%20'%3C\/'%20);%20document.write(%20'span%3E'%20);%20\/\/--%3E%20%3C\/script%3E\" target=\"_blank\" rel=\"noopener\"><br \/>\n<\/a><a title=\"Christian Kootz\" href=\"mailto:Christian.Kootz@berliner-leberring.de\">Christian.Kootz@berliner-leberring.de<\/a><\/p>\n<hr \/>\n<p>I wiele innych &#8211; nie wymienionych tutaj &#8211; wolontariuszy.<\/p>\n<hr \/>\n<h6><\/h6>\n<p><center><a href=\"#top\">Nach oben<\/a><\/center><\/p>\n","protected":false},"excerpt":{"rendered":"<p>Berliner Pier\u015bcie\u0144 w\u0105troby eV Dotrze\u0107 do wszystkich cz\u0142onk\u00f3w naszego zespo\u0142u mozesz w godzinach pracy urz\u0119du, pod numerem telefonu. 030-83 22 67 75 lub przez Skype: pier\u015bcie\u0144 Berlin-w\u0105troby. Czekamy na kontakt od Ciebie! Sabine von Wegerer Prezes i konsultant Sabine.VWegerer@berliner-leberring.de Kontakt@berliner-leberring.de Skype: leberring-berlin &nbsp; &nbsp; Rainer Grabowski Zarzad Rainer.Grabowski@berliner-leberring.de Christian Kootz Administrator i mened\u017cer IT Christian.Kootz@berliner-leberring.de [&hellip;]<\/p>\n","protected":false},"author":3,"featured_media":0,"parent":0,"menu_order":0,"comment_status":"closed","ping_status":"closed","template":"","meta":{"footnotes":""},"class_list":["post-2066","page","type-page","status-publish","czr-hentry"],"translation":{"provider":"WPGlobus","version":"3.0.2","language":"en","enabled_languages":["de","en"],"languages":{"de":{"title":true,"content":true,"excerpt":false},"en":{"title":false,"content":false,"excerpt":false}}},"_links":{"self":[{"href":"https:\/\/berliner-leberring.de\/en\/wp-json\/wp\/v2\/pages\/2066","targetHints":{"allow":["GET"]}}],"collection":[{"href":"https:\/\/berliner-leberring.de\/en\/wp-json\/wp\/v2\/pages"}],"about":[{"href":"https:\/\/berliner-leberring.de\/en\/wp-json\/wp\/v2\/types\/page"}],"author":[{"embeddable":true,"href":"https:\/\/berliner-leberring.de\/en\/wp-json\/wp\/v2\/users\/3"}],"replies":[{"embeddable":true,"href":"https:\/\/berliner-leberring.de\/en\/wp-json\/wp\/v2\/comments?post=2066"}],"version-history":[{"count":4,"href":"https:\/\/berliner-leberring.de\/en\/wp-json\/wp\/v2\/pages\/2066\/revisions"}],"predecessor-version":[{"id":5239,"href":"https:\/\/berliner-leberring.de\/en\/wp-json\/wp\/v2\/pages\/2066\/revisions\/5239"}],"wp:attachment":[{"href":"https:\/\/berliner-leberring.de\/en\/wp-json\/wp\/v2\/media?parent=2066"}],"curies":[{"name":"wp","href":"https:\/\/api.w.org\/{rel}","templated":true}]}}