{"id":2070,"date":"2015-10-01T12:29:03","date_gmt":"2015-10-01T12:29:03","guid":{"rendered":"http:\/\/berliner-leberring.de\/?page_id=2070"},"modified":"2015-10-01T12:29:03","modified_gmt":"2015-10-01T12:29:03","slug":"przynaleznosc","status":"publish","type":"page","link":"https:\/\/berliner-leberring.de\/en\/przynaleznosc\/","title":{"rendered":"Przynale\u017cno\u015b\u0107"},"content":{"rendered":"<hr \/>\n<p><a href=\"http:\/\/www.deutsche-leberstiftung.de\/\" target=\"_blank\"><img loading=\"lazy\" decoding=\"async\" style=\"border: 1px solid black;\" title=\"Deutsche Leberstiftung\" src=\"http:\/\/berliner-leberring.de\/wp-content\/uploads\/2015\/01\/blr-dls-2015.jpg\" alt=\"alt\" width=\"175\" height=\"257\" \/><\/a> <strong><a title=\"Deutsche Leberstiftung\" href=\"http:\/\/www.deutsche-leberstiftung.de\/\" target=\"_blank\">Niemiecka Fundacja w\u0105troby<\/a><\/strong><br \/>\nJeste\u015bmy od 2009 roku cz\u0142onkiem stowarzyszonym w Niemieckiej Fundacji W\u0105troby i dzieki temu informujemy naszych cz\u0142onk\u00f3w o najnowszych osi\u0105gni\u0119ciach w dziedzinie bada\u0144 i o nowych mo\u017cliwo\u015bciach leczenia. Ponadto mo\u017cemy stale korzysta\u0107 z wiedzy lekarzy.<\/p>\n<hr \/>\n<p><a href=\"http:\/\/www.der-paritaetische.de\/\" target=\"_blank\"><img loading=\"lazy\" decoding=\"async\" style=\"border: 1px solid black;\" title=\"Deutscher Parit\u00e4tischer Wohlfahrtsverband\" src=\"http:\/\/berliner-leberring.de\/wp-content\/uploads\/2013\/06\/blr-pari-wohlfahrtsverband.jpg\" alt=\"alt\" width=\"175\" height=\"257\" \/><\/a> <a title=\"Deutscher Parit\u00e4tischer Wohlfahrtsverband\" href=\"http:\/\/www.der-paritaetische.de\/\" target=\"_blank\"><strong>Niemiecki Zwi\u0105zek Opieki Wsp\u00f3lnej<\/strong><\/a><br \/>\nJeste\u015bmy cz\u0142onkami Stowarzyszenia Pomocy Wsp\u00f3lnej, kt\u00f3ry nam umozliwia dost\u0119p do wielu szkole\u0144 i grup roboczych, aktywny od 2007 roku. W razie potrzeby otrzymujemy kompleksowe informacje na temat kwestii prawnych i innych istotnych temat\u00f3w.<\/p>\n<hr \/>\n<p><strong><a title=\"Landesvereinigung Selbsthilfe Berlin e.V.\" href=\"http:\/\/lv-selbsthilfe-berlin.de\/\" target=\"_blank\">Landesvereinigung samopomocy Berlin eV <\/a><\/strong><br \/>\nLV Samopomocy Berlin dawniej LAGH Berlin jest organizacj\u0105 zrzeszaj\u0105c\u0105 ludzi niepe\u0142nosprawnych z Berlina, ktorzy sobie pomagaja. Aktualnie sk\u0142ada si\u0119 z 61 stowarzysze\u0144 i fundacji, w kt\u00f3rych oko\u0142o 20.000 os\u00f3b z niepe\u0142nosprawno\u015bci\u0105 i chorobami przewlek\u0142ymi, a tak\u017ce ich rodzic\u00f3w, krewnych i przyjaci\u00f3\u0142, kt\u00f3re wyst\u0119puj\u0105 wsp\u00f3lnie w duchu samopomocy. Stowarzyszenie Samopomocy Berlin eV reprezentuje wsp\u00f3lne interesy os\u00f3b<\/p>\n<hr \/>\n<h6>Letzte \u00c4nderung: 27.01.2015<\/h6>\n<p><center><a href=\"#top\">Nach oben<\/a><\/center><\/p>\n","protected":false},"excerpt":{"rendered":"<p>Niemiecka Fundacja w\u0105troby Jeste\u015bmy od 2009 roku cz\u0142onkiem stowarzyszonym w Niemieckiej Fundacji W\u0105troby i dzieki temu informujemy naszych cz\u0142onk\u00f3w o najnowszych osi\u0105gni\u0119ciach w dziedzinie bada\u0144 i o nowych mo\u017cliwo\u015bciach leczenia. Ponadto mo\u017cemy stale korzysta\u0107 z wiedzy lekarzy. Niemiecki Zwi\u0105zek Opieki Wsp\u00f3lnej Jeste\u015bmy cz\u0142onkami Stowarzyszenia Pomocy Wsp\u00f3lnej, kt\u00f3ry nam umozliwia dost\u0119p do wielu szkole\u0144 i grup [&hellip;]<\/p>\n","protected":false},"author":3,"featured_media":0,"parent":0,"menu_order":0,"comment_status":"closed","ping_status":"closed","template":"","meta":{"footnotes":""},"class_list":["post-2070","page","type-page","status-publish","czr-hentry"],"translation":{"provider":"WPGlobus","version":"3.0.2","language":"en","enabled_languages":["de","en"],"languages":{"de":{"title":true,"content":true,"excerpt":false},"en":{"title":false,"content":false,"excerpt":false}}},"_links":{"self":[{"href":"https:\/\/berliner-leberring.de\/en\/wp-json\/wp\/v2\/pages\/2070","targetHints":{"allow":["GET"]}}],"collection":[{"href":"https:\/\/berliner-leberring.de\/en\/wp-json\/wp\/v2\/pages"}],"about":[{"href":"https:\/\/berliner-leberring.de\/en\/wp-json\/wp\/v2\/types\/page"}],"author":[{"embeddable":true,"href":"https:\/\/berliner-leberring.de\/en\/wp-json\/wp\/v2\/users\/3"}],"replies":[{"embeddable":true,"href":"https:\/\/berliner-leberring.de\/en\/wp-json\/wp\/v2\/comments?post=2070"}],"version-history":[{"count":2,"href":"https:\/\/berliner-leberring.de\/en\/wp-json\/wp\/v2\/pages\/2070\/revisions"}],"predecessor-version":[{"id":2466,"href":"https:\/\/berliner-leberring.de\/en\/wp-json\/wp\/v2\/pages\/2070\/revisions\/2466"}],"wp:attachment":[{"href":"https:\/\/berliner-leberring.de\/en\/wp-json\/wp\/v2\/media?parent=2070"}],"curies":[{"name":"wp","href":"https:\/\/api.w.org\/{rel}","templated":true}]}}