{"id":2073,"date":"2015-10-01T12:37:05","date_gmt":"2015-10-01T12:37:05","guid":{"rendered":"http:\/\/berliner-leberring.de\/?page_id=2073"},"modified":"2015-10-01T12:37:05","modified_gmt":"2015-10-01T12:37:05","slug":"broszury-informacyjne","status":"publish","type":"page","link":"https:\/\/berliner-leberring.de\/en\/broszury-informacyjne\/","title":{"rendered":"Broszury informacyjne"},"content":{"rendered":"<hr \/>\n<p><strong>Broszura Badanie<\/strong><br \/>\nMo\u017ce jeste\u015b zainteresowany uczestnictwem w badaniu klinicznym, lub masz ju\u017c oferte od lekarza do udzia\u0142u i nie jestes jeszcze pewny co masz, wybra\u0107? Nasza broszura w formacie PDF, s\u0142u\u017cy do wyja\u015bnienia celu bada\u0144 klinicznych, a tak\u017ce praw i obowi\u0105zk\u00f3w, uczestnicz\u0105cego pacjenta i pomoc w podj\u0119ciu decyzji, je\u015bli to konieczne.<br \/>\n<span style=\"color: #339966;\"><strong>Jezeli interesuje cie ta Broszura Badanie, prosze zapytac w Biurze.<\/strong><\/span><\/p>\n<hr \/>\n<p><strong>Lista Zam\u00f3wienie <\/strong><br \/>\nMamy szerok\u0105 gam\u0119 broszur i materia\u0142\u00f3w informacyjnych. Mo\u017cna takze zam\u00f3wi\u0107 broszure w formacie PDF.<br \/>\n<span style=\"color: #339966;\"><strong>Prosze zapytac w Biurze.<\/strong><\/span><\/p>\n<hr \/>\n<p><strong>Rocznica<\/strong><br \/>\nW 2007 roku obchodzilismy 10-lecie naszej organizacji,. Z tej okazji zosta\u0142a wydana jubileuszowa gazeta, Berliner Leberring. To specjalne wydanie mo\u017cna zam\u00f3wi\u0107 za po\u015brednictwem naszego biura. <\/p>\n<hr \/>\n<p><strong>Prawo sozialne<\/strong><br \/>\nPier\u015bcie\u0144 Berliner w\u0105troby eV zapewnia konsultacje o emeryturach i prawach socjalnych. <a title=\"Sozialrechtflyer\" href=\"http:\/\/berliner-leberring.de\/wp-content\/uploads\/2015\/04\/Flyer-Sozialrecht-2015.pdf\" target=\"_blank\">Ulotki prawa socjalnego<\/a>, szczeg\u00f3\u0142owe informacje znajduj\u0105 si\u0119 w za\u0142\u0105czniku PDF.<\/p>\n<hr \/>\n<p><strong>Broszura Klub <\/strong><br \/>\n<a title=\"Vereinsbrosch\u00fcre\" href=\"http:\/\/berliner-leberring.de\/wp-content\/uploads\/2013\/06\/blr-broschuere-2010.pdf\" target=\"_blank\">Broszure Klub<\/a> Berlinerleberring eV mo\u017cemy wys\u0142a\u0107 poczt\u0105, na \u017cyczenie  r\u00f3wnie\u017c informacje w formacie pdf. <\/p>\n<hr \/>\n<h6>Letzte \u00c4nderung: 01.10.2015<\/h6>\n<p><center><a href=\"#top\">Nach oben<\/a><\/center><\/p>\n","protected":false},"excerpt":{"rendered":"<p>Broszura Badanie Mo\u017ce jeste\u015b zainteresowany uczestnictwem w badaniu klinicznym, lub masz ju\u017c oferte od lekarza do udzia\u0142u i nie jestes jeszcze pewny co masz, wybra\u0107? Nasza broszura w formacie PDF, s\u0142u\u017cy do wyja\u015bnienia celu bada\u0144 klinicznych, a tak\u017ce praw i obowi\u0105zk\u00f3w, uczestnicz\u0105cego pacjenta i pomoc w podj\u0119ciu decyzji, je\u015bli to konieczne. Jezeli interesuje cie ta [&hellip;]<\/p>\n","protected":false},"author":3,"featured_media":0,"parent":0,"menu_order":0,"comment_status":"closed","ping_status":"closed","template":"","meta":{"footnotes":""},"class_list":["post-2073","page","type-page","status-publish","czr-hentry"],"translation":{"provider":"WPGlobus","version":"3.0.2","language":"en","enabled_languages":["de","en"],"languages":{"de":{"title":true,"content":true,"excerpt":false},"en":{"title":false,"content":false,"excerpt":false}}},"_links":{"self":[{"href":"https:\/\/berliner-leberring.de\/en\/wp-json\/wp\/v2\/pages\/2073","targetHints":{"allow":["GET"]}}],"collection":[{"href":"https:\/\/berliner-leberring.de\/en\/wp-json\/wp\/v2\/pages"}],"about":[{"href":"https:\/\/berliner-leberring.de\/en\/wp-json\/wp\/v2\/types\/page"}],"author":[{"embeddable":true,"href":"https:\/\/berliner-leberring.de\/en\/wp-json\/wp\/v2\/users\/3"}],"replies":[{"embeddable":true,"href":"https:\/\/berliner-leberring.de\/en\/wp-json\/wp\/v2\/comments?post=2073"}],"version-history":[{"count":2,"href":"https:\/\/berliner-leberring.de\/en\/wp-json\/wp\/v2\/pages\/2073\/revisions"}],"predecessor-version":[{"id":4995,"href":"https:\/\/berliner-leberring.de\/en\/wp-json\/wp\/v2\/pages\/2073\/revisions\/4995"}],"wp:attachment":[{"href":"https:\/\/berliner-leberring.de\/en\/wp-json\/wp\/v2\/media?parent=2073"}],"curies":[{"name":"wp","href":"https:\/\/api.w.org\/{rel}","templated":true}]}}