{"id":2077,"date":"2015-10-01T12:50:40","date_gmt":"2015-10-01T12:50:40","guid":{"rendered":"http:\/\/berliner-leberring.de\/?page_id=2077"},"modified":"2015-10-01T12:50:40","modified_gmt":"2015-10-01T12:50:40","slug":"kronika","status":"publish","type":"page","link":"https:\/\/berliner-leberring.de\/en\/kronika\/","title":{"rendered":"Kronika"},"content":{"rendered":"<hr \/>\n<p><strong>Dzia\u0142alno\u015b\u0107 klubu (Kronika)<\/strong><\/p>\n<p>Poni\u017cej znajduje si\u0119 przegl\u0105d <em>dzia\u0142alno\u015bci Berlin<\/em> eV Od za\u0142o\u017cenia <em>pier\u015bcienia w\u0105troby:<\/em><\/p>\n<hr \/>\n<p><a href=\"http:\/\/translate.googleusercontent.com\/translate_c?depth=1&amp;hl=en&amp;rurl=translate.google.com&amp;sl=de&amp;tl=pl&amp;u=http:\/\/berliner-leberring.de\/wp-content\/uploads\/2013\/06\/blr-chronik-2010.pdf&amp;usg=ALkJrhhh7-l5fu51B2UA9pyXQC0h0DCd7g\">Zaj\u0119cia 2010<\/a> &#8211; <a href=\"http:\/\/translate.googleusercontent.com\/translate_c?depth=1&amp;hl=en&amp;rurl=translate.google.com&amp;sl=de&amp;tl=pl&amp;u=http:\/\/berliner-leberring.de\/wp-content\/uploads\/2013\/06\/blr-chronik-2009.pdf&amp;usg=ALkJrhgsf7JlkGR_5sIaTu9o6kLouf78aA\">Inne 2009<\/a> &#8211; <a href=\"http:\/\/translate.googleusercontent.com\/translate_c?depth=1&amp;hl=en&amp;rurl=translate.google.com&amp;sl=de&amp;tl=pl&amp;u=http:\/\/berliner-leberring.de\/wp-content\/uploads\/2013\/06\/blr-chronik-2008.pdf&amp;usg=ALkJrhiUm_BBTL3wwJTa5hM68fBai0-4Dw\">Inne 2008<\/a> &#8211;<\/p>\n<p><a href=\"http:\/\/translate.googleusercontent.com\/translate_c?depth=1&amp;hl=en&amp;rurl=translate.google.com&amp;sl=de&amp;tl=pl&amp;u=http:\/\/berliner-leberring.de\/wp-content\/uploads\/2013\/06\/blr-chronik-2007.pdf&amp;usg=ALkJrhiBzIBjspx5bpW554Pr6axS961a2g\">Zaj\u0119cia 2007<\/a> &#8211; <a href=\"http:\/\/translate.googleusercontent.com\/translate_c?depth=1&amp;hl=en&amp;rurl=translate.google.com&amp;sl=de&amp;tl=pl&amp;u=http:\/\/berliner-leberring.de\/wp-content\/uploads\/2013\/06\/blr-chronik-2006.pdf&amp;usg=ALkJrhi3DQ-d7de7OdzXUyyT4iWE7A1sKw\">Inne 2006<\/a> &#8211; <a href=\"http:\/\/translate.googleusercontent.com\/translate_c?depth=1&amp;hl=en&amp;rurl=translate.google.com&amp;sl=de&amp;tl=pl&amp;u=http:\/\/berliner-leberring.de\/wp-content\/uploads\/2013\/06\/blr-chronik-2005.pdf&amp;usg=ALkJrhj-jx0xpJkpSKlNGudHjw79RDWmGw\">Inne 2005<\/a> &#8211; <a href=\"http:\/\/translate.googleusercontent.com\/translate_c?depth=1&amp;hl=en&amp;rurl=translate.google.com&amp;sl=de&amp;tl=pl&amp;u=http:\/\/berliner-leberring.de\/wp-content\/uploads\/2013\/06\/blr-chronik-2004.pdf&amp;usg=ALkJrhhDnhKVmxcvMc2CL97CagEfKhAnpA\">Inne 2004<\/a> &#8211;<\/p>\n<p><a href=\"http:\/\/translate.googleusercontent.com\/translate_c?depth=1&amp;hl=en&amp;rurl=translate.google.com&amp;sl=de&amp;tl=pl&amp;u=http:\/\/berliner-leberring.de\/wp-content\/uploads\/2013\/06\/blr-chronik-2003.pdf&amp;usg=ALkJrhi90wOiup1fvWXxIGQkd7Ft4ov_nQ\">Zaj\u0119cia 2003<\/a> &#8211; <a href=\"http:\/\/translate.googleusercontent.com\/translate_c?depth=1&amp;hl=en&amp;rurl=translate.google.com&amp;sl=de&amp;tl=pl&amp;u=http:\/\/berliner-leberring.de\/wp-content\/uploads\/2013\/06\/blr-chronik-2002.pdf&amp;usg=ALkJrhi_l8xphM7Sw0pU1RtoeA7NYngqUg\">Inne 2002<\/a> &#8211; <a href=\"http:\/\/translate.googleusercontent.com\/translate_c?depth=1&amp;hl=en&amp;rurl=translate.google.com&amp;sl=de&amp;tl=pl&amp;u=http:\/\/berliner-leberring.de\/wp-content\/uploads\/2013\/06\/blr-chronik-2001.pdf&amp;usg=ALkJrhiXOASg-4zuKKbSrGxu-wmvKDfoWQ\">Inne 2001<\/a> &#8211; <a href=\"http:\/\/translate.googleusercontent.com\/translate_c?depth=1&amp;hl=en&amp;rurl=translate.google.com&amp;sl=de&amp;tl=pl&amp;u=http:\/\/berliner-leberring.de\/wp-content\/uploads\/2013\/06\/blr-chronik-2000.pdf&amp;usg=ALkJrhh_w2TrrwqyB2nvuMJjkc0qQmWDtA\">Inne 2000<\/a> &#8211;<\/p>\n<p><a href=\"http:\/\/translate.googleusercontent.com\/translate_c?depth=1&amp;hl=en&amp;rurl=translate.google.com&amp;sl=de&amp;tl=pl&amp;u=http:\/\/berliner-leberring.de\/wp-content\/uploads\/2013\/06\/blr-chronik-1999.pdf&amp;usg=ALkJrhi0Dgn3nVQ5dzHDP-Bea6qrqp4FFg\">Zaj\u0119cia 1999<\/a> &#8211; <a href=\"http:\/\/translate.googleusercontent.com\/translate_c?depth=1&amp;hl=en&amp;rurl=translate.google.com&amp;sl=de&amp;tl=pl&amp;u=http:\/\/berliner-leberring.de\/wp-content\/uploads\/2013\/06\/blr-chronik-1998.pdf&amp;usg=ALkJrhhjW_SNM4UVWxhdDRCrQ4damlPPVQ\">Inne 1998<\/a> &#8211; <a href=\"http:\/\/translate.googleusercontent.com\/translate_c?depth=1&amp;hl=en&amp;rurl=translate.google.com&amp;sl=de&amp;tl=pl&amp;u=http:\/\/berliner-leberring.de\/wp-content\/uploads\/2013\/06\/blr-chronik-1997.pdf&amp;usg=ALkJrhjZmU_vwSAMiG_rAvcC2x5cWrcoFw\">Inne 1997<\/a> &#8211; <a href=\"http:\/\/translate.googleusercontent.com\/translate_c?depth=1&amp;hl=en&amp;rurl=translate.google.com&amp;sl=de&amp;tl=pl&amp;u=http:\/\/berliner-leberring.de\/wp-content\/uploads\/2013\/06\/blr-chronik-1996.pdf&amp;usg=ALkJrhjs10lDHqYicraL2BvweqPhpVsprA\">dzia\u0142alno\u015b\u0107 w 1996 roku<\/a><\/p>\n<p>&nbsp;<\/p>\n<hr \/>\n<p>SHG = Selbsthilfegruppe<br \/>\nVHS = Wy\u017csza Szko\u0142a Ludowa<br \/>\nGkrhs = Community Hospital<br \/>\nAPS = pacjent-Seminarium<br \/>\nBAG = Grupa robocza Federalna<br \/>\nKrhs = szpital<br \/>\nDGVS = Niemieckie Towarzystwo uk\u0142ad trawienny oraz Chor\u00f3b Metabolicznych<\/p>\n<p><img loading=\"lazy\" decoding=\"async\" style=\"border: 1px solid black;\" title=\"Unser Flur mit dem Informationsbereich\" src=\"http:\/\/berliner-leberring.de\/wp-content\/uploads\/2013\/06\/blr-chronik.jpg\" alt=\"alt\" width=\"600\" height=\"450\" \/><\/p>\n<hr \/>\n<h6>Letzte \u00c4nderung: 01.10.2015<\/h6>\n<p><center><a href=\"#top\">Nach oben<\/a><\/center><\/p>\n","protected":false},"excerpt":{"rendered":"<p>Dzia\u0142alno\u015b\u0107 klubu (Kronika) Poni\u017cej znajduje si\u0119 przegl\u0105d dzia\u0142alno\u015bci Berlin eV Od za\u0142o\u017cenia pier\u015bcienia w\u0105troby: Zaj\u0119cia 2010 &#8211; Inne 2009 &#8211; Inne 2008 &#8211; Zaj\u0119cia 2007 &#8211; Inne 2006 &#8211; Inne 2005 &#8211; Inne 2004 &#8211; Zaj\u0119cia 2003 &#8211; Inne 2002 &#8211; Inne 2001 &#8211; Inne 2000 &#8211; Zaj\u0119cia 1999 &#8211; Inne 1998 &#8211; Inne 1997 [&hellip;]<\/p>\n","protected":false},"author":3,"featured_media":0,"parent":0,"menu_order":0,"comment_status":"closed","ping_status":"closed","template":"","meta":{"footnotes":""},"class_list":["post-2077","page","type-page","status-publish","czr-hentry"],"translation":{"provider":"WPGlobus","version":"3.0.2","language":"en","enabled_languages":["de","en"],"languages":{"de":{"title":true,"content":true,"excerpt":false},"en":{"title":false,"content":false,"excerpt":false}}},"_links":{"self":[{"href":"https:\/\/berliner-leberring.de\/en\/wp-json\/wp\/v2\/pages\/2077","targetHints":{"allow":["GET"]}}],"collection":[{"href":"https:\/\/berliner-leberring.de\/en\/wp-json\/wp\/v2\/pages"}],"about":[{"href":"https:\/\/berliner-leberring.de\/en\/wp-json\/wp\/v2\/types\/page"}],"author":[{"embeddable":true,"href":"https:\/\/berliner-leberring.de\/en\/wp-json\/wp\/v2\/users\/3"}],"replies":[{"embeddable":true,"href":"https:\/\/berliner-leberring.de\/en\/wp-json\/wp\/v2\/comments?post=2077"}],"version-history":[{"count":3,"href":"https:\/\/berliner-leberring.de\/en\/wp-json\/wp\/v2\/pages\/2077\/revisions"}],"predecessor-version":[{"id":5234,"href":"https:\/\/berliner-leberring.de\/en\/wp-json\/wp\/v2\/pages\/2077\/revisions\/5234"}],"wp:attachment":[{"href":"https:\/\/berliner-leberring.de\/en\/wp-json\/wp\/v2\/media?parent=2077"}],"curies":[{"name":"wp","href":"https:\/\/api.w.org\/{rel}","templated":true}]}}