{"id":2081,"date":"2015-10-01T12:55:09","date_gmt":"2015-10-01T12:55:09","guid":{"rendered":"http:\/\/berliner-leberring.de\/?page_id=2081"},"modified":"2015-10-01T12:55:09","modified_gmt":"2015-10-01T12:55:09","slug":"wyszukiwanie-pracownikow","status":"publish","type":"page","link":"https:\/\/berliner-leberring.de\/en\/wyszukiwanie-pracownikow\/","title":{"rendered":"Wyszukiwanie pracownikow"},"content":{"rendered":"<hr \/>\n<p><strong>Wolontariusze (lbs)<\/strong><br \/>\nDajemy mo\u017cliwo\u015b\u0107 wsparcia naszego Zesp\u00f3\u0142u za po\u015brednictwem wolontariatu.<\/p>\n<p>Nasze biuro jest dla os\u00f3b cierpi\u0105cych na zapalenia w\u0105troby na terenie kampusu Charit\u00e9 Benjamin Franklin w 12203 Berlin-Steglitz.<\/p>\n<p>Nasza g\u0142\u00f3wna siedzibajest we wtorki i czwartki otwarta.<\/p>\n<p><strong>Aktualnie poszukujemy ochotnik\u00f3w jako asystentow w pracy biurowej.\/ dwa razy w tygodniu.<\/strong><\/p>\n<p>Jeste\u015b w czasie wolontariatu u nas ubezpieczony na wypadki, na wniosek, moga zostac zwrocone koszty podr\u00f3\u017cy.<\/p>\n<p>Kontakt telefoniczny: 74 92 44 07, przez Skype: &#8211; &#8211; 030: pier\u015bcie\u0144 Berlin-w\u0105troby lub e-mail 030 83 22 67 75, fax <a href=\"mailto:kontakt@berliner-leberring.de\">kontakt@berliner-leberring.de<\/a> obowi\u0105zek i wzi\u0105\u0107 pod.<\/p>\n<p>Osobista wizyta u nas, by nas bardzo ucieszyla. Osoba kontaktowa jest Pani Sabine von Wegerer.<\/p>\n<p><strong>Mo\u017cesz r\u00f3wnie\u017c wzi\u0105\u0107 udzia\u0142 z nami w nast\u0119puj\u0105cych obszarach:<\/strong><\/p>\n<p><strong>T\u0142umaczenia w europejskim i pozaeuropejskich dzia\u0142alno\u015bci j\u0119zykach t\u0142umacza podczas sesji doradczych<\/strong> <strong><br \/>\n<strong>Pomoc na imprezach<\/strong><\/strong><\/p>\n<p>Aby wydrukowa\u0107 naszej ulotki &#8220;Szukamy&#8221; w formacie PDF <a href=\"http:\/\/translate.googleusercontent.com\/translate_c?depth=1&amp;hl=en&amp;rurl=translate.google.com&amp;sl=de&amp;tl=pl&amp;u=http:\/\/berliner-leberring.de\/wp-content\/uploads\/2015\/04\/Wir-suchen-Sie-2015.pdf&amp;usg=ALkJrhg_hbPQhGaoX1IO8C7kgoTchL1KTQ\">tutaj.<\/a><\/p>\n<p><strong>Jest du\u017co do zrobienia!<\/strong> <strong>Zr\u00f3bmy to razem!<\/strong> <strong>Twoja pomoc jest potrzebna!<\/strong> <strong>Pom\u00f3\u017c nam, aby\u015bmy mogli pomaga\u0107 innym!<\/strong><\/p>\n<p>&nbsp;<\/p>\n<p id=\"thumbnail-head-612\"><img loading=\"lazy\" decoding=\"async\" class=\"thumbnail\" style=\"border: 1px solid black; max-width: 100%;\" title=\"B\u00fcrozimmer  Berliner Leberring e.V.\" src=\"http:\/\/berliner-leberring.de\/wp-content\/uploads\/2013\/06\/blr-mitarbeitersuche.jpg\" alt=\"\" width=\"519\" height=\"389\" \/><\/p>\n<p>&nbsp;<\/p>\n<hr \/>\n<h6>Letzte \u00c4nderung: 01.10.2015<\/h6>\n<p><center><a href=\"#top\">Nach oben<\/a><\/center><\/p>\n","protected":false},"excerpt":{"rendered":"<p>Wolontariusze (lbs) Dajemy mo\u017cliwo\u015b\u0107 wsparcia naszego Zesp\u00f3\u0142u za po\u015brednictwem wolontariatu. Nasze biuro jest dla os\u00f3b cierpi\u0105cych na zapalenia w\u0105troby na terenie kampusu Charit\u00e9 Benjamin Franklin w 12203 Berlin-Steglitz. Nasza g\u0142\u00f3wna siedzibajest we wtorki i czwartki otwarta. Aktualnie poszukujemy ochotnik\u00f3w jako asystentow w pracy biurowej.\/ dwa razy w tygodniu. Jeste\u015b w czasie wolontariatu u nas ubezpieczony [&hellip;]<\/p>\n","protected":false},"author":3,"featured_media":0,"parent":0,"menu_order":0,"comment_status":"closed","ping_status":"closed","template":"","meta":{"footnotes":""},"class_list":["post-2081","page","type-page","status-publish","czr-hentry"],"translation":{"provider":"WPGlobus","version":"3.0.2","language":"en","enabled_languages":["de","en"],"languages":{"de":{"title":true,"content":true,"excerpt":false},"en":{"title":false,"content":false,"excerpt":false}}},"_links":{"self":[{"href":"https:\/\/berliner-leberring.de\/en\/wp-json\/wp\/v2\/pages\/2081","targetHints":{"allow":["GET"]}}],"collection":[{"href":"https:\/\/berliner-leberring.de\/en\/wp-json\/wp\/v2\/pages"}],"about":[{"href":"https:\/\/berliner-leberring.de\/en\/wp-json\/wp\/v2\/types\/page"}],"author":[{"embeddable":true,"href":"https:\/\/berliner-leberring.de\/en\/wp-json\/wp\/v2\/users\/3"}],"replies":[{"embeddable":true,"href":"https:\/\/berliner-leberring.de\/en\/wp-json\/wp\/v2\/comments?post=2081"}],"version-history":[{"count":1,"href":"https:\/\/berliner-leberring.de\/en\/wp-json\/wp\/v2\/pages\/2081\/revisions"}],"predecessor-version":[{"id":2082,"href":"https:\/\/berliner-leberring.de\/en\/wp-json\/wp\/v2\/pages\/2081\/revisions\/2082"}],"wp:attachment":[{"href":"https:\/\/berliner-leberring.de\/en\/wp-json\/wp\/v2\/media?parent=2081"}],"curies":[{"name":"wp","href":"https:\/\/api.w.org\/{rel}","templated":true}]}}