{"id":2083,"date":"2015-10-01T12:58:09","date_gmt":"2015-10-01T12:58:09","guid":{"rendered":"http:\/\/berliner-leberring.de\/?page_id=2083"},"modified":"2015-10-01T12:58:09","modified_gmt":"2015-10-01T12:58:09","slug":"praktyka","status":"publish","type":"page","link":"https:\/\/berliner-leberring.de\/en\/praktyka\/","title":{"rendered":"Praktyka"},"content":{"rendered":"<p>M\u0142odzi ludzie, kt\u00f3rzy s\u0105 na szkoleniu w sektorze ochrony zdrowia, w trakcie szkolenia wymagaj\u0105 <strong>sta\u017cu.<\/strong> Wykonujemy pordnictwo, organizowanie i zarz\u0105dzanie a tak\u017ce r\u00f3\u017cne dzia\u0142ania w dziedzinie zdrowia publicznego.<\/p>\n<p><strong>Termin: Teraz,<\/strong> w niepe\u0142nym wymiarze czasu \/ sta\u017c w pe\u0142nym wymiarze godzin na 3 lub 6 miesi\u0119cy<\/p>\n<p><strong>Biznes:<\/strong> og\u00f3lne dzia\u0142ania &#8211; badania Internetu &#8211; Udzia\u0142 w realizacji imprez &#8211; public relations<\/p>\n<p><strong>Poprzedni sta\u017cysci <em>eV w<\/em> Berlinie <em>pier\u015bcienia w\u0105troby:<\/em><\/strong><\/p>\n<p><strong>2014<\/strong> <strong><br \/>\n<\/strong>Sta\u017cysta z Lilienthalt High School w ramach Dnia Ch\u0142opc\u00f3w 2014<br \/>\nCzas trwania: 1 dzie\u0144<\/p>\n<p><strong>2013<\/strong> <strong><br \/>\n<\/strong>Sta\u017cysta z Lilienthalt High School w ramach Dnia Ch\u0142opc\u00f3w 2013<br \/>\nCzas trwania: 1 dzie\u0144<\/p>\n<p><strong>2010 &#8211; 2011<\/strong> <strong><br \/>\n<\/strong>Studia Praca Socjalna \/ Edukacja spo\u0142eczna na Uniwersytecie ewangelickiego w Berlinie<br \/>\nCzas trwania: 6 miesi\u0119cy<\/p>\n<p><strong>2009<\/strong> <strong><br \/>\n<\/strong>Program Degree in Business Administration na Freie Universit\u00e4t w Berlinie<br \/>\nCzas trwania: 6 miesi\u0119cy<br \/>\nInnova Privat-Akademie (INPA) Fachoberschule zdrowia Berlin<br \/>\nCzas trwania: 6 miesi\u0119cy<\/p>\n<p><strong>Dwa tysi\u0119cytrzech<\/strong> <strong><br \/>\n<\/strong>Rehabilitacja Pedagogika na Uniwersytecie Humboldta w Berlinie<br \/>\nCzas trwania: 6 miesi\u0119cy<\/p>\n<p id=\"thumbnail-head-622\"><img loading=\"lazy\" decoding=\"async\" class=\"thumbnail\" style=\"border: 1px solid black; max-width: 100%;\" title=\"Praktikumsplatz\" src=\"http:\/\/berliner-leberring.de\/wp-content\/uploads\/2013\/06\/blr-praktikum.jpg\" alt=\"\" width=\"600\" height=\"450\" \/><\/p>\n<hr \/>\n<h6>Letzte \u00c4nderung: 01.10.2015<\/h6>\n<p><center><a href=\"#top\">Nach oben<\/a><\/center><\/p>\n","protected":false},"excerpt":{"rendered":"<p>M\u0142odzi ludzie, kt\u00f3rzy s\u0105 na szkoleniu w sektorze ochrony zdrowia, w trakcie szkolenia wymagaj\u0105 sta\u017cu. Wykonujemy pordnictwo, organizowanie i zarz\u0105dzanie a tak\u017ce r\u00f3\u017cne dzia\u0142ania w dziedzinie zdrowia publicznego. Termin: Teraz, w niepe\u0142nym wymiarze czasu \/ sta\u017c w pe\u0142nym wymiarze godzin na 3 lub 6 miesi\u0119cy Biznes: og\u00f3lne dzia\u0142ania &#8211; badania Internetu &#8211; Udzia\u0142 w realizacji [&hellip;]<\/p>\n","protected":false},"author":3,"featured_media":0,"parent":0,"menu_order":0,"comment_status":"closed","ping_status":"closed","template":"","meta":{"footnotes":""},"class_list":["post-2083","page","type-page","status-publish","czr-hentry"],"translation":{"provider":"WPGlobus","version":"3.0.2","language":"en","enabled_languages":["de","en"],"languages":{"de":{"title":true,"content":true,"excerpt":false},"en":{"title":false,"content":false,"excerpt":false}}},"_links":{"self":[{"href":"https:\/\/berliner-leberring.de\/en\/wp-json\/wp\/v2\/pages\/2083","targetHints":{"allow":["GET"]}}],"collection":[{"href":"https:\/\/berliner-leberring.de\/en\/wp-json\/wp\/v2\/pages"}],"about":[{"href":"https:\/\/berliner-leberring.de\/en\/wp-json\/wp\/v2\/types\/page"}],"author":[{"embeddable":true,"href":"https:\/\/berliner-leberring.de\/en\/wp-json\/wp\/v2\/users\/3"}],"replies":[{"embeddable":true,"href":"https:\/\/berliner-leberring.de\/en\/wp-json\/wp\/v2\/comments?post=2083"}],"version-history":[{"count":2,"href":"https:\/\/berliner-leberring.de\/en\/wp-json\/wp\/v2\/pages\/2083\/revisions"}],"predecessor-version":[{"id":2317,"href":"https:\/\/berliner-leberring.de\/en\/wp-json\/wp\/v2\/pages\/2083\/revisions\/2317"}],"wp:attachment":[{"href":"https:\/\/berliner-leberring.de\/en\/wp-json\/wp\/v2\/media?parent=2083"}],"curies":[{"name":"wp","href":"https:\/\/api.w.org\/{rel}","templated":true}]}}