{"id":2085,"date":"2015-10-01T13:01:44","date_gmt":"2015-10-01T13:01:44","guid":{"rendered":"http:\/\/berliner-leberring.de\/?page_id=2085"},"modified":"2015-10-01T13:01:44","modified_gmt":"2015-10-01T13:01:44","slug":"dowiedz-sie-wiecej","status":"publish","type":"page","link":"https:\/\/berliner-leberring.de\/en\/dowiedz-sie-wiecej\/","title":{"rendered":"Dowiedz si\u0119 wi\u0119cej"},"content":{"rendered":"<p><strong>Szkolenie naszych doradc\u00f3w<\/strong><br \/>\nStale rosn\u0105ca liczba pacjent\u00f3w, kt\u00f3rzy z ufno\u015bci\u0105 zwracaj\u0105 si\u0119 do grup samopomocy i stowarzysze\u0144, wymaga bardzo dobrego poradnictwa.<br \/>\nNasi doradcy otrzymuj\u0105 wysokiej jako\u015bci edukacje na dw\u00f3ch poziomach: wiedzy na temat r\u00f3\u017cnych chor\u00f3b i umiej\u0119tno\u015bci psycho-spo\u0142ecznych. Te ostatnie mog\u0105 by\u0107 uzyskane w wyniku uczestnictwa w szkoleniach i programach edukacyjnych w pracy grupowej &#8220;szkolenia w samopomocy Berlin&#8221;. Pod nag\u0142\u00f3wkiem <a href=\"http:\/\/translate.googleusercontent.com\/translate_c?depth=1&amp;hl=en&amp;rurl=translate.google.com&amp;sl=de&amp;tl=pl&amp;u=http:\/\/www.sekis.de\/&amp;usg=ALkJrhia9qhMl7T9JMqpi2xDyPH5ZfbReA\">&#8220;w Berlinie pacjent&#8221;<\/a> znajdziesz aktualny program.<br \/>\nW szkoleniu BAG-w\u0105troby dla doradc\u00f3w og\u00f3lnopolskich by\u0142y szkolenia z kobietami Wegerer z Berlina oraz Pani Susanne N\u00fcckles z Nunberga na tematy psychospo\u0142eczne.<br \/>\nNasi pracownicy s\u0105 szkoleni w ramach naszego stowarzyszenia.<\/p>\n<p><strong>Klinika w\u0105troby<\/strong><br \/>\nPrzez wiele lat jestesmy w klinicznym zasiegu badan w\u0105troby w klinice Charit\u00e9, Campus Benjamin Franklin w Berlin-Steglitz, Utrzymujemy \u015bcis\u0142a wsp\u00f3\u0142prace z lekarzami i piel\u0119gniarkami.<\/p>\n<p><strong>Welthepatitistag \/ niemiecki Lebertag<\/strong><br \/>\nNie tylko niemiecki dzien watroby, ale tak\u017ce swiatowy dzien watroby jest zach\u0119t\u0105 do podniesienia \u015bwiadomo\u015bci i wiadomosci spoleczenstwa na temat zapalenia watroby.<\/p>\n<p><strong>D\u0142uga Noc Nauki<\/strong><br \/>\nPrzez, lokalizacje przy Charit\u00e9 . <em>od<\/em> 2004 roku w Berlinie <em>Pier\u015bcie\u0144 w\u0105troby eV<\/em> prezentujemy sie podczas Dlugiej Nocy Nauki z w\u0142asnym stoiskiem w Benjamin Franklin. Jeszcze d\u0142ugo po p\u00f3\u0142nocy jeste\u015bmy zaangazowani w rozmowy z wieloma go\u015bcmi.<\/p>\n","protected":false},"excerpt":{"rendered":"<p>Szkolenie naszych doradc\u00f3w Stale rosn\u0105ca liczba pacjent\u00f3w, kt\u00f3rzy z ufno\u015bci\u0105 zwracaj\u0105 si\u0119 do grup samopomocy i stowarzysze\u0144, wymaga bardzo dobrego poradnictwa. Nasi doradcy otrzymuj\u0105 wysokiej jako\u015bci edukacje na dw\u00f3ch poziomach: wiedzy na temat r\u00f3\u017cnych chor\u00f3b i umiej\u0119tno\u015bci psycho-spo\u0142ecznych. Te ostatnie mog\u0105 by\u0107 uzyskane w wyniku uczestnictwa w szkoleniach i programach edukacyjnych w pracy grupowej &#8220;szkolenia [&hellip;]<\/p>\n","protected":false},"author":3,"featured_media":0,"parent":0,"menu_order":0,"comment_status":"closed","ping_status":"closed","template":"","meta":{"footnotes":""},"class_list":["post-2085","page","type-page","status-publish","czr-hentry"],"translation":{"provider":"WPGlobus","version":"3.0.2","language":"en","enabled_languages":["de","en"],"languages":{"de":{"title":true,"content":true,"excerpt":false},"en":{"title":false,"content":false,"excerpt":false}}},"_links":{"self":[{"href":"https:\/\/berliner-leberring.de\/en\/wp-json\/wp\/v2\/pages\/2085","targetHints":{"allow":["GET"]}}],"collection":[{"href":"https:\/\/berliner-leberring.de\/en\/wp-json\/wp\/v2\/pages"}],"about":[{"href":"https:\/\/berliner-leberring.de\/en\/wp-json\/wp\/v2\/types\/page"}],"author":[{"embeddable":true,"href":"https:\/\/berliner-leberring.de\/en\/wp-json\/wp\/v2\/users\/3"}],"replies":[{"embeddable":true,"href":"https:\/\/berliner-leberring.de\/en\/wp-json\/wp\/v2\/comments?post=2085"}],"version-history":[{"count":2,"href":"https:\/\/berliner-leberring.de\/en\/wp-json\/wp\/v2\/pages\/2085\/revisions"}],"predecessor-version":[{"id":5237,"href":"https:\/\/berliner-leberring.de\/en\/wp-json\/wp\/v2\/pages\/2085\/revisions\/5237"}],"wp:attachment":[{"href":"https:\/\/berliner-leberring.de\/en\/wp-json\/wp\/v2\/media?parent=2085"}],"curies":[{"name":"wp","href":"https:\/\/api.w.org\/{rel}","templated":true}]}}