{"id":2670,"date":"2017-01-23T12:24:20","date_gmt":"2017-01-23T12:24:20","guid":{"rendered":"http:\/\/berliner-leberring.de\/?page_id=2670"},"modified":"2018-04-17T14:53:11","modified_gmt":"2018-04-17T14:53:11","slug":"leitsaetze-des-vereines","status":"publish","type":"page","link":"https:\/\/berliner-leberring.de\/en\/leitsaetze-des-vereines\/","title":{"rendered":"Leits\u00e4tze des Vereins"},"content":{"rendered":"<p>Der <em>Berliner Leberring e.V.<\/em>\u00a0 bietet Beratung und Aufkl\u00e4rung zum Thema Lebererkrankungen an. Er unterst\u00fctzt Personen, die an der Leber erkrankt sind oder in anderer Form betroffen sind.<\/p>\n<p>Der Verein<\/p>\n<ul>\n<li>organisiert \u00f6ffentliche Informationsveranstaltungen sowie Veranstaltungen f\u00fcr Betroffene, Interessierte und deren Angeh\u00f6rige,<\/li>\n<li>schult Mitglieder von sozial- und gesundheits-pflegerischen Berufen und gibt an \u00c4rztInnen und ApothekerInnen erforderliche Informationen in geeigneter Form weiter,<\/li>\n<li>ber\u00e4t Personen, die von \u00a0Lebererkrankungen betroffen \u00a0sind, \u00a0in \u00a0seiner\u00a0 Beratungs- und Kontaktstelle,<\/li>\n<li>initiiert oder unterst\u00fctzt Selbsthilfeprojekte von Betroffenen,<\/li>\n<li>verbreitet Informationen \u00fcber Lebererkrankungen und \u00a0die \u00a0damit\u00a0 in \u00a0Zusammenhang stehenden Probleme, indem er auf die \u00d6ffentlichkeit und die politischen Gremien im Sinne des Vereinszwecks unter anderem einwirkt durch:\u00a0 Verbreitung von Druckschriften, Versammlungen, Veranstaltungen, Medienarbeit und Ausstellungen,<\/li>\n<li>vermittelt bzw. erm\u00f6glicht Erkrankten pers\u00f6nliche Betreuung,<\/li>\n<li>f\u00f6rdert die Erforschung von Ursachen und M\u00f6glichkeiten der Therapie, organisiert wissenschaftliche Veranstaltungen,<\/li>\n<li>tr\u00e4gt dazu bei, Betroffene unter den gesellschaftlichen und arbeitsrechtlichen Gesichtspunkten neu zu integrieren,<\/li>\n<li>tritt f\u00fcr Anerkennung der Behinderung bzw. der erh\u00f6hten Schwerbesch\u00e4digung in Versorgungsangelegenheiten ein,<\/li>\n<li>setzt sich aktiv f\u00fcr die Vereinheitlichung der Laborparameter und deren Tests ein,<\/li>\n<li>\u00a0unterst\u00fctzt Reha-Einrichtungen,<\/li>\n<li>richtet eine Begegnungsst\u00e4tte f\u00fcr Hepatitis-Betroffene ein,<\/li>\n<li>organisiert Fortbildungsveranstaltungen f\u00fcr die BeraterInnen.<\/li>\n<\/ul>\n<p>Der Verein ist selbstlos t\u00e4tig. Er verfolgt ausschlie\u00dflich gemeinn\u00fctzige Zwecke.<\/p>\n<p>Der Verein ist parteilos und konfessionell unabh\u00e4ngig.<\/p>\n<p>Die komplette Satzung des <em>Berliner Leberring e. V.<\/em> kann man<a href=\"http:\/\/berliner-leberring.de\/wp-content\/uploads\/2017\/01\/Endfassung-Satzung-lt.MV-5.4.16.pdf\"> hier nachlesen<\/a><\/p>\n","protected":false},"excerpt":{"rendered":"<p>Der Berliner Leberring e.V.\u00a0 bietet Beratung und Aufkl\u00e4rung zum Thema Lebererkrankungen an. Er unterst\u00fctzt Personen, die an der Leber erkrankt sind oder in anderer Form betroffen sind. Der Verein organisiert \u00f6ffentliche Informationsveranstaltungen sowie Veranstaltungen f\u00fcr Betroffene, Interessierte und deren Angeh\u00f6rige, schult Mitglieder von sozial- und gesundheits-pflegerischen Berufen und gibt an \u00c4rztInnen und ApothekerInnen erforderliche Informationen [&hellip;]<\/p>\n","protected":false},"author":3,"featured_media":0,"parent":0,"menu_order":0,"comment_status":"closed","ping_status":"closed","template":"","meta":{"footnotes":""},"class_list":["post-2670","page","type-page","status-publish","czr-hentry"],"translation":{"provider":"WPGlobus","version":"3.0.2","language":"en","enabled_languages":["de","en"],"languages":{"de":{"title":true,"content":true,"excerpt":false},"en":{"title":false,"content":false,"excerpt":false}}},"_links":{"self":[{"href":"https:\/\/berliner-leberring.de\/en\/wp-json\/wp\/v2\/pages\/2670","targetHints":{"allow":["GET"]}}],"collection":[{"href":"https:\/\/berliner-leberring.de\/en\/wp-json\/wp\/v2\/pages"}],"about":[{"href":"https:\/\/berliner-leberring.de\/en\/wp-json\/wp\/v2\/types\/page"}],"author":[{"embeddable":true,"href":"https:\/\/berliner-leberring.de\/en\/wp-json\/wp\/v2\/users\/3"}],"replies":[{"embeddable":true,"href":"https:\/\/berliner-leberring.de\/en\/wp-json\/wp\/v2\/comments?post=2670"}],"version-history":[{"count":12,"href":"https:\/\/berliner-leberring.de\/en\/wp-json\/wp\/v2\/pages\/2670\/revisions"}],"predecessor-version":[{"id":5221,"href":"https:\/\/berliner-leberring.de\/en\/wp-json\/wp\/v2\/pages\/2670\/revisions\/5221"}],"wp:attachment":[{"href":"https:\/\/berliner-leberring.de\/en\/wp-json\/wp\/v2\/media?parent=2670"}],"curies":[{"name":"wp","href":"https:\/\/api.w.org\/{rel}","templated":true}]}}