{"id":2676,"date":"2017-01-23T12:35:42","date_gmt":"2017-01-23T12:35:42","guid":{"rendered":"http:\/\/berliner-leberring.de\/?page_id=2676"},"modified":"2026-01-20T16:43:48","modified_gmt":"2026-01-20T14:43:48","slug":"foerderung-durch-die-krankenkassen","status":"publish","type":"page","link":"https:\/\/berliner-leberring.de\/en\/foerderung-durch-die-krankenkassen\/","title":{"rendered":"F\u00f6rderung durch die Krankenkassen"},"content":{"rendered":"<h3><strong><span style=\"vertical-align: inherit;\"><span style=\"vertical-align: inherit;\">Wir erhalten pauschale F\u00f6rdermittel der Krankenkassen auf Grundlage des \u00a720h SGB V.<\/span><\/span><\/strong><\/h3>\n<p>\u00a0<\/p>\n<table>\n<tbody>\n<tr>\n<th><span style=\"vertical-align: inherit;\"><span style=\"vertical-align: inherit;\">F\u00f6rderjahr<\/span><\/span><\/th>\n<th><span style=\"vertical-align: inherit;\"><span style=\"vertical-align: inherit;\">F\u00f6rdersumme<\/span><\/span><\/th>\n<\/tr>\n<tr>\n<td><span style=\"vertical-align: inherit;\"><span style=\"vertical-align: inherit;\">GKV Pauschalf\u00f6rderung 2019<\/span><\/span><\/td>\n<td><span style=\"vertical-align: inherit;\"><span style=\"vertical-align: inherit;\">14.499,68 \u20ac<\/span><\/span><\/td>\n<\/tr>\n<tr>\n<td><span style=\"vertical-align: inherit;\"><span style=\"vertical-align: inherit;\">GKV Pauschalf\u00f6rderung 2020<\/span><\/span><\/td>\n<td><span style=\"vertical-align: inherit;\"><span style=\"vertical-align: inherit;\">29.738,18 \u20ac<\/span><\/span><\/td>\n<\/tr>\n<tr>\n<td><span style=\"vertical-align: inherit;\"><span style=\"vertical-align: inherit;\">GKV Pauschalf\u00f6rderung 2021<\/span><\/span><\/td>\n<td><span style=\"vertical-align: inherit;\"><span style=\"vertical-align: inherit;\">27.984,64 \u20ac<\/span><\/span><\/td>\n<\/tr>\n<tr>\n<td><span style=\"vertical-align: inherit;\"><span style=\"vertical-align: inherit;\">GKV Pauschalf\u00f6rderung 2022<\/span><\/span><\/td>\n<td><span style=\"vertical-align: inherit;\"><span style=\"vertical-align: inherit;\">26.628,54 \u20ac<\/span><\/span><\/td>\n<\/tr>\n<tr>\n<td><span style=\"vertical-align: inherit;\"><span style=\"vertical-align: inherit;\">GKV Pauschalf\u00f6rderung 2023<\/span><\/span><\/td>\n<td><span style=\"vertical-align: inherit;\"><span style=\"vertical-align: inherit;\">35.380,24 \u20ac<br \/>\n<\/span><\/span><\/td>\n<\/tr>\n<tr>\n<td><span style=\"vertical-align: inherit;\"><span style=\"vertical-align: inherit;\">GKV Pauschalf\u00f6rderung 2024<\/span><\/span><\/td>\n<td><span style=\"vertical-align: inherit;\"><span style=\"vertical-align: inherit;\">\u00a023.000,00 \u20ac<br \/>\n<\/span><\/span><\/td>\n<\/tr>\n<tr>\n<td><span style=\"vertical-align: inherit;\"><span style=\"vertical-align: inherit;\">GKV Pauschalf\u00f6rderung 2025<\/span><\/span><\/td>\n<td><span style=\"vertical-align: inherit;\"><span style=\"vertical-align: inherit;\">\u00a031.382,11 \u20ac<br \/>\n<\/span><\/span><\/td>\n<\/tr>\n<\/tbody>\n<\/table>\n","protected":false},"excerpt":{"rendered":"<p>Wir erhalten pauschale F\u00f6rdermittel der Krankenkassen auf Grundlage des \u00a720h SGB V. \u00a0 F\u00f6rderjahr F\u00f6rdersumme GKV Pauschalf\u00f6rderung 2019 14.499,68 \u20ac GKV Pauschalf\u00f6rderung 2020 29.738,18 \u20ac GKV Pauschalf\u00f6rderung 2021 27.984,64 \u20ac GKV Pauschalf\u00f6rderung 2022 26.628,54 \u20ac GKV Pauschalf\u00f6rderung 2023 35.380,24 \u20ac GKV Pauschalf\u00f6rderung 2024 \u00a023.000,00 \u20ac GKV Pauschalf\u00f6rderung 2025 \u00a031.382,11 \u20ac<\/p>\n","protected":false},"author":3,"featured_media":0,"parent":0,"menu_order":0,"comment_status":"closed","ping_status":"closed","template":"","meta":{"footnotes":""},"class_list":["post-2676","page","type-page","status-publish","czr-hentry"],"translation":{"provider":"WPGlobus","version":"3.0.2","language":"en","enabled_languages":["de","en"],"languages":{"de":{"title":true,"content":true,"excerpt":false},"en":{"title":false,"content":false,"excerpt":false}}},"_links":{"self":[{"href":"https:\/\/berliner-leberring.de\/en\/wp-json\/wp\/v2\/pages\/2676","targetHints":{"allow":["GET"]}}],"collection":[{"href":"https:\/\/berliner-leberring.de\/en\/wp-json\/wp\/v2\/pages"}],"about":[{"href":"https:\/\/berliner-leberring.de\/en\/wp-json\/wp\/v2\/types\/page"}],"author":[{"embeddable":true,"href":"https:\/\/berliner-leberring.de\/en\/wp-json\/wp\/v2\/users\/3"}],"replies":[{"embeddable":true,"href":"https:\/\/berliner-leberring.de\/en\/wp-json\/wp\/v2\/comments?post=2676"}],"version-history":[{"count":22,"href":"https:\/\/berliner-leberring.de\/en\/wp-json\/wp\/v2\/pages\/2676\/revisions"}],"predecessor-version":[{"id":6350,"href":"https:\/\/berliner-leberring.de\/en\/wp-json\/wp\/v2\/pages\/2676\/revisions\/6350"}],"wp:attachment":[{"href":"https:\/\/berliner-leberring.de\/en\/wp-json\/wp\/v2\/media?parent=2676"}],"curies":[{"name":"wp","href":"https:\/\/api.w.org\/{rel}","templated":true}]}}