{"id":2681,"date":"2017-01-23T12:37:35","date_gmt":"2017-01-23T12:37:35","guid":{"rendered":"http:\/\/berliner-leberring.de\/?page_id=2681"},"modified":"2020-07-07T10:37:19","modified_gmt":"2020-07-07T10:37:19","slug":"zusammenarbeit-mit-der-wirtschaft","status":"publish","type":"page","link":"https:\/\/berliner-leberring.de\/en\/zusammenarbeit-mit-der-wirtschaft\/","title":{"rendered":"Zusammenarbeit mit der Wirtschaft"},"content":{"rendered":"<h1>Neutralit\u00e4t und Unabh\u00e4ngigkeit<\/h1>\n<p>F\u00fcr den <em>Berliner Leberring e.V.<\/em> als Selbsthilfeorganisation sind Neutralit\u00e4t und Unabh\u00e4ngigkeit unabdingbar. Der <em>Berliner Leberring e.V.<\/em> legt Wert auf eine faire und transparente Zusammenarbeit mit anderen Akteuren im Gesundheitswesen. Er begr\u00fc\u00dft das Interesse von Wirtschaftsunternehmen an einer Zusammenarbeit auf dieser Basis. Um Neutralit\u00e4t und Unabh\u00e4ngigkeit zu bewahren und auch k\u00fcnftig zu gew\u00e4hrleisten, haben wir uns entsprechende Leitlinien gegeben.<\/p>\n<p>Der <em>Berliner Leberring e.V.<\/em> richtet seine Arbeit an den Bed\u00fcrfnissen und Interessen von Menschen mit Erkrankungen der Leber und ihren Angeh\u00f6rigen aus. Er will die Selbstbestimmung der Betroffenen f\u00f6rdern.<\/p>\n<p>Kooperationen mit Wirtschaftsunternehmen m\u00fcssen mit den satzungsgem\u00e4\u00dfen Zielen und Aufgaben im Einklang stehen und diesen dienen. Der <em>Berliner Leberring e.V.<\/em> akzeptiert keine Zusammenarbeit, die seine Gemeinn\u00fctzigkeit gef\u00e4hrdet oder gar ausschlie\u00dft<\/p>\n<p>In allen Bereichen der Zusammenarbeit mit Wirtschaftsunternehmen muss der <em>Berliner Leberring e.V.<\/em> die volle Kontrolle \u00fcber die Inhalte der Arbeit behalten und unabh\u00e4ngig bleiben. Das gilt f\u00fcr ideelle genauso wie f\u00fcr finanzielle F\u00f6rderung und Kooperationen.<\/p>\n<p>Jede Kooperation mit und Unterst\u00fctzung durch Wirtschaftsunternehmen muss transparent gestaltet werden.<\/p>\n<p>Unsere aktuellen Leits\u00e4tze zur Zusammenarbeit mit der Wirtschaft wurden auf der Mitgliederversammlung am 10.04.2017 beschlossen. \u00a0 <a href=\"http:\/\/berliner-leberring.de\/wp-content\/uploads\/2017\/05\/Leitsatz-mit-Wirtschaft-2017.pdf\" target=\"_blank\" rel=\"noopener noreferrer\">Die kompletten Leitlinien sind hier nachzulesen.<\/a><\/p>\n","protected":false},"excerpt":{"rendered":"<p>Neutralit\u00e4t und Unabh\u00e4ngigkeit F\u00fcr den Berliner Leberring e.V. als Selbsthilfeorganisation sind Neutralit\u00e4t und Unabh\u00e4ngigkeit unabdingbar. Der Berliner Leberring e.V. legt Wert auf eine faire und transparente Zusammenarbeit mit anderen Akteuren im Gesundheitswesen. Er begr\u00fc\u00dft das Interesse von Wirtschaftsunternehmen an einer Zusammenarbeit auf dieser Basis. Um Neutralit\u00e4t und Unabh\u00e4ngigkeit zu bewahren und auch k\u00fcnftig zu gew\u00e4hrleisten, [&hellip;]<\/p>\n","protected":false},"author":3,"featured_media":0,"parent":0,"menu_order":0,"comment_status":"closed","ping_status":"closed","template":"","meta":{"footnotes":""},"class_list":["post-2681","page","type-page","status-publish","czr-hentry"],"translation":{"provider":"WPGlobus","version":"3.0.2","language":"en","enabled_languages":["de","en"],"languages":{"de":{"title":true,"content":true,"excerpt":false},"en":{"title":false,"content":false,"excerpt":false}}},"_links":{"self":[{"href":"https:\/\/berliner-leberring.de\/en\/wp-json\/wp\/v2\/pages\/2681","targetHints":{"allow":["GET"]}}],"collection":[{"href":"https:\/\/berliner-leberring.de\/en\/wp-json\/wp\/v2\/pages"}],"about":[{"href":"https:\/\/berliner-leberring.de\/en\/wp-json\/wp\/v2\/types\/page"}],"author":[{"embeddable":true,"href":"https:\/\/berliner-leberring.de\/en\/wp-json\/wp\/v2\/users\/3"}],"replies":[{"embeddable":true,"href":"https:\/\/berliner-leberring.de\/en\/wp-json\/wp\/v2\/comments?post=2681"}],"version-history":[{"count":9,"href":"https:\/\/berliner-leberring.de\/en\/wp-json\/wp\/v2\/pages\/2681\/revisions"}],"predecessor-version":[{"id":3917,"href":"https:\/\/berliner-leberring.de\/en\/wp-json\/wp\/v2\/pages\/2681\/revisions\/3917"}],"wp:attachment":[{"href":"https:\/\/berliner-leberring.de\/en\/wp-json\/wp\/v2\/media?parent=2681"}],"curies":[{"name":"wp","href":"https:\/\/api.w.org\/{rel}","templated":true}]}}