{"id":2835,"date":"2017-03-28T12:49:59","date_gmt":"2017-03-28T12:49:59","guid":{"rendered":"http:\/\/berliner-leberring.de\/?page_id=2835"},"modified":"2017-03-28T13:18:30","modified_gmt":"2017-03-28T13:18:30","slug":"was-leberkranke-bei-operationen-beachten-sollten","status":"publish","type":"page","link":"https:\/\/berliner-leberring.de\/en\/termine-aktuelles\/presse-aktuell\/was-leberkranke-bei-operationen-beachten-sollten\/","title":{"rendered":"Was Leberkranke bei Operationen beachten sollten"},"content":{"rendered":"<h3>Bericht \u00fcber die Veranstaltung des Berliner Leberrings e.V. vom 13. 12. 2016 mit Dr. Carsten B\u00fcning, Krankenhaus Waldfriede (Zehlendorf)<\/h3>\n<p><a href=\"http:\/\/berliner-leberring.de\/wp-content\/uploads\/2013\/06\/buening-carsten1.jpg\"><img loading=\"lazy\" decoding=\"async\" class=\"size-full wp-image-2813 alignleft\" src=\"http:\/\/berliner-leberring.de\/wp-content\/uploads\/2013\/06\/buening-carsten1.jpg\" alt=\"\" width=\"157\" height=\"203\" \/><\/a>Eine Operation steht bevor, eine eher allt\u00e4gliche ohne besondere Risiken. Und dennoch: Wer Probleme mit der Leber hat, sollte sich besonders gut vorbereiten. Und er\u00a0 sollte auch darauf achten, mit welchen Schmerz- und Narkosemedikamenten er versorgt wird. Priv.-Doz. Dr.<strong> Carsten B\u00fcning<\/strong>, Chefarzt Innere Medizin am Krankenhaus Waldfriede in Berlin-Zehlendorf, hat in einer Vortragsveranstaltung des Berliner Leberrings e.V. erl\u00e4utert, worauf Betroffene achten sollten.<\/p>\n<p>Zuerst einmal sollte man auf die Leberwerte schauen. Ist lediglich das Gamma-GT erh\u00f6ht, etwa bei einer Fettleber, besteht bei\u00a0 einem operativen Eingriff kein besonderes Risiko. Auch bei einem Leberschaden der ersten Stufe (Child A-Stadium) ist die <strong>Gefahr, dass es w\u00e4hrend oder nach der Operation zu Komplikationen kommt<\/strong>, nicht erh\u00f6ht. Das \u00e4ndert sich schon bei der n\u00e4chsten Stufe(Child B-Stadium), bei der die einschl\u00e4gigen Blutwerte deutlicher ver\u00e4ndert sind sind und bei Untersuchung der Leber eine fortgeschrittene Sch\u00e4digung erkannt wurde. Besonders vorsichtig gilt es bei schweren Operationen wie am Herzen oder an der Leber selbst zu sein. Hier liegt das Komplikationsrisiko bei etwa 30 Prozent. \u201eDann sollte man sich die Frage stellen: Muss ich wirklich operiert werden\u201c, sagt Dr. B\u00fcning. Das gilt erst recht bei der dritten Stufe Child C, bei der sich die Lebersch\u00e4digung bereits mit deutlichen Symptomen zeigt und wo drei von vier Patienten damit rechnen m\u00fcssen, dass ein schwerer Eingriff auch schwer verl\u00e4uft.<\/p>\n<p>Wichtig ist es zudem, dass\u00a0 Menschen mit Leberzirrhose regelm\u00e4\u00dfig eine <strong>Magenspiegelung<\/strong> vornehmen lassen, um Krampfadern in Magen und Speiser\u00f6hre, sogenannte \u00d6sophagusvarizen, rechtzeitig zu erkennen und behandeln zu lassen. Bei Child A sollte das alle zwei\u00a0 Jahre,\u00a0 in den Stadien B und C j\u00e4hrlich erfolgen. Auch Leberkranke sollten au\u00dferdem an der Darmkrebsvorsorge mit Darmspiegelung teilnehmen.<\/p>\n<p>Vor einer Operation sollte man also stets seine Laborwerte mitbringen. Und dabei geht es nicht nur um die spezifischen Leberwerte allein, sondern auch um <strong>Albumin und die Blutgerinnungswerte<\/strong>, die im Quick- oder INR-Wert ermittelt werden. Die k\u00f6nnen gerade bei\u00a0 Leberkranken auff\u00e4llig sein, was dann zu unvorhergesehenen Blutungen f\u00fchren kann. Im Vorfeld kann hier beispielsweise mit der Gabe von Vitamin K versucht werden, die Blutgerinnung zu verbessern.<\/p>\n<p>Eine Operation bedeutet auch <strong>Narkose und Schmerzbehandlung<\/strong>. Auch dabei\u00a0 m\u00fcssen Leberkranke einiges beachten, denn die Leber muss diese Mittel\u00a0 verarbeiten. F\u00fcr Dr. B\u00fcning ist Propofol\u00a0 f\u00fcr die An\u00e4sthesie das Mittel der Wahl und ist dem Midazolam vorzuziehen. Und bei den Schmerzmitteln ist besonders Paracetamol problematisch f\u00fcr die Leber, aber auch die Wirkstoffe Ibuprofen und Diclofenac bergen Risiken. Eine weit bessere Vertr\u00e4glichkeit hat Metamizol, das in Mitteln wie Novalgin oder Novaminsulfon enthalten ist. Diese Regeln gelten nat\u00fcrlich f\u00fcr Leberkranke auch au\u00dferhalb von Operationen, wenn sie Schmerzmittel brauchen.<\/p>\n<p><strong>(Dieser Bericht liegt auch <a href=\"http:\/\/berliner-leberring.de\/wp-content\/uploads\/2017\/03\/B\u00fcning-Veranstaltung.pdf\" target=\"_blank\">als PDF zum Ausdrucken<\/a> vor.)<\/strong><\/p>\n","protected":false},"excerpt":{"rendered":"<p>Bericht \u00fcber die Veranstaltung des Berliner Leberrings e.V. vom 13. 12. 2016 mit Dr. Carsten B\u00fcning, Krankenhaus Waldfriede (Zehlendorf) Eine Operation steht bevor, eine eher allt\u00e4gliche ohne besondere Risiken. Und dennoch: Wer Probleme mit der Leber hat, sollte sich besonders gut vorbereiten. Und er\u00a0 sollte auch darauf achten, mit welchen Schmerz- und Narkosemedikamenten er versorgt [&hellip;]<\/p>\n","protected":false},"author":3,"featured_media":0,"parent":408,"menu_order":0,"comment_status":"closed","ping_status":"closed","template":"","meta":{"footnotes":""},"class_list":["post-2835","page","type-page","status-publish","czr-hentry"],"translation":{"provider":"WPGlobus","version":"3.0.2","language":"en","enabled_languages":["de","en"],"languages":{"de":{"title":true,"content":true,"excerpt":false},"en":{"title":false,"content":false,"excerpt":false}}},"_links":{"self":[{"href":"https:\/\/berliner-leberring.de\/en\/wp-json\/wp\/v2\/pages\/2835","targetHints":{"allow":["GET"]}}],"collection":[{"href":"https:\/\/berliner-leberring.de\/en\/wp-json\/wp\/v2\/pages"}],"about":[{"href":"https:\/\/berliner-leberring.de\/en\/wp-json\/wp\/v2\/types\/page"}],"author":[{"embeddable":true,"href":"https:\/\/berliner-leberring.de\/en\/wp-json\/wp\/v2\/users\/3"}],"replies":[{"embeddable":true,"href":"https:\/\/berliner-leberring.de\/en\/wp-json\/wp\/v2\/comments?post=2835"}],"version-history":[{"count":9,"href":"https:\/\/berliner-leberring.de\/en\/wp-json\/wp\/v2\/pages\/2835\/revisions"}],"predecessor-version":[{"id":2846,"href":"https:\/\/berliner-leberring.de\/en\/wp-json\/wp\/v2\/pages\/2835\/revisions\/2846"}],"up":[{"embeddable":true,"href":"https:\/\/berliner-leberring.de\/en\/wp-json\/wp\/v2\/pages\/408"}],"wp:attachment":[{"href":"https:\/\/berliner-leberring.de\/en\/wp-json\/wp\/v2\/media?parent=2835"}],"curies":[{"name":"wp","href":"https:\/\/api.w.org\/{rel}","templated":true}]}}