{"id":3034,"date":"2017-09-05T12:46:50","date_gmt":"2017-09-05T12:46:50","guid":{"rendered":"http:\/\/berliner-leberring.de\/?page_id=3034"},"modified":"2017-09-05T12:47:22","modified_gmt":"2017-09-05T12:47:22","slug":"lange-nacht-der-wissenschaften-2017","status":"publish","type":"page","link":"https:\/\/berliner-leberring.de\/en\/lange-nacht-der-wissenschaften-2017\/","title":{"rendered":"Lange Nacht der Wissenschaften 2017"},"content":{"rendered":"<p>Zur Langen Nacht der Wissenschaften am 24. Juni 2017 in Berlin war der <em>Berliner Leberring e. V.<\/em> wieder in der Charit\u00e9, Campus Benjamin Franklin vertreten.<\/p>\n<p>Wir hatten unseren Stand im Foyer der Klinik, direkt hinter der allgemeinen Information. Von 15.30 bis 24 Uhr waren dort insgesamt f\u00fcnf Helferinnen aktiv. Viele Interessierte kamen zu uns, nahmen Infomaterial mit und lie\u00dfen sich \u00fcber die Arbeit des Vereins informieren. Einige hatten konkrete Fragen, sodass sich zwischendurch sogar kurze Beratungsgespr\u00e4che ergaben.<\/p>\n<h3>Fragebogen zu Lebererkrankungen<\/h3>\n<p>33 Personen beantworteten unseren kleinen Fragebogen zu Lebererkrankungen. Manche f\u00fcllten in einem Zug alle Antwortk\u00e4stchen richtig aus, f\u00fcr andere war dies eine gute Gelegenheit, im Gespr\u00e4ch mehr \u00fcber Lebererkrankungen zu erfahren. So war etlichen Besuchern die Unterscheidung der verschiedenen Virustypen und die M\u00f6glichkeit einer Impfung gegen Hepatitis A und B nicht bekannt. Auf diese Weise konnten wir also auch\u00a0 Informationsl\u00fccken schlie\u00dfen.<\/p>\n<p>Im Laufe des Abends gaben wir an 23 Personen einen eingeschwei\u00dften\u00a0 Organspendeausweis ab. Auch zu diesem Thema entwickelten sich einige interessante Gespr\u00e4che.<\/p>\n<p>Insgesamt l\u00e4sst sich f\u00fcr die Lange Nacht eine positive Bilanz ziehen. F\u00fcr kommende Veranstaltungen suchen wir aber noch nach Ideen, wie man Besucher noch besser aktiv einbinden kann, z. B. durch Organmodelle zum Anfassen oder \u00c4hnliches.<\/p>\n","protected":false},"excerpt":{"rendered":"<p>Zur Langen Nacht der Wissenschaften am 24. Juni 2017 in Berlin war der Berliner Leberring e. V. wieder in der Charit\u00e9, Campus Benjamin Franklin vertreten. Wir hatten unseren Stand im Foyer der Klinik, direkt hinter der allgemeinen Information. Von 15.30 bis 24 Uhr waren dort insgesamt f\u00fcnf Helferinnen aktiv. Viele Interessierte kamen zu uns, nahmen [&hellip;]<\/p>\n","protected":false},"author":13,"featured_media":0,"parent":0,"menu_order":0,"comment_status":"closed","ping_status":"closed","template":"","meta":{"footnotes":""},"class_list":["post-3034","page","type-page","status-publish","czr-hentry"],"translation":{"provider":"WPGlobus","version":"3.0.2","language":"en","enabled_languages":["de","en"],"languages":{"de":{"title":true,"content":true,"excerpt":false},"en":{"title":false,"content":false,"excerpt":false}}},"_links":{"self":[{"href":"https:\/\/berliner-leberring.de\/en\/wp-json\/wp\/v2\/pages\/3034","targetHints":{"allow":["GET"]}}],"collection":[{"href":"https:\/\/berliner-leberring.de\/en\/wp-json\/wp\/v2\/pages"}],"about":[{"href":"https:\/\/berliner-leberring.de\/en\/wp-json\/wp\/v2\/types\/page"}],"author":[{"embeddable":true,"href":"https:\/\/berliner-leberring.de\/en\/wp-json\/wp\/v2\/users\/13"}],"replies":[{"embeddable":true,"href":"https:\/\/berliner-leberring.de\/en\/wp-json\/wp\/v2\/comments?post=3034"}],"version-history":[{"count":3,"href":"https:\/\/berliner-leberring.de\/en\/wp-json\/wp\/v2\/pages\/3034\/revisions"}],"predecessor-version":[{"id":3878,"href":"https:\/\/berliner-leberring.de\/en\/wp-json\/wp\/v2\/pages\/3034\/revisions\/3878"}],"wp:attachment":[{"href":"https:\/\/berliner-leberring.de\/en\/wp-json\/wp\/v2\/media?parent=3034"}],"curies":[{"name":"wp","href":"https:\/\/api.w.org\/{rel}","templated":true}]}}