{"id":313,"date":"2013-06-20T16:30:21","date_gmt":"2013-06-20T16:30:21","guid":{"rendered":"http:\/\/berliner-leberring.de\/?page_id=313"},"modified":"2025-04-22T16:59:25","modified_gmt":"2025-04-22T14:59:25","slug":"kontakt-anfahrt","status":"publish","type":"page","link":"https:\/\/berliner-leberring.de\/en\/kontakt-anfahrt\/","title":{"rendered":"Kontakt &#038; Anfahrt"},"content":{"rendered":"<p id=\"thumbnail-head-721\"><img loading=\"lazy\" decoding=\"async\" class=\"thumbnail\" style=\"border: 1px solid black; max-width: 100%;\" src=\"http:\/\/berliner-leberring.de\/wp-content\/uploads\/2013\/06\/blr-kontaktanfahrt.jpg\" alt=\"\" width=\"600\" height=\"450\" \/><\/p>\n<p><strong><em>Berliner Leberring e.V.<\/em><\/strong><br \/>\nBeratungsstelle f\u00fcr Hepatitis-Betroffene<br \/>\nc\/o Charit\u00e9 Campus Benjamin Franklin<br \/>\nPost: Hindenburgdamm 30<br \/>\n12203 Berlin-Steglitz<br \/>\nEingang: Klingsorstr. 107 Haus III, 1. OG rechts<br \/>\nTelefon: 030 &#8211; 83 22 67 75<br \/>\nTelefax: 030 &#8211; 74 92 44 07<br \/>\nE-Mail: <a href=\"mailto:kontakt@berliner-leberring.de\">kontakt@berliner-leberring.de<\/a><br \/>\nE-Mail: <a href=\"mailto:webmaster@berliner-leberring.de\">webmaster@berliner-leberring.de<\/a><br \/>\nSkype: berliner-leberring<br \/>\n<a href=\"skype:berliner-leberring?call\"><img decoding=\"async\" src=\"http:\/\/download.skype.com\/share\/skypebuttons\/buttons\/call_green_white_153x63.png\" alt=\"Skype Me&#x2122;!\" width=\"153\" \/><\/a><\/p>\n<hr \/>\n<p><strong>So finden Sie uns am besten<\/strong><br \/>\nKlicken Sie bitte auf <a title=\"Anfahrt zum Berliner Leberring e.V.\" href=\"http:\/\/berliner-leberring.de\/kontakt-anfahrt\/anfahrt\/\" target=\"_blank\" rel=\"noopener noreferrer\">Anfahrt<\/a> und Sie finden eine detaillierte Wegbeschreibung zu unserem B\u00fcro in Berlin-Steglitz.<\/p>\n<hr \/>\n<p style=\"text-align: left;\"><strong>Unsere Beratungszeiten<\/strong><br \/>\nin Berlin-Steglitz sind jeweils dienstags und donnerstags von 13 Uhr bis 17 Uhr und nach Vereinbarung. (Achtung! Zurzeit sind wir nur dienstags im B\u00fcro.) Telefonische Anmeldungen unter der Telefon-Nummer: 030 &#8211; 83 22 67 75 erbeten. Gerne bieten wir Ihnen ebenfalls in dieser Zeit auch telefonische Beratungen an.<\/p>\n<hr \/>\n<p style=\"text-align: left;\"><strong>Unsere Erreichbarkeiten<\/strong><br \/>\nAu\u00dferhalb unserer Beratungszeiten steht Ihnen unser Anrufbeantworter und zeitweise auch unsere B\u00fcro-Hotline unter der Telefon-Nummer: 030 &#8211; 83 22 67 75 zur Verf\u00fcgung.<\/p>\n<hr \/>\n<p><strong>Telefonischer R\u00fcckrufservice<\/strong><br \/>\nUnser telefonischer R\u00fcckrufservice richtet sich an alle Interessierten, die einen R\u00fcckruf vom <em>Berliner Leberring e.V.<\/em> w\u00fcnschen. Sprechen Sie ausserhalb unserer B\u00fcro- und Beratungszeiten einfach auf unseren Anrufbeantworter. Nennen Sie bitte Ihren Namen, Ihre Telefonnummer und Ihr Anliegen &#8211; wir rufen Sie schnellstm\u00f6glich zur\u00fcck. Gerne k\u00f6nnen Sie uns alternativ auch eine E-Mail an <a href=\"mailto:kontakt@berliner-leberring.de\">kontakt@berliner-leberring.de<\/a>, mit der Bitte um R\u00fcckruf, senden.<\/p>\n<p>Auf Ihre Anfragen per E-Mail antworten wir in der Regel innerhalb von 24 Stunden.<\/p>\n<hr \/>\n<p><strong>Terminvereinbarung<\/strong><br \/>\nUm l\u00e4ngere Wartezeiten f\u00fcr ein Beratungsgespr\u00e4ch zu vermeiden, wird &#8211; auch in Ihrem eigenen Interesse &#8211; um eine Terminvereinbarung, auch w\u00e4hrend der angegebenen Sprechzeiten gebeten. An Feiertagen und w\u00e4hrend der Ferien (siehe Ferienkalender) bleibt unser Beratungsb\u00fcro geschlossen.<\/p>\n<hr \/>\n<h6><\/h6>\n<p><center><a href=\"#top\">Nach oben<\/a><\/center><\/p>\n","protected":false},"excerpt":{"rendered":"<p>Berliner Leberring e.V. Beratungsstelle f\u00fcr Hepatitis-Betroffene c\/o Charit\u00e9 Campus Benjamin Franklin Post: Hindenburgdamm 30 12203 Berlin-Steglitz Eingang: Klingsorstr. 107 Haus III, 1. OG rechts Telefon: 030 &#8211; 83 22 67 75 Telefax: 030 &#8211; 74 92 44 07 E-Mail: kontakt@berliner-leberring.de E-Mail: webmaster@berliner-leberring.de Skype: berliner-leberring So finden Sie uns am besten Klicken Sie bitte auf Anfahrt [&hellip;]<\/p>\n","protected":false},"author":3,"featured_media":0,"parent":0,"menu_order":0,"comment_status":"closed","ping_status":"closed","template":"","meta":{"footnotes":""},"class_list":["post-313","page","type-page","status-publish","czr-hentry"],"translation":{"provider":"WPGlobus","version":"3.0.2","language":"en","enabled_languages":["de","en"],"languages":{"de":{"title":true,"content":true,"excerpt":false},"en":{"title":false,"content":false,"excerpt":false}}},"_links":{"self":[{"href":"https:\/\/berliner-leberring.de\/en\/wp-json\/wp\/v2\/pages\/313","targetHints":{"allow":["GET"]}}],"collection":[{"href":"https:\/\/berliner-leberring.de\/en\/wp-json\/wp\/v2\/pages"}],"about":[{"href":"https:\/\/berliner-leberring.de\/en\/wp-json\/wp\/v2\/types\/page"}],"author":[{"embeddable":true,"href":"https:\/\/berliner-leberring.de\/en\/wp-json\/wp\/v2\/users\/3"}],"replies":[{"embeddable":true,"href":"https:\/\/berliner-leberring.de\/en\/wp-json\/wp\/v2\/comments?post=313"}],"version-history":[{"count":35,"href":"https:\/\/berliner-leberring.de\/en\/wp-json\/wp\/v2\/pages\/313\/revisions"}],"predecessor-version":[{"id":2462,"href":"https:\/\/berliner-leberring.de\/en\/wp-json\/wp\/v2\/pages\/313\/revisions\/2462"}],"wp:attachment":[{"href":"https:\/\/berliner-leberring.de\/en\/wp-json\/wp\/v2\/media?parent=313"}],"curies":[{"name":"wp","href":"https:\/\/api.w.org\/{rel}","templated":true}]}}