{"id":333,"date":"2013-06-21T06:39:56","date_gmt":"2013-06-21T06:39:56","guid":{"rendered":"http:\/\/berliner-leberring.de\/?page_id=333"},"modified":"2025-04-22T16:45:59","modified_gmt":"2025-04-22T14:45:59","slug":"beratungsstelle","status":"publish","type":"page","link":"https:\/\/berliner-leberring.de\/en\/beratungsstelle\/","title":{"rendered":"Beratungsstelle"},"content":{"rendered":"<hr \/>\n<p>Unser Team in der Beratungsstelle am Charit\u00e9-Campus Benjamin Franklin besteht aus erfahrenen und engagierten MitarbeiterInnen, die alle ehrenamtlich t\u00e4tig sind. Die BeraterInnen nehmen regelm\u00e4\u00dfig an Beraterschulungen und \u00c4rztefortbildungen teil.<\/p>\n<p>Wir f\u00fchren alle g\u00e4ngigen Beratungsformen durch. Au\u00dferdem bieten wir u.a. \u00c4rztInnen und PflegerInnen in Krankenh\u00e4usern, Pflegeeinrichtungen sowie sonstigen Institutionen Fachvortr\u00e4ge an und stellen Informationsmaterial zur Verf\u00fcgung.<\/p>\n<p>Wir bieten fundierte Informationen \u00fcber die verschiedenen Leber-Erkrankungen, Therapiem\u00f6glichkeiten und Ern\u00e4hrung an, wobei wir stets die individuelle Situation der PatientInnen ber\u00fccksichtigen.<\/p>\n<p>Auf Wunsch vermitteln wir Betroffene weiter zu Hepatologen, Fachinstitutionen sowie weiteren Vereinen oder Selbsthilfegruppen in Berlin, Brandenburg und bundesweit. Wir bieten verschiedene Informationsveranstaltungen und Patientenseminare zu aktuellen Themenbereichen f\u00fcr Menschen mit Lebererkrankungen an.<\/p>\n<p>Die Versendung von aktuellem Informationsmaterial erfolgt an Vereinsmitglieder kostenlos.<\/p>\n<hr \/>\n<p><strong>Hier finden Sie <a title=\"Anfahrthinweise zu unserer Beratungsstelle\" href=\"http:\/\/berliner-leberring.de\/kontakt-anfahrt\/anfahrt\/\" target=\"_blank\" rel=\"noopener\">Anfahrthinweise<\/a> zu unserer Beratungsstelle.<\/strong><\/p>\n<hr \/>\n<p id=\"thumbnail-head-720\"><img loading=\"lazy\" decoding=\"async\" class=\"thumbnail\" style=\"border: 1px solid black; max-width: 100%;\" title=\"Eingang Klingsorstra\u00dfe 95 A (Haus III im Hintergrund)\" src=\"http:\/\/berliner-leberring.de\/wp-content\/uploads\/2013\/06\/blr-beratungsstelle-01.jpg\" alt=\"\" width=\"200\" height=\"267\" \/> <img loading=\"lazy\" decoding=\"async\" class=\"thumbnail\" style=\"border: 1px solid black; max-width: 100%;\" title=\"Sitz der Beratungsstelle Haus III (Seitenblick)\" src=\"http:\/\/berliner-leberring.de\/wp-content\/uploads\/2013\/06\/blr-beratungsstelle-02.jpg\" alt=\"\" width=\"200\" height=\"267\" \/> <img loading=\"lazy\" decoding=\"async\" class=\"thumbnail\" style=\"border: 1px solid black; max-width: 100%;\" title=\"Sitz der Beratungsstelle Haus III (Vorderansicht)\" src=\"http:\/\/berliner-leberring.de\/wp-content\/uploads\/2013\/06\/blr-beratungsstelle-03.jpg\" alt=\"\" width=\"200\" height=\"267\" \/><\/p>\n<p id=\"thumbnail-head-726\"><img loading=\"lazy\" decoding=\"async\" class=\"thumbnail\" style=\"border: 1px solid black; max-width: 100%;\" title=\"Sitz der Beratungsstelle Haus III (Eingangsbereich)\" src=\"http:\/\/berliner-leberring.de\/wp-content\/uploads\/2013\/06\/blr-beratungsstelle-04.jpg\" alt=\"\" width=\"267\" height=\"200\" \/>\u00a0\u00a0\u00a0\u00a0\u00a0\u00a0\u00a0\u00a0\u00a0\u00a0\u00a0\u00a0\u00a0\u00a0\u00a0\u00a0\u00a0\u00a0 <img loading=\"lazy\" decoding=\"async\" class=\"thumbnail\" style=\"border: 1px solid black; max-width: 100%;\" title=\"Berliner Leberring e.V. (Flurbereich)\" src=\"http:\/\/berliner-leberring.de\/wp-content\/uploads\/2013\/06\/blr-beratungsstelle-09.jpg\" alt=\"\" width=\"267\" height=\"200\" \/><\/p>\n<p id=\"thumbnail-head-725\"><img loading=\"lazy\" decoding=\"async\" class=\"thumbnail\" style=\"border: 1px solid black; max-width: 100%;\" title=\"Berliner Leberring e.V. (Eingangst\u00fcr zum Flur)\" src=\"http:\/\/berliner-leberring.de\/wp-content\/uploads\/2013\/06\/blr-beratungsstelle-06.jpg\" alt=\"\" width=\"200\" height=\"267\" \/> <img loading=\"lazy\" decoding=\"async\" class=\"thumbnail\" style=\"border: 1px solid black; max-width: 100%;\" title=\"Berliner Leberring e.V. (Eingangst\u00fcr vom Flur)\" src=\"http:\/\/berliner-leberring.de\/wp-content\/uploads\/2013\/06\/blr-beratungsstelle-07.jpg\" alt=\"\" width=\"200\" height=\"267\" \/> <img loading=\"lazy\" decoding=\"async\" class=\"thumbnail\" style=\"border: 1px solid black; max-width: 100%;\" title=\"Berliner Leberring e.V. (Flurgang)\" src=\"http:\/\/berliner-leberring.de\/wp-content\/uploads\/2013\/06\/blr-beratungsstelle-08.jpg\" alt=\"\" width=\"200\" height=\"267\" \/><\/p>\n<hr \/>\n<p><strong>Erwartungen von \u00c4rzten an Berliner Selbsthilfegruppen<\/strong><\/p>\n<p><strong><a title=\"Erwartungen von \u00c4rzten an Berliner Selbsthilfegruppen\" href=\"http:\/\/berliner-leberring.de\/wp-content\/uploads\/2013\/06\/blr-erwartungen-von-aerzten-2005.pdf\" target=\"_blank\" rel=\"noopener\">Ein quantitativer und qualitativer Analyse, Projektbericht<\/a><br \/>\n(Dr. Monika Hey, MPH<\/strong>)<br \/>\nDie vorliegende Untersuchung soll einen Beitrag zur Initiierung und Intensivierung gegenseitiger Kooperationsbeziehungen zwischen Selbsthilfe und Professionellen in den Themenbereichen Lebererkrankungen und Hepatitis leisten. Berliner \u00c4rzte mit den Behandlungsschwerpunkten Lebererkrankungen und Hepatitis sowie \u00c4rzte, die vom <em>Berliner Leberring e.V.<\/em> und der Deutsche Leberhilfe e.V. empfohlen werden, wurden nach ihren Erwartungen an Selbsthilfegruppen in diesen Themenbereichen befragt. Die Studie wurde mit zwei Forschungsans\u00e4tzen durchgef\u00fchrt. Anhand einer schriftlichen Befragung sollten Erkenntnisse \u00fcber Kooperationsumfang, Kooperationsform und Kooperationsbereitschaft gewonnen werden. Es wurden 100 \u00c4rzte angeschrieben; 43 haben den Fragebogen beantwortet. In der qualitativen Analyse wurden Experteninterviews durchgef\u00fchrt. Kooperationserfahrene \u00c4rzte, die die Zusammenarbeit &#8220;positiv&#8221; oder &#8220;\u00fcberwiegend positiv&#8221; bewerteten, wurden nach Einstellungen, Erfahrungen und Erwartungen befragt.<\/p>\n<hr \/>\n<p><strong>Erwartungen von Menschen mit Lebererkrankungen an die Selbsthilfe<\/strong><\/p>\n<p><strong><a title=\"Erwartungen von Menschen mit Lebererkrankungen an die Selbsthilfe\" href=\"http:\/\/berliner-leberring.de\/wp-content\/uploads\/2013\/06\/blr-erwartungen-von-menschen-2004.pdf\" target=\"_blank\" rel=\"noopener\">Befragung von Nutzern und Nichtnutzern von Selbsthilfeangeboten<\/a><br \/>\n(Dipl. cand. Pflegewirtin Heike Stute &amp; Dr. Monika Huber, MPH<\/strong>)<br \/>\nAls Teilnehmer im Gesundheitssystem erh\u00e4lt die Selbsthilfe eine immer gr\u00f6\u00dfer werdende Relevanz. Sie dient als Erg\u00e4nzung des professionellen Systems. Dieses f\u00fchrt durch die sich erweiternde quantitative Bedeutung zu einem gesteigerten Bedarf an Professionalisierung. Von politischer Seite wird dieser &#8220;Aufschwung&#8221; der Selbsthilfe gef\u00f6rdert und begr\u00fcndet eine zunehmende Notwendigkeit an wissenschaftlicher Forschung. Kann Selbsthilfe im Gesundheitssystem vernachl\u00e4ssigte Patienten- \/ Klientenbed\u00fcrfnisse befriedigen? Wie ver\u00e4ndern sich die Anforderungen, die an die Selbsthilfe gestellt werden? Gibt es Unterschiede bez\u00fcglich Erwartungen und Voraussetzungen, an bzw. f\u00fcr die Teilnahme an Selbsthilfe in Abh\u00e4ngigkeit von verschiedenen Erkrankungen?<\/p>\n<hr \/>\n<h6><\/h6>\n<p><center><a href=\"#top\">Nach oben<\/a><\/center><\/p>\n","protected":false},"excerpt":{"rendered":"<p>Unser Team in der Beratungsstelle am Charit\u00e9-Campus Benjamin Franklin besteht aus erfahrenen und engagierten MitarbeiterInnen, die alle ehrenamtlich t\u00e4tig sind. Die BeraterInnen nehmen regelm\u00e4\u00dfig an Beraterschulungen und \u00c4rztefortbildungen teil. Wir f\u00fchren alle g\u00e4ngigen Beratungsformen durch. Au\u00dferdem bieten wir u.a. \u00c4rztInnen und PflegerInnen in Krankenh\u00e4usern, Pflegeeinrichtungen sowie sonstigen Institutionen Fachvortr\u00e4ge an und stellen Informationsmaterial zur Verf\u00fcgung. [&hellip;]<\/p>\n","protected":false},"author":3,"featured_media":0,"parent":0,"menu_order":0,"comment_status":"closed","ping_status":"closed","template":"","meta":{"footnotes":""},"class_list":["post-333","page","type-page","status-publish","czr-hentry"],"translation":{"provider":"WPGlobus","version":"3.0.2","language":"en","enabled_languages":["de","en"],"languages":{"de":{"title":true,"content":true,"excerpt":false},"en":{"title":false,"content":false,"excerpt":false}}},"_links":{"self":[{"href":"https:\/\/berliner-leberring.de\/en\/wp-json\/wp\/v2\/pages\/333","targetHints":{"allow":["GET"]}}],"collection":[{"href":"https:\/\/berliner-leberring.de\/en\/wp-json\/wp\/v2\/pages"}],"about":[{"href":"https:\/\/berliner-leberring.de\/en\/wp-json\/wp\/v2\/types\/page"}],"author":[{"embeddable":true,"href":"https:\/\/berliner-leberring.de\/en\/wp-json\/wp\/v2\/users\/3"}],"replies":[{"embeddable":true,"href":"https:\/\/berliner-leberring.de\/en\/wp-json\/wp\/v2\/comments?post=333"}],"version-history":[{"count":16,"href":"https:\/\/berliner-leberring.de\/en\/wp-json\/wp\/v2\/pages\/333\/revisions"}],"predecessor-version":[{"id":6066,"href":"https:\/\/berliner-leberring.de\/en\/wp-json\/wp\/v2\/pages\/333\/revisions\/6066"}],"wp:attachment":[{"href":"https:\/\/berliner-leberring.de\/en\/wp-json\/wp\/v2\/media?parent=333"}],"curies":[{"name":"wp","href":"https:\/\/api.w.org\/{rel}","templated":true}]}}