{"id":3392,"date":"2018-05-25T10:07:18","date_gmt":"2018-05-25T10:07:18","guid":{"rendered":"http:\/\/berliner-leberring.de\/?page_id=3392"},"modified":"2021-03-31T19:01:52","modified_gmt":"2021-03-31T19:01:52","slug":"datenschutz","status":"publish","type":"page","link":"https:\/\/berliner-leberring.de\/en\/datenschutz\/","title":{"rendered":"Datenschutz"},"content":{"rendered":"<h1>Datenschutzerkl\u00e4rung<\/h1>\n<p><strong>1. Name und Kontaktdaten des f\u00fcr die Verarbeitung Verantwortlichen\u00a0<\/strong><\/p>\n<p>Berliner Leberring e.V.<br \/>\nc\/o Charit\u00e9 Campus Benjamin Franklin<br \/>\nPost: Hindenburgdamm 30<br \/>\n12203 Berlin<br \/>\nEingang: Klingsorstr. 107<br \/>\nHaus III, 1. OG rechts<br \/>\nTel. 030 83 22 67 75<br \/>\nFax 030 74 92 44 07<br \/>\nE-Mail: kontakt@berliner-leberring.de<\/p>\n<p>Vertreten durch:<br \/>\nSabine von Wegerer (Vorstandsvorsitzende)<\/p>\n<p><strong>2. Erhebung und Speicherung personenbezogener Daten sowie Art und Zweck von deren Verwendung<\/strong><br \/>\n<em>a) Beim Besuch der Website<\/em><br \/>\nBeim Aufrufen unserer Website www.berliner-leberring.de werden durch den auf Ihrem Endger\u00e4t zum Einsatz kommenden Browser automatisch Informationen an den Server unserer Website gesendet. Diese Informationen werden tempor\u00e4r in einem sog. Logfile gespeichert. Folgende Informationen werden dabei ohne Ihr Zutun erfasst und bis zur automatisierten L\u00f6schung gespeichert:<\/p>\n<p>\u2022\u00a0\u00a0\u00a0 IP-Adresse des anfragenden Rechners,<br \/>\n\u2022\u00a0\u00a0\u00a0 Datum und Uhrzeit des Zugriffs,<br \/>\n\u2022\u00a0\u00a0\u00a0 Name und URL der abgerufenen Datei,<br \/>\n\u2022\u00a0\u00a0\u00a0 jeweils \u00fcbertragene Datenmenge<br \/>\n\u2022\u00a0\u00a0\u00a0 Website, von der aus der Zugriff erfolgt (Referrer-URL),<br \/>\n\u2022\u00a0\u00a0\u00a0 verwendeter Browser und ggf. das Betriebssystem Ihres Rechners sowie der Name Ihres Access-Providers.<\/p>\n<p>Die genannten Daten werden durch uns zu folgenden Zwecken verarbeitet:<br \/>\n\u2022\u00a0\u00a0\u00a0 Gew\u00e4hrleistung eines reibungslosen Verbindungsaufbaus der Website,<br \/>\n\u2022\u00a0\u00a0\u00a0 Gew\u00e4hrleistung einer komfortablen Nutzung unserer Website,<br \/>\n\u2022\u00a0\u00a0\u00a0 Auswertung der Systemsicherheit und -stabilit\u00e4t sowie<br \/>\n\u2022\u00a0\u00a0\u00a0 zu weiteren administrativen Zwecken.<\/p>\n<p>Die Rechtsgrundlage f\u00fcr die Datenverarbeitung ist Art. 6 Abs. 1 S. 1 lit. f DSGVO. Unser berechtigtes Interesse folgt aus oben aufgelisteten Zwecken zur Datenerhebung. In keinem Fall verwenden wir die erhobenen Daten zu dem Zweck, R\u00fcckschl\u00fcsse auf Ihre Person zu ziehen.<br \/>\nDar\u00fcber hinaus setzen wir beim Besuch unserer Website Cookies sowie Analysedienste ein. N\u00e4here Erl\u00e4uterungen dazu erhalten Sie unter den Ziff. 4 und 5 dieser Datenschutzerkl\u00e4rung.<\/p>\n<p><em>b) Bei Anmeldung f\u00fcr unseren Newsletter<\/em><br \/>\nSofern Sie nach Art. 6 Abs. 1 S. 1 lit. a DSGVO ausdr\u00fccklich eingewilligt haben, verwenden wir Ihre E-Mail-Adresse daf\u00fcr, Ihnen regelm\u00e4\u00dfig unseren Newsletter zu \u00fcbersenden.<br \/>\nDie Abmeldung ist jederzeit m\u00f6glich, zum Beispiel \u00fcber einen Link am Ende eines jeden Newsletters. Alternativ k\u00f6nnen Sie Ihren Abmeldewunsch gerne auch jederzeit an kontakt@berliner-leberring.de per E-Mail senden.<\/p>\n<p><strong>3. Weitergabe von Daten<\/strong><br \/>\nEine \u00dcbermittlung Ihrer pers\u00f6nlichen Daten an Dritte zu anderen als den im Folgenden aufgef\u00fchrten Zwecken findet nicht statt. Wir geben Ihre pers\u00f6nlichen Daten nur an Dritte weiter, wenn:<br \/>\n\u2022\u00a0\u00a0\u00a0 Sie Ihre nach Art. 6 Abs. 1 S. 1 lit. a DSGVO ausdr\u00fcckliche Einwilligung dazu erteilt haben,<br \/>\n\u2022\u00a0\u00a0\u00a0 die Weitergabe nach Art. 6 Abs. 1 S. 1 lit. f DSGVO zur Geltendmachung, Aus\u00fcbung oder Verteidigung von Rechtsanspr\u00fcchen erforderlich ist und kein Grund zur Annahme besteht, dass Sie ein \u00fcberwiegendes schutzw\u00fcrdiges Interesse an der Nichtweitergabe Ihrer Daten haben,<br \/>\n\u2022\u00a0\u00a0\u00a0 f\u00fcr den Fall, dass f\u00fcr die Weitergabe nach Art. 6 Abs. 1 S. 1 lit. c DSGVO eine gesetzliche Verpflichtung besteht, sowie<br \/>\n\u2022\u00a0\u00a0\u00a0 dies gesetzlich zul\u00e4ssig und nach Art. 6 Abs. 1 S. 1 lit. b DSGVO f\u00fcr die Abwicklung von Vertragsverh\u00e4ltnissen mit Ihnen erforderlich ist.<\/p>\n<p><strong>MailPoet-Newsletter und E-Mails<\/strong><br \/>\nFalls du unseren Newsletter abonniert hast oder ein Mitglied unserer Website bist (Du kannst dich anmelden) oder auf unserer Website eingekauft hast, besteht eine hohe Wahrscheinlichkeit, dass du E-Mails von uns erh\u00e4ltst.<br \/>\nWir werden dir nur dann E-Mails senden, wenn du dazu eingewilligt hast oder die unsere Dienstleistungen betreffen, die wir dir angeboten haben.<br \/>\nUm dir E-Mails zu senden, benutzen wir den Namen und die E-Mail-Adresse, die du uns angegeben hast. Unsere Website zeichnet die IP-Adresse auf, die du bei der Anmeldung f\u00fcr die Dienstleistung benutzt hast, um Missbrauch zu verhindern.<br \/>\nDie Website kann E-Mails \u00fcber den MailPoet Sending Service versenden. Dieser Dienst erm\u00f6glicht es uns, \u00d6ffnungen und Klicks auf unsere E-Mails aufzuzeichnen. Wir benutzen diese Informationen, um die Inhalte unserer Newsletter zu verbessern.<br \/>\nEs werden au\u00dfer der E-Mail-Adresse keine identifizierbaren Informationen au\u00dferhalb dieser Website aufgezeichnet.<\/p>\n<p><strong>4. Cookies<\/strong><br \/>\nWir setzen auf unserer Seite Cookies ein. Hierbei handelt es sich um kleine Dateien, die Ihr Browser automatisch erstellt und die auf Ihrem Endger\u00e4t (Laptop, Tablet, Smartphone o.\u00e4.) gespeichert werden, wenn Sie unsere Seite besuchen. Cookies richten auf Ihrem Endger\u00e4t keinen Schaden an, enthalten keine Viren, Trojaner oder sonstige Schadsoftware.<br \/>\nIn dem Cookie werden Informationen abgelegt, die sich jeweils im Zusammenhang mit dem spezifisch eingesetzten Endger\u00e4t ergeben. Dies bedeutet jedoch nicht, dass wir dadurch unmittelbar Kenntnis von Ihrer Identit\u00e4t erhalten.<br \/>\nDer Einsatz von Cookies dient einerseits dazu, die Nutzung unseres Angebots f\u00fcr Sie angenehmer zu gestalten. So setzen wir sogenannte Session-Cookies ein, um zu erkennen, dass Sie einzelne Seiten unserer Website bereits besucht haben. Diese werden nach Verlassen unserer Seite automatisch gel\u00f6scht.<br \/>\nDar\u00fcber hinaus setzen wir ebenfalls zur Optimierung der Benutzerfreundlichkeit tempor\u00e4re Cookies ein, die f\u00fcr einen bestimmten festgelegten Zeitraum auf Ihrem Endger\u00e4t gespeichert werden. Besuchen Sie unsere Seite erneut, um unsere Dienste in Anspruch zu nehmen, wird automatisch erkannt, dass Sie bereits bei uns waren und welche Eingaben und Einstellungen sie get\u00e4tigt haben, um diese nicht noch einmal eingeben zu m\u00fcssen.<br \/>\nZum anderen setzten wir Cookies ein, um die Nutzung unserer Website statistisch zu erfassen und zum Zwecke der Optimierung unseres Angebotes f\u00fcr Sie auszuwerten (siehe Ziff. 5). Diese Cookies erm\u00f6glichen es uns, bei einem erneuten Besuch unserer Seite automatisch zu erkennen, dass Sie bereits bei uns waren. Diese Cookies werden nach einer jeweils definierten Zeit automatisch gel\u00f6scht.<br \/>\nDie durch Cookies verarbeiteten Daten sind f\u00fcr die genannten Zwecke zur Wahrung unserer berechtigten Interessen sowie der Dritter nach Art. 6 Abs. 1 S. 1 lit. f DSGVO erforderlich.<br \/>\nDie meisten Browser akzeptieren Cookies automatisch. Sie k\u00f6nnen Ihren Browser jedoch so konfigurieren, dass keine Cookies auf Ihrem Computer gespeichert werden oder stets ein Hinweis erscheint, bevor ein neuer Cookie angelegt wird. Die vollst\u00e4ndige Deaktivierung von Cookies kann jedoch dazu f\u00fchren, dass Sie nicht alle Funktionen unserer Website nutzen k\u00f6nnen.<\/p>\n<p><strong>Unsere Cookie-Richtlinien sind einsehbar unter:<\/strong> <a href=\"https:\/\/berliner-leberring.de\/wp-content\/uploads\/complianz\/snapshots\/Selbsthilfeverein-Berliner-Leberring-e.V.-eu-proof-of-consent-31032021.pdf\" target=\"_new\" rel=\"noopener\"><button><strong>https:\/\/berliner-leberring.de\/wp-content\/uploads\/&#8230;<\/strong><\/button><\/a><\/p>\n<p><strong>5. Analyse-Tools<\/strong><br \/>\nDie im Folgenden aufgef\u00fchrten und von uns eingesetzten Tracking-Ma\u00dfnahmen werden auf Grundlage des Art. 6 Abs. 1 S. 1 lit. f DSGVO durchgef\u00fchrt. Mit den zum Einsatz kommenden Tracking-Ma\u00dfnahmen wollen wir eine bedarfsgerechte Gestaltung und die fortlaufende Optimierung unserer Webseite sicherstellen. Zum anderen setzen wir die Tracking-Ma\u00dfnahmen ein, um die Nutzung unserer Webseite statistisch zu erfassen und zum Zwecke der Optimierung unseres Angebotes f\u00fcr Sie auszuwerten. Diese Interessen sind als berechtigt im Sinne der vorgenannten Vorschrift anzusehen.<br \/>\n<strong>Google Analytics<\/strong><br \/>\nZum Zwecke der bedarfsgerechten Gestaltung und fortlaufenden Optimierung unserer Seiten nutzen wir Google Analytics, ein Webanalysedienst der Google Inc. (https:\/\/www.google.de\/intl\/de\/about\/) (1600 Amphitheatre Parkway, Mountain View, CA 94043, USA; im Folgenden \u201eGoogle\u201c). In diesem Zusammenhang werden pseudonymisierte Nutzungsprofile erstellt und Cookies (siehe unter Ziff. 4) verwendet. Die durch den Cookie erzeugten Informationen \u00fcber Ihre Benutzung dieser Website wie<br \/>\n\u2022\u00a0\u00a0\u00a0 Browser-Typ\/-Version,<br \/>\n\u2022\u00a0\u00a0\u00a0 verwendetes Betriebssystem,<br \/>\n\u2022\u00a0\u00a0\u00a0 Referrer-URL (die zuvor besuchte Seite),<br \/>\n\u2022\u00a0\u00a0\u00a0 Hostname des zugreifenden Rechners (IP-Adresse),<br \/>\n\u2022\u00a0\u00a0\u00a0 Uhrzeit der Serveranfrage,<br \/>\nwerden an einen Server von Google in den USA \u00fcbertragen und dort gespeichert. Die Informationen werden verwendet, um die Nutzung der Website auszuwerten, um Reports \u00fcber die Websiteaktivit\u00e4ten zusammenzustellen und um weitere mit der Websitenutzung und der Internetnutzung verbundene Dienstleistungen zu Zwecken der Marktforschung und bedarfsgerechten Gestaltung dieser Internetseiten zu erbringen. Auch werden diese Informationen gegebenenfalls an Dritte \u00fcbertragen, sofern dies gesetzlich vorgeschrieben ist oder soweit Dritte diese Daten im Auftrag verarbeiten. Es wird in keinem Fall Ihre IP-Adresse mit anderen Daten von Google zusammengef\u00fchrt. Die IP-Adressen werden anonymisiert, so dass eine Zuordnung nicht m\u00f6glich ist (IP-Masking).<br \/>\nSie k\u00f6nnen die Installation der Cookies durch eine entsprechende Einstellung der Browser-Software verhindern; wir weisen jedoch darauf hin, dass in diesem Fall gegebenenfalls nicht s\u00e4mtliche Funktionen dieser Website vollumf\u00e4nglich genutzt werden k\u00f6nnen.<br \/>\nSie k\u00f6nnen dar\u00fcber hinaus die Erfassung der durch das Cookie erzeugten und auf Ihre Nutzung der Website bezogenen Daten (inkl. Ihrer IP-Adresse) sowie die Verarbeitung dieser Daten durch Google verhindern, indem Sie ein Browser-Add-on herunterladen und installieren (https:\/\/tools.google.com\/dlpage\/gaoptout?hl=de).<br \/>\nAlternativ zum Browser-Add-on, insbesondere bei Browsern auf mobilen Endger\u00e4ten, k\u00f6nnen Sie die Erfassung durch Google Analytics zudem verhindern, indem Sie auf diesen Link klicken. Es wird ein Opt-out-Cookie gesetzt, das die zuk\u00fcnftige Erfassung Ihrer Daten beim Besuch dieser Website verhindert. Der Opt-out-Cookie gilt nur in diesem Browser und nur f\u00fcr unsere Website und wird auf Ihrem Ger\u00e4t abgelegt. L\u00f6schen Sie die Cookies in diesem Browser, m\u00fcssen Sie das Opt-out-Cookie erneut setzen.<br \/>\nWeitere Informationen zum Datenschutz im Zusammenhang mit Google Analytics finden Sie etwa in der Google Analytics-Hilfe (<a class=\"external-link-new-window\" title=\"Opens external link in new window\" href=\"https:\/\/support.google.com\/analytics\/answer\/6004245?hl=de\" target=\"_blank\" rel=\"noopener\">https:\/\/support.google.com\/analytics\/answer\/6004245?hl=de<\/a>).<\/p>\n<p><strong>Datenschutzerkl\u00e4rung f\u00fcr die Nutzung von Matomo-Webanalytics<\/strong><\/p>\n<p>Diese Website nutzt Funktionen des Webanalysetools Matomo. Matomo verwendet sog. &#8220;Cookies&#8221;. Das sind Textdateien, die auf Ihrem Computer gespeichert werden und die eine Analyse der Benutzung der Website durch Sie erm\u00f6glichen. Die durch den Cookie erzeugten Informationen \u00fcber Ihre Benutzung dieser Website werden an den Server des Berliner Leberring e.V. in Deutschland \u00fcbertragen und dort gespeichert.<br \/>\n<strong>Durch die IP-Anonymisierung auf dieser Webseite wird Ihre IP-Adresse von Matomo zuvor gek\u00fcrzt.<\/strong><br \/>\nSie k\u00f6nnen die Speicherung der Cookies durch eine entsprechende Einstellung Ihrer Browser-Software verhindern; wir weisen Sie jedoch darauf hin, dass Sie in diesem Fall gegebenenfalls nicht s\u00e4mtliche Funktionen dieser Website vollumf\u00e4nglich werden nutzen k\u00f6nnen. Sie k\u00f6nnen dar\u00fcber hinaus die Erfassung der durch das Cookie erzeugten und auf Ihre Nutzung der Website bezogenen Daten (inkl. Ihrer IP-Adresse) an den Berliner Leberring e.V. sowie die Verarbeitung dieser Daten verhindern, indem sie das unten stehende Fenster nutzen:<br \/>\n<iframe\n        style=\"border: 0; height: 200px; width: 600px;\"\n        src=\"https:\/\/piwik.berliner-leberring.de\/index.php?module=CoreAdminHome&#038;action=optOut&#038;language=de&#038;backgroundColor=&#038;fontColor=&#038;fontSize=&#038;fontFamily=\"\n        ><\/iframe><\/p>\n<p><strong>6. Social Media Plug-ins<\/strong><br \/>\nWir setzen auf unserer Website auf Grundlage des Art. 6 Abs. 1 S. 1 lit. f DSGVO Social Plug-ins des sozialen Netzwerks Facebook ein, um unseren Verein hier\u00fcber bekannter zu machen. Der dahinterstehende werbliche Zweck ist als berechtigtes Interesse im Sinne der DSGVO anzusehen. Die Verantwortung f\u00fcr den datenschutzkonformen Betrieb ist durch den Anbieter zu gew\u00e4hrleisten. Die Einbindung dieses Plug-ins durch uns erfolgt im Wege der sogenannten Zwei-Klick-Methode um Besucher unserer Webseite bestm\u00f6glich zu sch\u00fctzen.<br \/>\n<strong>Facebook<\/strong><br \/>\nAuf unserer Website kommen Social-Media Plugins von Facebook zum Einsatz, um deren Nutzung pers\u00f6nlicher zu gestalten. Hierf\u00fcr nutzen wir den \u201eLIKE\u201c oder \u201eTEILEN\u201c-Button. Es handelt sich dabei um ein Angebot von Facebook.<br \/>\nWenn Sie eine Seite unseres Webauftritts aufrufen, die ein solches Plugin enth\u00e4lt, baut Ihr Browser eine direkte Verbindung mit den Servern von Facebook auf. Der Inhalt des Plugins wird von Facebook direkt an Ihren Browser \u00fcbermittelt und von diesem in die Webseite eingebunden.<br \/>\nDurch die Einbindung der Plugins erh\u00e4lt Facebook die Information, dass Ihr Browser die entsprechende Seite unseres Webauftritts aufgerufen hat, auch wenn Sie kein Facebook-Konto besitzen oder gerade nicht bei Facebook eingeloggt sind. Diese Information (einschlie\u00dflich Ihrer IP-Adresse) wird von Ihrem Browser direkt an einen Server von Facebook in den USA \u00fcbermittelt und dort gespeichert.<br \/>\nSind Sie bei Facebook eingeloggt, kann Facebook den Besuch unserer Website Ihrem Facebook-Konto direkt zuordnen. Wenn Sie mit den Plugins interagieren, zum Beispiel den \u201eLIKE\u201c oder \u201eTEILEN\u201c-Button bet\u00e4tigen, wird die entsprechende Information ebenfalls direkt an einen Server von Facebook \u00fcbermittelt und dort gespeichert. Die Informationen werden zudem auf Facebook ver\u00f6ffentlicht und Ihren Facebook-Freunden angezeigt.<br \/>\nFacebook kann diese Informationen zum Zwecke der Werbung, Marktforschung und bedarfsgerechten Gestaltung der Facebook-Seiten benutzen. Hierzu werden von Facebook Nutzungs-, Interessen- und Beziehungsprofile erstellt, z. B. um Ihre Nutzung unserer Website im Hinblick auf die Ihnen bei Facebook eingeblendeten Werbeanzeigen auszuwerten, andere Facebook-Nutzer \u00fcber Ihre Aktivit\u00e4ten auf unserer Website zu informieren und um weitere mit der Nutzung von Facebook verbundene Dienstleistungen zu erbringen.<br \/>\nWenn Sie nicht m\u00f6chten, dass Facebook die \u00fcber unseren Webauftritt gesammelten Daten Ihrem Facebook-Konto zuordnet, m\u00fcssen Sie sich vor Ihrem Besuch unserer Website bei Facebook ausloggen.<br \/>\nZweck und Umfang der Datenerhebung und die weitere Verarbeitung und Nutzung der Daten durch Facebook sowie Ihre diesbez\u00fcglichen Rechte und Einstellungsm\u00f6glichkeiten zum Schutz Ihrer Privatsph\u00e4re entnehmen Sie bitte den Datenschutzhinweisen (<a class=\"external-link-new-window\" title=\"Opens external link in new window\" href=\"https:\/\/www.facebook.com\/about\/privacy\/\" target=\"_blank\" rel=\"noopener\">https:\/\/www.facebook.com\/about\/privacy\/<\/a>) von Facebook.<\/p>\n<p><strong>YouTube<\/strong><br \/>\nUnsere Website nutzt Plugins der von Google betriebenen Seite YouTube. Betreiber der Seiten ist die YouTube, LLC, 901 Cherry Ave., San Bruno, CA 94066, USA. Wenn Sie eine unserer mit einem YouTube- Plugin ausgestatteten Seiten besuchen, wird eine Verbindung zu den Servern von YouTube hergestellt. Dabei wird dem Youtube-Server mitgeteilt, welche unserer Seiten Sie besucht haben.<br \/>\nWenn Sie in Ihrem YouTube-Account eingeloggt sind erm\u00f6glichen Sie YouTube, Ihr Surfverhalten direkt Ihrem pers\u00f6nlichen Profil zuzuordnen. Dies k\u00f6nnen Sie verhindern, indem Sie sich aus Ihrem YouTube-Account ausloggen oder Sie verwenden diesen Opt-Out: <a href=\"https:\/\/adssettings.google.com\/authenticated\" title=\"https:\/\/adssettings.google.com\/authenticated\" rel=\"noopener nofollow\" target=\"_blank\">https:\/\/adssettings.google.com\/authenticated<\/a>.<br \/>\nWeitere Informationen zum Umgang von Nutzerdaten finden Sie in der Datenschutzerkl\u00e4rung von YouTube unter: <a href=\"https:\/\/www.google.de\/intl\/de\/policies\/privacy\" title=\"https:\/\/www.google.de\/intl\/de\/policies\/privacy\" rel=\"noopener nofollow\" target=\"_blank\">https:\/\/www.google.de\/intl\/de\/policies\/privacy<\/a><\/p>\n<p><strong>7. Nutzung von Bezahldiensten<\/strong><br \/>\n<strong>PayPal<\/strong><\/p>\n<p>Wenn Sie sich im Rahmen einer Produktanforderung oder Registrierung f\u00fcr PayPal zur Zahlungsabwicklung entscheiden, so erheben und verarbeiten wir:<br \/>\ndie Transaktions ID,<br \/>\nIhre E-Mail-Adresse, mit der Sie bei PayPal registriert sind,<br \/>\nden Betrag.<br \/>\nDiese Daten verarbeiten wir allein f\u00fcr den Zweck der Abwicklung der Zahlung (Art. 6 Abs. 1 lit. a DS-GVO). Bitte beachten Sie, dass f\u00fcr die Datenverarbeitung, welche bei der Zahlung \u00fcber PayPal stattfindet, allein der Betreiber dieses Dienstes, die PayPal (Europe) S.\u00e0 r.l. et Cie, S.C.A. 22-24 Boulevard Royal, 2449 Luxemburg verantwortlich ist. F\u00fcr die Zahlung \u00fcber PayPal m\u00fcssen Sie sich mit Ihren Zugangsdaten in Ihrem Benutzerkonto bei PayPal anmelden. Informationen dazu, wie PayPal mit personenbezogenen Daten umgeht, erhalten Sie in der Datenschutzerkl\u00e4rung <a href=\"https:\/\/www.paypal.com\/de\/webapps\/mpp\/ua\/privacy-prev\" title=\"https:\/\/www.paypal.com\/de\/webapps\/mpp\/ua\/privacy-prev\" rel=\"noopener nofollow\" target=\"_blank\">https:\/\/www.paypal.com\/de\/webapps\/mpp\/ua\/privacy-prev<\/a> des Dienstes.<\/p>\n<p><strong>8. Betroffenenrechte<\/strong><br \/>\nSie haben das Recht:<\/p>\n<ul>\n<li>gem\u00e4\u00df Art. 15 DSGVO Auskunft \u00fcber Ihre von uns verarbeiteten personenbezogenen Daten zu verlangen. Insbesondere k\u00f6nnen Sie Auskunft \u00fcber die Verarbeitungszwecke, die Kategorie der personenbezogenen Daten, die Kategorien von Empf\u00e4ngern, gegen\u00fcber denen Ihre Daten offengelegt wurden oder werden, die geplante Speicherdauer, das Bestehen eines Rechts auf Berichtigung, L\u00f6schung, Einschr\u00e4nkung der Verarbeitung oder Widerspruch, das Bestehen eines Beschwerderechts, die Herkunft ihrer Daten, sofern diese nicht bei uns erhoben wurden, sowie \u00fcber das Bestehen einer automatisierten Entscheidungsfindung einschlie\u00dflich Profiling und ggf. aussagekr\u00e4ftigen Informationen zu deren Einzelheiten verlangen;<\/li>\n<li>gem\u00e4\u00df Art. 16 DSGVO unverz\u00fcglich die Berichtigung unrichtiger oder Vervollst\u00e4ndigung Ihrer bei uns gespeicherten personenbezogenen Daten zu verlangen;<\/li>\n<li>gem\u00e4\u00df Art. 17 DSGVO die L\u00f6schung Ihrer bei uns gespeicherten personenbezogenen Daten zu verlangen, soweit nicht die Verarbeitung zur Aus\u00fcbung des Rechts auf freie Meinungs\u00e4u\u00dferung und Information, zur Erf\u00fcllung einer rechtlichen Verpflichtung, aus Gr\u00fcnden des \u00f6ffentlichen Interesses oder zur Geltendmachung, Aus\u00fcbung oder Verteidigung von Rechtsanspr\u00fcchen erforderlich ist;<\/li>\n<li>gem\u00e4\u00df Art. 18 DSGVO die Einschr\u00e4nkung der Verarbeitung Ihrer personenbezogenen Daten zu verlangen, soweit die Richtigkeit der Daten von Ihnen bestritten wird, die Verarbeitung unrechtm\u00e4\u00dfig ist, Sie aber deren L\u00f6schung ablehnen und wir die Daten nicht mehr ben\u00f6tigen, Sie jedoch diese zur Geltendmachung, Aus\u00fcbung oder Verteidigung von Rechtsanspr\u00fcchen ben\u00f6tigen oder Sie gem\u00e4\u00df Art. 21 DSGVO Widerspruch gegen die Verarbeitung eingelegt haben;<\/li>\n<li>gem\u00e4\u00df Art. 20 DSGVO Ihre personenbezogenen Daten, die Sie uns bereitgestellt haben, in einem strukturierten, g\u00e4ngigen und maschinenlesebaren Format zu erhalten oder die \u00dcbermittlung an einen anderen Verantwortlichen zu verlangen;<\/li>\n<li>gem\u00e4\u00df Art. 7 Abs. 3 DSGVO Ihre einmal erteilte Einwilligung jederzeit gegen\u00fcber uns zu widerrufen. Dies hat zur Folge, dass wir die Datenverarbeitung, die auf dieser Einwilligung beruhte, f\u00fcr die Zukunft nicht mehr fortf\u00fchren d\u00fcrfen und<\/li>\n<li>gem\u00e4\u00df Art. 77 DSGVO sich bei einer Aufsichtsbeh\u00f6rde zu beschweren. In der Regel k\u00f6nnen Sie sich hierf\u00fcr an die Aufsichtsbeh\u00f6rde Ihres \u00fcblichen Aufenthaltsortes oder Arbeitsplatzes oder unseres Unternehmenssitzes wenden.<\/li>\n<\/ul>\n<p><strong>9. Widerspruchsrecht<\/strong><br \/>\nSofern Ihre personenbezogenen Daten auf Grundlage von berechtigten Interessen gem\u00e4\u00df Art. 6 Abs. 1 S. 1 lit. f DSGVO verarbeitet werden, haben Sie das Recht, gem\u00e4\u00df Art. 21 DSGVO Widerspruch gegen die Verarbeitung Ihrer personenbezogenen Daten einzulegen, soweit daf\u00fcr Gr\u00fcnde vorliegen, die sich aus Ihrer besonderen Situation ergeben oder sich der Widerspruch gegen Direktwerbung richtet. Im letzteren Fall haben Sie ein generelles Widerspruchsrecht, das ohne Angabe einer besonderen Situation von uns umgesetzt wird.<br \/>\nM\u00f6chten Sie von Ihrem Widerrufs- oder Widerspruchsrecht Gebrauch machen, gen\u00fcgt eine E-Mail an info@dghs.de.<\/p>\n<p><strong>10. Datensicherheit\u00a0<\/strong><br \/>\nPers\u00f6nliche Daten werden regelm\u00e4\u00dfig mit einer sicheren SSL-Verbindung \u00fcbermittelt und verschl\u00fcsselt unter Verwendung des SSL-Verfahrens \u00fcber das Internet \u00fcbertragen. Mit der SSL-Verschl\u00fcsselung werden pers\u00f6nlichen Daten vor fremdem Zugriff gesch\u00fctzt. SSL (Secure Socket Layer) ist ein Protokoll zur Verschl\u00fcsselung von Nachrichten im Internet, das besonders hohe Sicherheit bei der Daten\u00fcbertragung bietet.<br \/>\nWir bedienen uns im \u00dcbrigen geeigneter technischer und organisatorischer Sicherheitsma\u00dfnahmen, um Ihre Daten gegen zuf\u00e4llige oder vors\u00e4tzliche Manipulationen, teilweisen oder vollst\u00e4ndigen Verlust, Zerst\u00f6rung oder gegen den unbefugten Zugriff Dritter zu sch\u00fctzen. Unsere Sicherheitsma\u00dfnahmen werden entsprechend der technologischen Entwicklung fortlaufend verbessert.<\/p>\n<p><strong>11. Aktualit\u00e4t und \u00c4nderung dieser Datenschutzerkl\u00e4rung<\/strong><br \/>\nDiese Datenschutzerkl\u00e4rung ist aktuell g\u00fcltig und hat den Stand Mai 2018. Durch die Weiterentwicklung unserer Website und Angebote dar\u00fcber oder aufgrund ge\u00e4nderter gesetzlicher beziehungsweise beh\u00f6rdlicher Vorgaben kann es notwendig werden, diese Datenschutzerkl\u00e4rung zu \u00e4ndern. Die jeweils aktuelle Datenschutzerkl\u00e4rung kann jederzeit auf der Website unter http:\/\/berliner-leberring.de\/datenschutz\/\u00a0 von Ihnen abgerufen und ausgedruckt werden.<\/p>\n<p><strong>12. Umfang und \u00c4nderungen dieser Datenschutzerkl\u00e4rung<\/strong><\/p>\n<p>Diese Datenschutzerkl\u00e4rung gilt ausschlie\u00dflich f\u00fcr die Nutzung der von uns angebotenen Internetseiten. Sie gilt nicht f\u00fcr die Internetseiten anderer Diensteanbieter, auf die wir lediglich durch einen Link verweisen. F\u00fcr fremde mit unserem Internetauftritt nicht im Zusammenhang stehenden Erkl\u00e4rungen und Richtlinien \u00fcbernehmen wir keine Verantwortung und Haftung.<\/p>\n<p>Wir behalten uns das Recht vor, die vorstehenden Datenschutzbestimmungen von Zeit zu Zeit entsprechend k\u00fcnftiger \u00c4nderungen hinsichtlich der Erhebung und Verarbeitung von personenbezogenen Daten anzupassen.<\/p>\n<p><em>Stand:<\/em> 16.03.2021<\/p><\/p>\n","protected":false},"excerpt":{"rendered":"<p>Datenschutzerkl\u00e4rung 1. Name und Kontaktdaten des f\u00fcr die Verarbeitung Verantwortlichen\u00a0 Berliner Leberring e.V. c\/o Charit\u00e9 Campus Benjamin Franklin Post: Hindenburgdamm 30 12203 Berlin Eingang: Klingsorstr. 107 Haus III, 1. OG rechts Tel. 030 83 22 67 75 Fax 030 74 92 44 07 E-Mail: kontakt@berliner-leberring.de Vertreten durch: Sabine von Wegerer (Vorstandsvorsitzende) 2. Erhebung und Speicherung [&hellip;]<\/p>\n","protected":false},"author":13,"featured_media":0,"parent":0,"menu_order":0,"comment_status":"closed","ping_status":"closed","template":"","meta":{"footnotes":""},"class_list":["post-3392","page","type-page","status-publish","czr-hentry"],"translation":{"provider":"WPGlobus","version":"3.0.2","language":"en","enabled_languages":["de","en"],"languages":{"de":{"title":true,"content":true,"excerpt":false},"en":{"title":false,"content":false,"excerpt":false}}},"_links":{"self":[{"href":"https:\/\/berliner-leberring.de\/en\/wp-json\/wp\/v2\/pages\/3392","targetHints":{"allow":["GET"]}}],"collection":[{"href":"https:\/\/berliner-leberring.de\/en\/wp-json\/wp\/v2\/pages"}],"about":[{"href":"https:\/\/berliner-leberring.de\/en\/wp-json\/wp\/v2\/types\/page"}],"author":[{"embeddable":true,"href":"https:\/\/berliner-leberring.de\/en\/wp-json\/wp\/v2\/users\/13"}],"replies":[{"embeddable":true,"href":"https:\/\/berliner-leberring.de\/en\/wp-json\/wp\/v2\/comments?post=3392"}],"version-history":[{"count":22,"href":"https:\/\/berliner-leberring.de\/en\/wp-json\/wp\/v2\/pages\/3392\/revisions"}],"predecessor-version":[{"id":4418,"href":"https:\/\/berliner-leberring.de\/en\/wp-json\/wp\/v2\/pages\/3392\/revisions\/4418"}],"wp:attachment":[{"href":"https:\/\/berliner-leberring.de\/en\/wp-json\/wp\/v2\/media?parent=3392"}],"curies":[{"name":"wp","href":"https:\/\/api.w.org\/{rel}","templated":true}]}}