{"id":348,"date":"2013-06-21T06:54:36","date_gmt":"2013-06-21T06:54:36","guid":{"rendered":"http:\/\/berliner-leberring.de\/?page_id=348"},"modified":"2024-04-04T17:55:37","modified_gmt":"2024-04-04T15:55:37","slug":"mitgliedschaften","status":"publish","type":"page","link":"https:\/\/berliner-leberring.de\/en\/wir-ueber-uns\/mitgliedschaften\/","title":{"rendered":"Mitgliedschaften"},"content":{"rendered":"<hr \/>\n<p><a href=\"http:\/\/www.deutsche-leberstiftung.de\/\" target=\"_blank\" rel=\"noopener\"><img loading=\"lazy\" decoding=\"async\" style=\"border: 1px solid black;\" title=\"Deutsche Leberstiftung\" src=\"http:\/\/berliner-leberring.de\/wp-content\/uploads\/2015\/01\/blr-dls-2015.jpg\" alt=\"alt\" width=\"175\" height=\"257\" \/><\/a> <strong><a title=\"Deutsche Leberstiftung\" href=\"http:\/\/www.deutsche-leberstiftung.de\/\" target=\"_blank\" rel=\"noopener\">Deutsche Leberstiftung<\/a><\/strong><br \/>\nWir sind seit 2009 assoziiertes Mitglied in der Deutschen Leberstiftung und k\u00f6nnen dadurch stets unsere Mitglieder \u00fcber den neuesten Stand der Forschung sowie \u00fcber neue Therapieoptionen unterrichten. Au\u00dferdem k\u00f6nnen wir st\u00e4ndig auf die Kompetenz der assozziierten \u00c4rzte zur\u00fcckgreifen.<\/p>\n<hr \/>\n<p><a href=\"http:\/\/www.der-paritaetische.de\/\" target=\"_blank\" rel=\"noopener\"><img loading=\"lazy\" decoding=\"async\" style=\"border: 1px solid black;\" title=\"Deutscher Parit\u00e4tischer Wohlfahrtsverband\" src=\"http:\/\/berliner-leberring.de\/wp-content\/uploads\/2013\/06\/blr-pari-wohlfahrtsverband.jpg\" alt=\"alt\" width=\"175\" height=\"257\" \/><\/a> <a title=\"Deutscher Parit\u00e4tischer Wohlfahrtsverband\" href=\"http:\/\/www.der-paritaetische.de\/\" target=\"_blank\" rel=\"noopener\"><strong>Deutscher Parit\u00e4tischer Wohlfahrtsverband<\/strong><\/a><br \/>\nWir sind seit 2007 Mitglied im Parit\u00e4tischen Wohlfahrtsverband, wodurch wir Zugang zu vielen Fortbildungsveranstaltungen haben und in Arbeitskreisen t\u00e4tig sein k\u00f6nnen. Au\u00dferdem erhalten wir bei Bedarf umfassend Auskunft bei Rechtsfragen und anderen relevanten Themen.<\/p>\n<hr \/>\n<p><strong><a title=\"Landesvereinigung Selbsthilfe Berlin e.V.\" href=\"http:\/\/lv-selbsthilfe-berlin.de\/\" target=\"_blank\" rel=\"noopener\">Landesvereinigung Selbsthilfe Berlin e.V.<\/a><\/strong><br \/>\nDie LV Selbsthilfe Berlin &#8211; vormals LAGH Berlin &#8211; ist der Dachverband der Berliner Behindertenselbsthilfe. Sie besteht derzeit aus 61 Vereinen und Stiftungen, in denen sich ca. 20.000 Menschen mit Behinderungen und chronischen Erkrankungen sowie deren Eltern, Angeh\u00f6rige und Freunde im Geiste der Selbsthilfe zusammengeschlossen haben. Die Landesvereinigung Selbsthilfe Berlin e.V. vertritt die gemeinsamen Interessen der behinderten Menschen gegen\u00fcber Politik, Verwaltung und \u00d6ffentlichkeit, sind Ansprechpartner f\u00fcr Senat und Abgeordnetenhaus in behindertenpolitischen Fragen, kl\u00e4ren die Mitmenschen \u00fcber Probleme und Bed\u00fcrfnisse behinderter Menschen auf, informieren \u00fcber wichtige behindertenpolitische Ereignisse und f\u00fchren verbands\u00fcbergreifende Veranstaltungen durch.<\/p>\n<hr \/>\n<p><img decoding=\"async\" src=\"https:\/\/berliner-leberring.de\/wp-content\/uploads\/2021\/05\/achse_logo.png\" \/><br \/>\n<a href=\"https:\/\/www.achse-online.de\/de\/\" target=\"_blank\" rel=\"noopener\">https:\/\/www.achse-online.de\/de\/<\/a><br \/>\nDie Allianz Chronischer Seltener Erkrankungen e.V. &#8211; kurz ACHSE &#8211; wurde 2004 gegr\u00fcndet. Sie ist der Dachverband von und f\u00fcr Menschen mit chronischen seltenen Erkrankungen und deren Angeh\u00f6rige in Deutschland. Mit ihren mehr als 120 Patientenorganisationen b\u00fcndelt die ACHSE Expertise und Wissen im Bereich Seltene Erkrankungen und vertritt die Interessen aller Betroffenen in Politik und Gesellschaft, in Medizin, Wissenschaft und Forschung.<\/p>\n<hr \/>\n<h6><a href=\"https:\/\/berliner-leberring.de\/wp-content\/uploads\/2023\/02\/Netzwerk_Logo_Mitgl_CMYK.jpg\" target=\"_blank\" rel=\"noopener\"><img loading=\"lazy\" decoding=\"async\" class=\"alignleft wp-image-5263 size-medium\" src=\"https:\/\/berliner-leberring.de\/wp-content\/uploads\/2023\/02\/Netzwerk_Logo_Mitgl_CMYK-300x114.jpg\" alt=\"\" width=\"300\" height=\"114\" srcset=\"https:\/\/berliner-leberring.de\/wp-content\/uploads\/2023\/02\/Netzwerk_Logo_Mitgl_CMYK-300x114.jpg 300w, https:\/\/berliner-leberring.de\/wp-content\/uploads\/2023\/02\/Netzwerk_Logo_Mitgl_CMYK-768x291.jpg 768w, https:\/\/berliner-leberring.de\/wp-content\/uploads\/2023\/02\/Netzwerk_Logo_Mitgl_CMYK.jpg 830w\" sizes=\"auto, (max-width: 300px) 100vw, 300px\" \/><\/a><\/h6>\n<p>Das <strong>Netzwerk Selbsthilfefreundlichkeit und Patientenorientierung im Gesundheitswesen<\/strong> (SPiG) ist eine Einrichtung der Deutschen Arbeitsgemeinschaft Selbsthilfegruppen e.V. (DAG SHG). Im Netzwerk Selbsthilfefreundlichkeit und Patientenorientierung im Gesundheitswesen haben sich seit 2009 Gesundheitseinrichtungen, Organisationen und Privatpersonen zusammengeschlossen, die eine Idee eint: Die Zusammenarbeit mit Selbsthilfegruppen f\u00f6rdert das patientenorientierte Handeln von Gesundheitseinrichtungen! <a href=\"https:\/\/www.selbsthilfefreundlichkeit.de\/\" target=\"_blank\" rel=\"noopener\">https:\/\/www.selbsthilfefreundlichkeit.de\/<\/a><\/p>\n<p><center><a href=\"#top\">Nach oben<\/a><\/center><\/p>\n","protected":false},"excerpt":{"rendered":"<p>Deutsche Leberstiftung Wir sind seit 2009 assoziiertes Mitglied in der Deutschen Leberstiftung und k\u00f6nnen dadurch stets unsere Mitglieder \u00fcber den neuesten Stand der Forschung sowie \u00fcber neue Therapieoptionen unterrichten. Au\u00dferdem k\u00f6nnen wir st\u00e4ndig auf die Kompetenz der assozziierten \u00c4rzte zur\u00fcckgreifen. Deutscher Parit\u00e4tischer Wohlfahrtsverband Wir sind seit 2007 Mitglied im Parit\u00e4tischen Wohlfahrtsverband, wodurch wir Zugang zu [&hellip;]<\/p>\n","protected":false},"author":3,"featured_media":0,"parent":339,"menu_order":3,"comment_status":"closed","ping_status":"closed","template":"","meta":{"footnotes":""},"class_list":["post-348","page","type-page","status-publish","czr-hentry"],"translation":{"provider":"WPGlobus","version":"3.0.2","language":"en","enabled_languages":["de","en"],"languages":{"de":{"title":true,"content":true,"excerpt":false},"en":{"title":false,"content":false,"excerpt":false}}},"_links":{"self":[{"href":"https:\/\/berliner-leberring.de\/en\/wp-json\/wp\/v2\/pages\/348","targetHints":{"allow":["GET"]}}],"collection":[{"href":"https:\/\/berliner-leberring.de\/en\/wp-json\/wp\/v2\/pages"}],"about":[{"href":"https:\/\/berliner-leberring.de\/en\/wp-json\/wp\/v2\/types\/page"}],"author":[{"embeddable":true,"href":"https:\/\/berliner-leberring.de\/en\/wp-json\/wp\/v2\/users\/3"}],"replies":[{"embeddable":true,"href":"https:\/\/berliner-leberring.de\/en\/wp-json\/wp\/v2\/comments?post=348"}],"version-history":[{"count":16,"href":"https:\/\/berliner-leberring.de\/en\/wp-json\/wp\/v2\/pages\/348\/revisions"}],"predecessor-version":[{"id":5670,"href":"https:\/\/berliner-leberring.de\/en\/wp-json\/wp\/v2\/pages\/348\/revisions\/5670"}],"up":[{"embeddable":true,"href":"https:\/\/berliner-leberring.de\/en\/wp-json\/wp\/v2\/pages\/339"}],"wp:attachment":[{"href":"https:\/\/berliner-leberring.de\/en\/wp-json\/wp\/v2\/media?parent=348"}],"curies":[{"name":"wp","href":"https:\/\/api.w.org\/{rel}","templated":true}]}}