{"id":351,"date":"2013-06-21T06:57:35","date_gmt":"2013-06-21T06:57:35","guid":{"rendered":"http:\/\/berliner-leberring.de\/?page_id=351"},"modified":"2025-04-22T14:54:49","modified_gmt":"2025-04-22T12:54:49","slug":"informationsbroschueren","status":"publish","type":"page","link":"https:\/\/berliner-leberring.de\/en\/wir-ueber-uns\/informationsbroschueren\/","title":{"rendered":"Informationsbrosch\u00fcren"},"content":{"rendered":"<p><strong>Bestellliste<\/strong><\/p>\n<p>Wir verf\u00fcgen \u00fcber ein umfangreiches Sortiment an Brosch\u00fcren und weiterem Informationsmaterial zu Lebererkrankungen, das Sie bei uns anfordern k\u00f6nnen.<\/p>\n<p><span style=\"color: #339966;\"><strong><span style=\"color: #000000;\">Die Bestellliste k\u00f6nnen Sie<\/span> <a href=\"https:\/\/berliner-leberring.de\/wp-content\/uploads\/2023\/07\/Bestellliste-BLR-Flyer-07.2023-.pdf\" target=\"_blank\" rel=\"noopener\"><span style=\"color: #339966;\">hier herunterladen <\/span><\/a><\/strong><\/span><strong>\u00a0und ausdrucken.<br \/>\nWir schicken Ihnen die Liste auch gern zu, bitte unter<span style=\"color: #339966;\">\u00a0 <a href=\"mailto:kontakt@berliner-leberring.de\" target=\"_blank\" rel=\"noopener noreferrer\">kontakt@berliner-leberring.de <\/a><\/span>oder Telefon <span style=\"color: #339966;\">030 83 22 67 75<\/span> anfordern.<\/strong><\/p>\n<hr \/>\n<p><strong>Sozialrechtflyer<\/strong><\/p>\n<p>Der <em>Berliner Leberring e.V.<\/em> bietet Beratungen im Renten- und Sozialrecht an. Gr\u00f6\u00dfere Mengen von entsprechenden Flyern zum Auslegen oder Verteilen &#8211; zum Beispiel in Praxen &#8211; k\u00f6nnen Sie gerne bei uns bestellen. Den <a title=\"Sozialrechtflyer\" href=\"http:\/\/berliner-leberring.de\/wp-content\/uploads\/2015\/04\/Flyer-Sozialrecht-2015.pdf\" target=\"_blank\" rel=\"noopener noreferrer\">Sozialrechtflyer<\/a> mit detaillierten Informationen finden Sie in der PDF-Anlage.<\/p>\n<hr \/>\n<p><strong>Vereinsbrosch\u00fcre<\/strong><br \/>\nDie <a href=\"http:\/\/berliner-leberring.de\/wp-content\/uploads\/2013\/06\/Vereinsbroschuere-16.06.15.pdf\">Vereinsbrosch\u00fcre <\/a>oder unsere <a href=\"http:\/\/berliner-leberring.de\/wp-content\/uploads\/2013\/06\/01-Flyer-Verein-2015-04.pdf\">Vereinsflyer <\/a>des <em>Berliner Leberring e.V.<\/em> senden wir Ihnen gerne auf Anfrage per Post zu, Sie k\u00f6nnen sich diese aber auch selbst im PDF-Format herunterladen.<\/p>\n<hr \/>\n<h6><\/h6>\n<p><center><a href=\"#top\">Nach oben<\/a><\/center><\/p>\n","protected":false},"excerpt":{"rendered":"<p>Bestellliste Wir verf\u00fcgen \u00fcber ein umfangreiches Sortiment an Brosch\u00fcren und weiterem Informationsmaterial zu Lebererkrankungen, das Sie bei uns anfordern k\u00f6nnen. Die Bestellliste k\u00f6nnen Sie hier herunterladen \u00a0und ausdrucken. Wir schicken Ihnen die Liste auch gern zu, bitte unter\u00a0 kontakt@berliner-leberring.de oder Telefon 030 83 22 67 75 anfordern. Sozialrechtflyer Der Berliner Leberring e.V. bietet Beratungen im [&hellip;]<\/p>\n","protected":false},"author":3,"featured_media":0,"parent":339,"menu_order":4,"comment_status":"closed","ping_status":"closed","template":"","meta":{"footnotes":""},"class_list":["post-351","page","type-page","status-publish","czr-hentry"],"translation":{"provider":"WPGlobus","version":"3.0.2","language":"en","enabled_languages":["de","en"],"languages":{"de":{"title":true,"content":true,"excerpt":false},"en":{"title":false,"content":false,"excerpt":false}}},"_links":{"self":[{"href":"https:\/\/berliner-leberring.de\/en\/wp-json\/wp\/v2\/pages\/351","targetHints":{"allow":["GET"]}}],"collection":[{"href":"https:\/\/berliner-leberring.de\/en\/wp-json\/wp\/v2\/pages"}],"about":[{"href":"https:\/\/berliner-leberring.de\/en\/wp-json\/wp\/v2\/types\/page"}],"author":[{"embeddable":true,"href":"https:\/\/berliner-leberring.de\/en\/wp-json\/wp\/v2\/users\/3"}],"replies":[{"embeddable":true,"href":"https:\/\/berliner-leberring.de\/en\/wp-json\/wp\/v2\/comments?post=351"}],"version-history":[{"count":33,"href":"https:\/\/berliner-leberring.de\/en\/wp-json\/wp\/v2\/pages\/351\/revisions"}],"predecessor-version":[{"id":6040,"href":"https:\/\/berliner-leberring.de\/en\/wp-json\/wp\/v2\/pages\/351\/revisions\/6040"}],"up":[{"embeddable":true,"href":"https:\/\/berliner-leberring.de\/en\/wp-json\/wp\/v2\/pages\/339"}],"wp:attachment":[{"href":"https:\/\/berliner-leberring.de\/en\/wp-json\/wp\/v2\/media?parent=351"}],"curies":[{"name":"wp","href":"https:\/\/api.w.org\/{rel}","templated":true}]}}