{"id":369,"date":"2013-06-21T07:26:43","date_gmt":"2013-06-21T07:26:43","guid":{"rendered":"http:\/\/berliner-leberring.de\/?page_id=369"},"modified":"2020-06-30T14:49:08","modified_gmt":"2020-06-30T14:49:08","slug":"bibliothek","status":"publish","type":"page","link":"https:\/\/berliner-leberring.de\/en\/beratungsstelle\/bibliothek\/","title":{"rendered":"Bibliothek"},"content":{"rendered":"<p><strong><img loading=\"lazy\" decoding=\"async\" style=\"border: 1px solid black;\" title=\"Unsere Bibliothek\" src=\"http:\/\/berliner-leberring.de\/wp-content\/uploads\/2013\/06\/blr-bibliothek.jpg\" alt=\"alt\" width=\"300\" height=\"400\" \/><\/strong><\/p>\n<h2><strong>Hier finden Sie informativen Lesestoff <\/strong><\/h2>\n<p>Unsere Bibliothek befindet sich im Gruppenraum und dient als Information hinsichtlich des Verlaufs der Infektionswege und der Therapiem\u00f6glichkeiten bei Lebererkrankungen. St\u00f6bern Sie in unserer Bibliothek. Sicher ist auch f\u00fcr Sie etwas Interessantes zum Ausleihen dabei. Es stehen f\u00fcr Sie derzeit mehr als 300 B\u00fccher zu folgenden Themen zur Verf\u00fcgung: Krebs, Naturheilkunde, Ern\u00e4hrung, Heilkunde, Hepatitis, Krankheiten, Allgemeines.<\/p>\n<hr \/>\n<p>Sind Sie im Besitz von B\u00fcchern oder Videos, die Sie dem <em>Berliner Leberring e.V.<\/em> als Spende oder auch als Dauerleihgabe zur Verf\u00fcgung stellen k\u00f6nnen? Dann w\u00fcrden wir uns sehr freuen, auch diese den Betroffenen und Interessierten in unserer Bibliothek anbieten zu k\u00f6nnen. Die uns interessierenden Themen erstrecken sich vom Medizinischen \u00fcber Gesundheit bis hin zur Ern\u00e4hrung. Aber auch andere B\u00fccher, die f\u00fcr Betroffene von Interesse sein k\u00f6nnten, sind uns sehr willkommen.<\/p>\n<p><strong>Je gr\u00f6\u00dfer die Bibliothek wird, desto interessanter wird sie!<\/strong><\/p>\n<p>&nbsp;<\/p>\n","protected":false},"excerpt":{"rendered":"<p>Hier finden Sie informativen Lesestoff Unsere Bibliothek befindet sich im Gruppenraum und dient als Information hinsichtlich des Verlaufs der Infektionswege und der Therapiem\u00f6glichkeiten bei Lebererkrankungen. St\u00f6bern Sie in unserer Bibliothek. Sicher ist auch f\u00fcr Sie etwas Interessantes zum Ausleihen dabei. Es stehen f\u00fcr Sie derzeit mehr als 300 B\u00fccher zu folgenden Themen zur Verf\u00fcgung: Krebs, [&hellip;]<\/p>\n","protected":false},"author":3,"featured_media":0,"parent":333,"menu_order":1,"comment_status":"closed","ping_status":"closed","template":"","meta":{"footnotes":""},"class_list":["post-369","page","type-page","status-publish","czr-hentry"],"translation":{"provider":"WPGlobus","version":"3.0.2","language":"en","enabled_languages":["de","en"],"languages":{"de":{"title":true,"content":true,"excerpt":false},"en":{"title":false,"content":false,"excerpt":false}}},"_links":{"self":[{"href":"https:\/\/berliner-leberring.de\/en\/wp-json\/wp\/v2\/pages\/369","targetHints":{"allow":["GET"]}}],"collection":[{"href":"https:\/\/berliner-leberring.de\/en\/wp-json\/wp\/v2\/pages"}],"about":[{"href":"https:\/\/berliner-leberring.de\/en\/wp-json\/wp\/v2\/types\/page"}],"author":[{"embeddable":true,"href":"https:\/\/berliner-leberring.de\/en\/wp-json\/wp\/v2\/users\/3"}],"replies":[{"embeddable":true,"href":"https:\/\/berliner-leberring.de\/en\/wp-json\/wp\/v2\/comments?post=369"}],"version-history":[{"count":33,"href":"https:\/\/berliner-leberring.de\/en\/wp-json\/wp\/v2\/pages\/369\/revisions"}],"predecessor-version":[{"id":3065,"href":"https:\/\/berliner-leberring.de\/en\/wp-json\/wp\/v2\/pages\/369\/revisions\/3065"}],"up":[{"embeddable":true,"href":"https:\/\/berliner-leberring.de\/en\/wp-json\/wp\/v2\/pages\/333"}],"wp:attachment":[{"href":"https:\/\/berliner-leberring.de\/en\/wp-json\/wp\/v2\/media?parent=369"}],"curies":[{"name":"wp","href":"https:\/\/api.w.org\/{rel}","templated":true}]}}