{"id":372,"date":"2013-06-21T07:29:10","date_gmt":"2013-06-21T07:29:10","guid":{"rendered":"http:\/\/berliner-leberring.de\/?page_id=372"},"modified":"2023-03-12T19:07:40","modified_gmt":"2023-03-12T17:07:40","slug":"galerie","status":"publish","type":"page","link":"https:\/\/berliner-leberring.de\/en\/beratungsstelle\/galerie\/","title":{"rendered":"Galerie"},"content":{"rendered":"<hr \/>\n<p>Anl\u00e4sslich des 10-j\u00e4hrigen Vereinsjubil\u00e4ums des <em>Berliner Leberring e.V.<\/em> haben sich im Jahr 2006 Betroffene (von jung bis alt) zusammengesetzt, um ihre Gedanken zu ihrer Erkrankung bildlich umzusetzen. Die Teilnehmer kamen aus den unterschiedlichsten Gruppen. Die vom Verein vorgegebenen Themen lauteten: &#8220;<strong>Wie stelle ich mir meine Leberzirrhose vor<\/strong>&#8221; und &#8220;<strong>Wie stelle ich mir den Virus vor<\/strong>&#8220;. Die entstandenen Bilder werden in unserer Beratungsstelle gezeigt und finden gro\u00dfe Anerkennung.<\/p>\n<h2><strong>\u00a0<\/strong><\/h2>\n<p id=\"thumbnail-head-906\"><img loading=\"lazy\" decoding=\"async\" class=\"thumbnail\" style=\"border: 1px solid black; max-width: 100%;\" title=\"Leberbaum (Alter des Zeichners 25 Jahre)\" src=\"http:\/\/berliner-leberring.de\/wp-content\/uploads\/2013\/06\/BLR-Galerie-01-Leberbaum.jpg\" alt=\"\" width=\"200\" height=\"250\" \/> <img loading=\"lazy\" decoding=\"async\" class=\"thumbnail\" style=\"border: 1px solid black; max-width: 100%;\" title=\"ohne Titel (Alter der Zeichnerin 42 Jahre)\" src=\"http:\/\/berliner-leberring.de\/wp-content\/uploads\/2013\/06\/BLR-Galerie-02-ohne-Titel.jpg\" alt=\"\" width=\"200\" height=\"250\" \/> <img loading=\"lazy\" decoding=\"async\" class=\"thumbnail\" style=\"border: 1px solid black; max-width: 100%;\" title=\"ohne Titel (Alter der Zeichnerin 72 Jahre)\" src=\"http:\/\/berliner-leberring.de\/wp-content\/uploads\/2013\/06\/BLR-Galerie-03-ohne-Titel.jpg\" alt=\"\" width=\"200\" height=\"150\" \/><\/p>\n<p id=\"thumbnail-head-909\"><img loading=\"lazy\" decoding=\"async\" class=\"thumbnail\" style=\"border: 1px solid black; max-width: 100%;\" title=\"Energiefluss der Leber (ohne weitere Angaben)\" src=\"http:\/\/berliner-leberring.de\/wp-content\/uploads\/2013\/06\/BLR-Galerie-04-Energiefluss-der-Leber.jpg\" alt=\"\" width=\"200\" height=\"150\" \/> <img loading=\"lazy\" decoding=\"async\" class=\"thumbnail\" style=\"border: 1px solid black; max-width: 100%;\" title=\"Angriff und Schutz (Alter des Zeichners 14 Jahre)\" src=\"http:\/\/berliner-leberring.de\/wp-content\/uploads\/2013\/06\/BLR-Galerie-05-Angriff-und-Schutz.jpg\" alt=\"\" width=\"200\" height=\"150\" \/> <img loading=\"lazy\" decoding=\"async\" class=\"thumbnail\" style=\"border: 1px solid black; max-width: 100%;\" title=\"\" src=\"http:\/\/berliner-leberring.de\/wp-content\/uploads\/2013\/06\/BLR-Galerie-06-5-vor-12.jpg\" alt=\"\" width=\"200\" height=\"250\" \/><\/p>\n<p id=\"thumbnail-head-912\"><img loading=\"lazy\" decoding=\"async\" class=\"thumbnail\" style=\"border: 1px solid black; max-width: 100%;\" title=\"Der Virus verl\u00e4sst die Leber (Alter der Zeichnerin 30 Jahre)\" src=\"http:\/\/berliner-leberring.de\/wp-content\/uploads\/2013\/06\/BLR-Galerie-07-Der-Virus-verl%C3%A4sst-die-Leber.jpg\" alt=\"\" width=\"200\" height=\"150\" \/> <img loading=\"lazy\" decoding=\"async\" class=\"thumbnail\" style=\"border: 1px solid black; max-width: 100%;\" title=\"Leberspiel (Alter des Zeichners 24 Jahre)\" src=\"http:\/\/berliner-leberring.de\/wp-content\/uploads\/2013\/06\/BLR-Galerie-08-Leberspiel.jpg\" alt=\"\" width=\"200\" height=\"150\" \/> <img loading=\"lazy\" decoding=\"async\" class=\"thumbnail\" style=\"border: 1px solid black; max-width: 100%;\" title=\"Heile, heile Engelchen - es wird schon wieder gut (o.w.A.)\" src=\"http:\/\/berliner-leberring.de\/wp-content\/uploads\/2013\/06\/BLR-Galerie-09-Heile-heile-Engelchen-es-wird-schon-wieder-gut.jpg\" alt=\"\" width=\"200\" height=\"150\" \/><\/p>\n<p id=\"thumbnail-head-915\"><img loading=\"lazy\" decoding=\"async\" class=\"thumbnail\" style=\"border: 1px solid black; max-width: 100%;\" title=\"Pyramide der Kraft (Alter der Zeicherin 57Jahre)\" src=\"http:\/\/berliner-leberring.de\/wp-content\/uploads\/2013\/06\/BLR-Galerie-10-Pyramide-der-Kraft.jpg\" alt=\"\" width=\"200\" height=\"250\" \/> <img loading=\"lazy\" decoding=\"async\" class=\"thumbnail\" style=\"border: 1px solid black; max-width: 100%;\" title=\"Das Leberm\u00e4nnchen (Alter des Zeichners 71 Jahre)\" src=\"http:\/\/berliner-leberring.de\/wp-content\/uploads\/2013\/06\/BLR-Galerie-11-Das-Leberm%C3%A4nnchen.jpg\" alt=\"\" width=\"200\" height=\"250\" \/> <img loading=\"lazy\" decoding=\"async\" class=\"thumbnail\" style=\"border: 1px solid black; max-width: 100%;\" title=\"ohne Worte (Alter des Zeichners 50 Jahre)\" src=\"http:\/\/berliner-leberring.de\/wp-content\/uploads\/2013\/06\/BLR-Galerie-12-ohne-Titel.jpg\" alt=\"\" width=\"200\" height=\"150\" \/><\/p>\n<p id=\"thumbnail-head-918\"><img loading=\"lazy\" decoding=\"async\" class=\"thumbnail\" style=\"border: 1px solid black; max-width: 100%;\" title=\"ohne Worte (Alter der Zeichnerin 29 Jahre)\" src=\"http:\/\/berliner-leberring.de\/wp-content\/uploads\/2013\/06\/BLR-Galerie-13-ohne-Titel.jpg\" alt=\"\" width=\"200\" height=\"150\" \/> <img loading=\"lazy\" decoding=\"async\" class=\"thumbnail\" style=\"border: 1px solid black; max-width: 100%;\" title=\"Lebertanz (Alter des Zeichners 38 Jahre)\" src=\"http:\/\/berliner-leberring.de\/wp-content\/uploads\/2013\/06\/BLR-Galerie-14-Lebertanz.jpg\" alt=\"\" width=\"200\" height=\"150\" \/> <img loading=\"lazy\" decoding=\"async\" class=\"thumbnail\" style=\"border: 1px solid black; max-width: 100%;\" title=\"Die Heilung schreitet voran (Alter der Zeichnerin 57 Jahre)\" src=\"http:\/\/berliner-leberring.de\/wp-content\/uploads\/2013\/06\/BLR-Galerie-15-Die-Heilung-schreitet-voran.jpg\" alt=\"\" width=\"200\" height=\"150\" \/><\/p>\n<p id=\"thumbnail-head-921\"><img loading=\"lazy\" decoding=\"async\" class=\"thumbnail\" style=\"border: 1px solid black; max-width: 100%;\" title=\"Comic (Alter des Zeichners 27 Jahre)\" src=\"http:\/\/berliner-leberring.de\/wp-content\/uploads\/2013\/06\/BLR-Galerie-16-Comic.jpg\" alt=\"\" width=\"200\" height=\"150\" \/> <img loading=\"lazy\" decoding=\"async\" class=\"thumbnail\" style=\"border: 1px solid black; max-width: 100%;\" title=\"Gespenster - Vieren, ich will euch nicht (Alter 12 Jahre)\" src=\"http:\/\/berliner-leberring.de\/wp-content\/uploads\/2013\/06\/BLR-Galerie-17-ohne-Titel.jpg\" alt=\"\" width=\"200\" height=\"150\" \/> <img loading=\"lazy\" decoding=\"async\" class=\"thumbnail\" style=\"border: 1px solid black; max-width: 100%;\" title=\"ohne Titel (ohne weitere Angaben)\" src=\"http:\/\/berliner-leberring.de\/wp-content\/uploads\/2013\/06\/BLR-Galerie-18-ohne-Titel.jpg\" alt=\"\" width=\"200\" height=\"150\" \/><\/p>\n<p id=\"thumbnail-head-924\"><img loading=\"lazy\" decoding=\"async\" class=\"thumbnail\" style=\"border: 1px solid black; max-width: 100%;\" title=\"...und ich krieg Dich doch... (Alter des Zeichners 43 Jahre)\" src=\"http:\/\/berliner-leberring.de\/wp-content\/uploads\/2013\/06\/BLR-Galerie-19-ohne-Titel.jpg\" alt=\"\" width=\"200\" height=\"150\" \/> <img loading=\"lazy\" decoding=\"async\" class=\"thumbnail\" style=\"border: 1px solid black; max-width: 100%;\" title=\"Die tr\u00e4nende Leber (Alter des Zeichners 27 Jahre)\" src=\"http:\/\/berliner-leberring.de\/wp-content\/uploads\/2013\/06\/BLR-Galerie-20-ohne-Titel.jpg\" alt=\"\" width=\"200\" height=\"150\" \/> <img loading=\"lazy\" decoding=\"async\" class=\"thumbnail\" style=\"border: 1px solid black; max-width: 100%;\" title=\"Ich esse nie mehr Leberwurst (Alter des Zeichners 71 Jahre)\" src=\"http:\/\/berliner-leberring.de\/wp-content\/uploads\/2013\/06\/BLR-Galerie-21-Ich-esse-nie-mehr-Leberwurst.jpg\" alt=\"\" width=\"200\" height=\"150\" \/><\/p>\n<p id=\"thumbnail-head-927\"><img loading=\"lazy\" decoding=\"async\" class=\"thumbnail\" style=\"border: 1px solid black; max-width: 100%;\" title=\"ohne Titel (ohne weitere Angaben)\" src=\"http:\/\/berliner-leberring.de\/wp-content\/uploads\/2013\/06\/BLR-Galerie-22-ohne-Titel.jpg\" alt=\"\" width=\"200\" height=\"250\" \/> <img loading=\"lazy\" decoding=\"async\" class=\"thumbnail\" style=\"border: 1px solid black; max-width: 100%;\" title=\"Leberblume (Alter des Zeichners 75 Jahre)\" src=\"http:\/\/berliner-leberring.de\/wp-content\/uploads\/2013\/06\/BLR-Galerie-23-Leberblume.jpg\" alt=\"\" width=\"200\" height=\"150\" \/> <img loading=\"lazy\" decoding=\"async\" class=\"thumbnail\" style=\"border: 1px solid black; max-width: 100%;\" title=\"ohne Titel (ohne weitere Angaben)\" src=\"http:\/\/berliner-leberring.de\/wp-content\/uploads\/2013\/06\/BLR-Galerie-24-ohne-Titel.jpg\" alt=\"\" width=\"200\" height=\"150\" \/><\/p>\n<p id=\"thumbnail-head-930\"><img loading=\"lazy\" decoding=\"async\" class=\"thumbnail\" style=\"border: 1px solid black; max-width: 100%;\" title=\"Es gibt immer einen Weg (Alter der Zeichnerin 67 Jahre)\" src=\"http:\/\/berliner-leberring.de\/wp-content\/uploads\/2013\/06\/BLR-Galerie-25-Es-gibt-immer-einen-Weg.jpg\" alt=\"\" width=\"200\" height=\"150\" \/> <img loading=\"lazy\" decoding=\"async\" class=\"thumbnail\" style=\"border: 1px solid black; max-width: 100%;\" title=\"Hunger (Alter des Zeichners 29 Jahre)\" src=\"http:\/\/berliner-leberring.de\/wp-content\/uploads\/2013\/06\/BLR-Galerie-26-ohne-Titel.jpg\" alt=\"\" width=\"200\" height=\"150\" \/> <img loading=\"lazy\" decoding=\"async\" class=\"thumbnail\" style=\"border: 1px solid black; max-width: 100%;\" title=\"ohne Titel (ohne weitere Angaben)\" src=\"http:\/\/berliner-leberring.de\/wp-content\/uploads\/2013\/06\/BLR-Galerie-27-ohne-Titel.jpg\" alt=\"\" width=\"200\" height=\"150\" \/><\/p>\n<hr \/>\n<p><center><a href=\"#top\">Nach oben<\/a><\/center><\/p>\n","protected":false},"excerpt":{"rendered":"<p>Anl\u00e4sslich des 10-j\u00e4hrigen Vereinsjubil\u00e4ums des Berliner Leberring e.V. haben sich im Jahr 2006 Betroffene (von jung bis alt) zusammengesetzt, um ihre Gedanken zu ihrer Erkrankung bildlich umzusetzen. Die Teilnehmer kamen aus den unterschiedlichsten Gruppen. Die vom Verein vorgegebenen Themen lauteten: &#8220;Wie stelle ich mir meine Leberzirrhose vor&#8221; und &#8220;Wie stelle ich mir den Virus vor&#8220;. [&hellip;]<\/p>\n","protected":false},"author":3,"featured_media":0,"parent":333,"menu_order":2,"comment_status":"closed","ping_status":"closed","template":"","meta":{"footnotes":""},"class_list":["post-372","page","type-page","status-publish","czr-hentry"],"translation":{"provider":"WPGlobus","version":"3.0.2","language":"en","enabled_languages":["de","en"],"languages":{"de":{"title":true,"content":true,"excerpt":false},"en":{"title":false,"content":false,"excerpt":false}}},"_links":{"self":[{"href":"https:\/\/berliner-leberring.de\/en\/wp-json\/wp\/v2\/pages\/372","targetHints":{"allow":["GET"]}}],"collection":[{"href":"https:\/\/berliner-leberring.de\/en\/wp-json\/wp\/v2\/pages"}],"about":[{"href":"https:\/\/berliner-leberring.de\/en\/wp-json\/wp\/v2\/types\/page"}],"author":[{"embeddable":true,"href":"https:\/\/berliner-leberring.de\/en\/wp-json\/wp\/v2\/users\/3"}],"replies":[{"embeddable":true,"href":"https:\/\/berliner-leberring.de\/en\/wp-json\/wp\/v2\/comments?post=372"}],"version-history":[{"count":12,"href":"https:\/\/berliner-leberring.de\/en\/wp-json\/wp\/v2\/pages\/372\/revisions"}],"predecessor-version":[{"id":5268,"href":"https:\/\/berliner-leberring.de\/en\/wp-json\/wp\/v2\/pages\/372\/revisions\/5268"}],"up":[{"embeddable":true,"href":"https:\/\/berliner-leberring.de\/en\/wp-json\/wp\/v2\/pages\/333"}],"wp:attachment":[{"href":"https:\/\/berliner-leberring.de\/en\/wp-json\/wp\/v2\/media?parent=372"}],"curies":[{"name":"wp","href":"https:\/\/api.w.org\/{rel}","templated":true}]}}