{"id":378,"date":"2013-06-21T07:34:48","date_gmt":"2013-06-21T07:34:48","guid":{"rendered":"http:\/\/berliner-leberring.de\/?page_id=378"},"modified":"2015-11-20T23:05:26","modified_gmt":"2015-11-20T23:05:26","slug":"fremdsprachige-infos","status":"publish","type":"page","link":"https:\/\/berliner-leberring.de\/en\/beratungsstelle\/fremdsprachige-infos\/","title":{"rendered":"Fremdsprachige Infos"},"content":{"rendered":"<hr \/>\n<p><img loading=\"lazy\" decoding=\"async\" style=\"border: 1px solid black;\" title=\"T\u00fcrk\u00e7e okuyucular i\u00e7in\" src=\"http:\/\/berliner-leberring.de\/wp-content\/uploads\/2013\/06\/blr-flagge-tuerkei.jpg\" alt=\"alt\" width=\"50\" height=\"25\" \/> <strong>T\u00fcrk\u00e7e okuyucular i\u00e7in<\/strong><br \/>\nEskiden bir destek grubu olan <em>Berliner Leberring e.V<\/em><strong>.,<\/strong> 1997 y\u0131l\u0131nda kurulmu\u015ftur. Bu arada, bu kurulu\u015f hepatit hastalar\u0131 i\u00e7in bir dan\u0131\u015fma merkezine geli\u015fmi\u015ftir. 2002 y\u0131l\u0131ndan bu yana, dan\u0131\u015fma merkezi Charit\u00e9-Campus Benjamin Franklin Berlin-Steglitz temelinde yer almaktad\u0131r. Daha fazla bilgi i\u00e7in ve yazd\u0131rmak istiyorsaniz, <a title=\"dan\u0131\u015fma merkezi\" href=\"http:\/\/berliner-leberring.de\/wp-content\/uploads\/2013\/06\/blr-danisma-merkezi-2012.pdf\" target=\"_blank\">dan\u0131\u015fma merkezi<\/a> (Beratungsstelle) ve <a title=\"bak\u0131m hizmeti\" href=\"http:\/\/berliner-leberring.de\/wp-content\/uploads\/2013\/06\/blr-bakim-hizmeti-2012.pdf\" target=\"_blank\">bak\u0131m hizmeti<\/a> (Betreuungsdienst) ile ilgili ekli bro\u015f\u00fcrleri kullan\u0131n.<\/p>\n<hr \/>\n<p><img loading=\"lazy\" decoding=\"async\" style=\"border: 1px solid black;\" title=\"For English readers\" src=\"http:\/\/berliner-leberring.de\/wp-content\/uploads\/2013\/06\/blr-flagge-england.png\" alt=\"\" width=\"50\" height=\"25\" \/> <strong>For English readers<\/strong><br \/>\nOut of a support group from 1997, the <em>Berliner Leberring e.V.<\/em> was founded. Meanwhile it has become a counseling center for all persons affected from hepatitis. Since 2002, the counseling center is located on the grounds of the Charit\u00e9-Campus Benjamin Franklin in Berlin-Steglitz. For further information and for print, please use the attached brochures concerning the <a title=\"counseling center\" href=\"http:\/\/berliner-leberring.de\/wp-content\/uploads\/2013\/06\/blr-counseling-center-2012.pdf\" target=\"_blank\">counseling center<\/a> (Beratungsstelle) and the <a title=\"care service\" href=\"http:\/\/berliner-leberring.de\/wp-content\/uploads\/2013\/06\/blr-care-service-2012.pdf\" target=\"_blank\">care service<\/a> (Betreuungsdienst).<\/p>\n<hr \/>\n<p><img loading=\"lazy\" decoding=\"async\" style=\"border: 1px solid black;\" title=\"Pour les lecteurs fran\u00e7ais\" src=\"http:\/\/berliner-leberring.de\/wp-content\/uploads\/2013\/06\/blr-flagge-frankreich.png\" alt=\"alt\" width=\"50\" height=\"25\" \/> <strong>Pour les lecteurs fran\u00e7ais<\/strong><br \/>\n\u00c9tait partir d&#8217;un groupe qui aide soi-m\u00eame, le <em>Berliner Leberring e.V.<\/em> est fond\u00e9e en 1997. Pendant ce temps, nous sommes un centre de consultation pour toutes les personnes concern\u00e9es de l&#8217;h\u00e9patite. Depuis 2002, le centre de consultation est situ\u00e9 sur les terrains du Charit\u00e9-Campus Benjamin Franklin \u00e0 Berlin-Steglitz. Pour plus d&#8217;informations et pour imprimer, utiliser les brochures concernant le centre de <a title=\"consultation\" href=\"http:\/\/berliner-leberring.de\/wp-content\/uploads\/2013\/06\/blr-consultation-2012.pdf\" target=\"_blank\">consultation<\/a> (Beratungsstelle) et le <a title=\"service de l'assistance\" href=\"http:\/\/berliner-leberring.de\/wp-content\/uploads\/2013\/06\/blr-service-d-i-assistance-2012.pdf\" target=\"_blank\">service de l&#8217;assistance<\/a> (Betreuungsdienst).<\/p>\n<hr \/>\n<h6>Letzte \u00c4nderung: 20.11.2015<\/h6>\n<p><center><a href=\"#top\">Nach oben<\/a><\/center><\/p>\n","protected":false},"excerpt":{"rendered":"<p>T\u00fcrk\u00e7e okuyucular i\u00e7in Eskiden bir destek grubu olan Berliner Leberring e.V., 1997 y\u0131l\u0131nda kurulmu\u015ftur. Bu arada, bu kurulu\u015f hepatit hastalar\u0131 i\u00e7in bir dan\u0131\u015fma merkezine geli\u015fmi\u015ftir. 2002 y\u0131l\u0131ndan bu yana, dan\u0131\u015fma merkezi Charit\u00e9-Campus Benjamin Franklin Berlin-Steglitz temelinde yer almaktad\u0131r. Daha fazla bilgi i\u00e7in ve yazd\u0131rmak istiyorsaniz, dan\u0131\u015fma merkezi (Beratungsstelle) ve bak\u0131m hizmeti (Betreuungsdienst) ile ilgili ekli [&hellip;]<\/p>\n","protected":false},"author":3,"featured_media":0,"parent":333,"menu_order":4,"comment_status":"closed","ping_status":"closed","template":"","meta":{"footnotes":""},"class_list":["post-378","page","type-page","status-publish","czr-hentry"],"translation":{"provider":"WPGlobus","version":"3.0.2","language":"en","enabled_languages":["de","en"],"languages":{"de":{"title":true,"content":true,"excerpt":false},"en":{"title":false,"content":false,"excerpt":false}}},"_links":{"self":[{"href":"https:\/\/berliner-leberring.de\/en\/wp-json\/wp\/v2\/pages\/378","targetHints":{"allow":["GET"]}}],"collection":[{"href":"https:\/\/berliner-leberring.de\/en\/wp-json\/wp\/v2\/pages"}],"about":[{"href":"https:\/\/berliner-leberring.de\/en\/wp-json\/wp\/v2\/types\/page"}],"author":[{"embeddable":true,"href":"https:\/\/berliner-leberring.de\/en\/wp-json\/wp\/v2\/users\/3"}],"replies":[{"embeddable":true,"href":"https:\/\/berliner-leberring.de\/en\/wp-json\/wp\/v2\/comments?post=378"}],"version-history":[{"count":13,"href":"https:\/\/berliner-leberring.de\/en\/wp-json\/wp\/v2\/pages\/378\/revisions"}],"predecessor-version":[{"id":5247,"href":"https:\/\/berliner-leberring.de\/en\/wp-json\/wp\/v2\/pages\/378\/revisions\/5247"}],"up":[{"embeddable":true,"href":"https:\/\/berliner-leberring.de\/en\/wp-json\/wp\/v2\/pages\/333"}],"wp:attachment":[{"href":"https:\/\/berliner-leberring.de\/en\/wp-json\/wp\/v2\/media?parent=378"}],"curies":[{"name":"wp","href":"https:\/\/api.w.org\/{rel}","templated":true}]}}