{"id":391,"date":"2013-06-21T07:47:39","date_gmt":"2013-06-21T07:47:39","guid":{"rendered":"http:\/\/berliner-leberring.de\/?page_id=391"},"modified":"2020-07-07T11:10:29","modified_gmt":"2020-07-07T11:10:29","slug":"beitrittserklaerung","status":"publish","type":"page","link":"https:\/\/berliner-leberring.de\/en\/kontakt-anfahrt\/beitrittserklaerung\/","title":{"rendered":"Beitrittserkl\u00e4rung"},"content":{"rendered":"<hr \/>\n<p class=\"MsoNormal\" style=\"text-align: left;\">Sie k\u00f6nnen unserem Verein auf verschiedene Arten helfen. Die Unterst\u00fctzung kann immer in Form von <a title=\"Konto &amp; Spenden\" href=\"http:\/\/berliner-leberring.de\/konto-spenden\/\" target=\"_blank\" rel=\"noopener noreferrer\">Spenden<\/a> erfolgen &#8211; wir begr\u00fc\u00dfen Sie aber auch sehr gerne als Mitglied unseres Vereins. Exklusiv bieten wir unseren Mitgliedern interne (also nicht \u00f6ffentliche) Vortr\u00e4ge\/Workshops &#8211; die geb\u00fchrenfrei sind \u2013 an. Bis auf wenige Ausnahmen sind Brosch\u00fcren und Fachinformationen f\u00fcr unsere Mitglieder ebenfalls kostenlos. Diverse Veranstaltungen mit den unterschiedlichsten Themenschwerpunkten werden von uns in jedem Jahr f\u00fcr Mitglieder und Interessierte organisiert. Diese Veranstaltungen sind f\u00fcr Mitglieder ebenfalls kostenlos oder \u2013 wenn wir eine Geb\u00fchr erheben m\u00fcssen \u2013 erheblich preisreduziert.<br \/>\n<strong>Die Mitgliedschaft im <em>Berliner Leberring e.V.<\/em> ist nicht gebunden an eine Lebererkrankung.<\/strong> Auch jeder Gesunde oder Interessierte ist uns herzlich willkommen, denn er unterst\u00fctzt unsere Arbeit mit seiner Mitgliedschaft.<\/p>\n<p class=\"MsoNormal\"><strong>Sie k\u00f6nnen sich die <a href=\"http:\/\/berliner-leberring.de\/wp-content\/uploads\/2015\/03\/Beitrittserklaerung-2015.pdf\" target=\"_blank\" rel=\"noopener noreferrer\">Beitrittserkl\u00e4rung<\/a> jetzt downloaden,<\/strong><br \/>\ndas Formular ausf\u00fcllen, unterschreiben und per Post an uns senden:<\/p>\n<p class=\"MsoNormal\"><em>Berliner Leberring e.V.<\/em><br \/>\nc\/o Charit\u00e9 Campus Benjamin Franklin<br \/>\nHindenburgdamm 30<br \/>\n12203 Berlin<\/p>\n<p class=\"MsoNormal\">oder auch pers\u00f6nlich bei uns in Berlin-Steglitz abgeben! Hier finden Sie <a title=\"Anfahrthinweise zu unserer Beratungsstelle\" href=\"http:\/\/berliner-leberring.de\/kontakt-anfahrt\/anfahrt\/\" target=\"_blank\" rel=\"noopener noreferrer\">Anfahrthinweise<\/a> zu unserer Beratungsstelle.<\/p>\n<p class=\"MsoNormal\">Wir freuen uns, auch <strong>Sie<\/strong> jetzt als neues Mitglied des <em>Berliner Leberring e.V.<\/em> begr\u00fcssen zu d\u00fcrfen. Wir brauchen Ihre Unterst\u00fctzung, um unsere wichtige Arbeit zum Nutzen der Betroffenen leisten zu k\u00f6nnen und bedanken uns bei Ihnen f\u00fcr Ihre Mithilfe.<\/p>\n<p><center><a href=\"#top\">Nach oben<\/a><\/center><\/p>\n","protected":false},"excerpt":{"rendered":"<p>Sie k\u00f6nnen unserem Verein auf verschiedene Arten helfen. Die Unterst\u00fctzung kann immer in Form von Spenden erfolgen &#8211; wir begr\u00fc\u00dfen Sie aber auch sehr gerne als Mitglied unseres Vereins. Exklusiv bieten wir unseren Mitgliedern interne (also nicht \u00f6ffentliche) Vortr\u00e4ge\/Workshops &#8211; die geb\u00fchrenfrei sind \u2013 an. Bis auf wenige Ausnahmen sind Brosch\u00fcren und Fachinformationen f\u00fcr unsere [&hellip;]<\/p>\n","protected":false},"author":3,"featured_media":0,"parent":313,"menu_order":2,"comment_status":"closed","ping_status":"closed","template":"","meta":{"footnotes":""},"class_list":["post-391","page","type-page","status-publish","czr-hentry"],"translation":{"provider":"WPGlobus","version":"3.0.2","language":"en","enabled_languages":["de","en"],"languages":{"de":{"title":true,"content":true,"excerpt":false},"en":{"title":false,"content":false,"excerpt":false}}},"_links":{"self":[{"href":"https:\/\/berliner-leberring.de\/en\/wp-json\/wp\/v2\/pages\/391","targetHints":{"allow":["GET"]}}],"collection":[{"href":"https:\/\/berliner-leberring.de\/en\/wp-json\/wp\/v2\/pages"}],"about":[{"href":"https:\/\/berliner-leberring.de\/en\/wp-json\/wp\/v2\/types\/page"}],"author":[{"embeddable":true,"href":"https:\/\/berliner-leberring.de\/en\/wp-json\/wp\/v2\/users\/3"}],"replies":[{"embeddable":true,"href":"https:\/\/berliner-leberring.de\/en\/wp-json\/wp\/v2\/comments?post=391"}],"version-history":[{"count":14,"href":"https:\/\/berliner-leberring.de\/en\/wp-json\/wp\/v2\/pages\/391\/revisions"}],"predecessor-version":[{"id":3920,"href":"https:\/\/berliner-leberring.de\/en\/wp-json\/wp\/v2\/pages\/391\/revisions\/3920"}],"up":[{"embeddable":true,"href":"https:\/\/berliner-leberring.de\/en\/wp-json\/wp\/v2\/pages\/313"}],"wp:attachment":[{"href":"https:\/\/berliner-leberring.de\/en\/wp-json\/wp\/v2\/media?parent=391"}],"curies":[{"name":"wp","href":"https:\/\/api.w.org\/{rel}","templated":true}]}}