{"id":394,"date":"2013-06-21T07:50:40","date_gmt":"2013-06-21T07:50:40","guid":{"rendered":"http:\/\/berliner-leberring.de\/?page_id=394"},"modified":"2024-01-08T14:16:37","modified_gmt":"2024-01-08T12:16:37","slug":"anfahrt","status":"publish","type":"page","link":"https:\/\/berliner-leberring.de\/en\/kontakt-anfahrt\/anfahrt\/","title":{"rendered":"Anfahrt"},"content":{"rendered":"<p><strong>Address for Visitors of the Consultation Center:<\/strong><br \/>\n<strong>Klingsorstra\u00dfe 107 in Berlin-Steglitz<\/strong><\/p>\n<hr \/>\n<p><strong>Directions for Arrival to <\/strong><em><strong>Berliner Leberring e.V. with Bus 283<\/strong><\/em><\/p>\n<p>To: Charit\u00e9 Campus Benjamin Franklin with public transport: From S\/U-Bahnhof Rathaus Steglitz take bus Bus 283 (the bus departs from the small bus station in the traffic circle and continues in the direction Marienfelde\/Daimlerstra\u00dfe) and disembark at the Klingsorplatz stop. You will be standing directly in front of the north entrance (Fire service access with gate). You can ask the gate attendant for the location of Haus III (rather than for <em>Berliner Leberring e.V. <\/em>specifically, because not all employees will be familiar with every firm in the building). The address for this entrance is Klingsorstra\u00dfe 107, 12203 Berlin-Steglitz.<\/p>\n<p>Past the gate make an immediate left and continue to Haus III (last building on the right). We are on the second floor on the right.<\/p>\n<p>Please note:\u00a0 Bus 285 also begins its route in the bus station at Rathaus Steglitz and also heads towards the clinic, but stops at the west entrance on Hindenburgdamm. The most convenient way to reach our office is through the north entrance on Klingsorstra\u00dfe, which is only served by Bus 283.<\/p>\n<hr \/>\n<p><strong>Directions to <\/strong><em><strong>Berliner Leberring e.V.<\/strong><\/em><strong>\u00a0by car:<\/strong><\/p>\n<p>Depart from Steglitzer Stadtautobahn (BAB 103).On the end of the autobahn take the left lane \u2013 turn left and the left again onto Birkbuschstra\u00dfe . Turn right at the third light (Klingsorstra\u00dfe). At the next light you will be just to the left of the fire entrance to the Campus (H\u00f6he Klingsorplatz). If possible, you should look for a parking place before you reach the signal, since entrance to the clinic grounds is usually not possible.<\/p>\n<hr \/>\n<p>Directions from &#8220;Unter den Eichen&#8221;:<\/p>\n<p>Turn right at the traffic signal on Hindenburgdamm (you will see a gas station just in front of the light). Turn left after the S-Bahn tunnel. At the intersection Augusta-\/Klingsorstra\u00dfe turn left onto\u00a0 Klingsorstra\u00dfe and continue to Klingsorplatz. Look for a parking place in front of or behind the signal. This is the north entrance to the campus (Fire service access with gate). You can ask the gate attendant for the location of Haus III (rather\u00a0than for <em>Berliner Leberring e.V.<\/em>\u00a0specifically, because not all employees will be familiar with every office). The address for this entrance is Klingsorstra\u00dfe 107, 12203 Berlin-Steglitz.<\/p>\n<p>Past the gate make an immediate left and continue to Haus III (last building on the right). We are on the second floor on the right.<\/p>\n<p><center><\/center><center><a href=\"http:\/\/maps.google.de\/maps?hl=de&amp;q=berlin+klingsorstrasse+107&amp;gs_sm=e&amp;gs_upl=6443l14633l1l15055l13l13l0l0l0l0l56l650l13l13l0&amp;bav=on.2,or.r_gc.r_pw.,cf.osb&amp;biw=1633&amp;bih=829&amp;wrapid=tlif132839167063110&amp;um=1&amp;ie=UTF-8&amp;hq=&amp;hnear=0x47a85aed60b27c85:0xc402ca71de82ed40,Klingsorstra%C3%9Fe+107,+D-12203+Berlin&amp;gl=de&amp;ei=D6YtT8n0Lc7MsgbjnISGDQ&amp;sa=X&amp;oi=geocode_result&amp;ct=title&amp;resnum=1&amp;ved=0CC4Q8gEwAA\" target=\"_blank\" rel=\"noopener\">View in Google Maps<\/a><\/center><\/p>\n<p id=\"thumbnail-head-707\"><img loading=\"lazy\" decoding=\"async\" class=\"thumbnail\" style=\"border: 1px solid black; max-width: 100%;\" title=\"Anfahrt zum Berliner Leberring e.V.\" src=\"http:\/\/berliner-leberring.de\/wp-content\/uploads\/2013\/06\/blr-anfahrt-2012.jpg\" alt=\"\" width=\"630\" height=\"630\" \/><\/p>\n","protected":false},"excerpt":{"rendered":"<p>Address for Visitors of the Consultation Center: Klingsorstra\u00dfe 107 in Berlin-Steglitz Directions for Arrival to Berliner Leberring e.V. with Bus 283 To: Charit\u00e9 Campus Benjamin Franklin with public transport: From S\/U-Bahnhof Rathaus Steglitz take bus Bus 283 (the bus departs from the small bus station in the traffic circle and continues in the direction Marienfelde\/Daimlerstra\u00dfe) [&hellip;]<\/p>\n","protected":false},"author":3,"featured_media":0,"parent":313,"menu_order":3,"comment_status":"closed","ping_status":"closed","template":"","meta":{"footnotes":""},"class_list":["post-394","page","type-page","status-publish","czr-hentry"],"translation":{"provider":"WPGlobus","version":"3.0.2","language":"en","enabled_languages":["de","en"],"languages":{"de":{"title":true,"content":true,"excerpt":false},"en":{"title":false,"content":true,"excerpt":false}}},"_links":{"self":[{"href":"https:\/\/berliner-leberring.de\/en\/wp-json\/wp\/v2\/pages\/394","targetHints":{"allow":["GET"]}}],"collection":[{"href":"https:\/\/berliner-leberring.de\/en\/wp-json\/wp\/v2\/pages"}],"about":[{"href":"https:\/\/berliner-leberring.de\/en\/wp-json\/wp\/v2\/types\/page"}],"author":[{"embeddable":true,"href":"https:\/\/berliner-leberring.de\/en\/wp-json\/wp\/v2\/users\/3"}],"replies":[{"embeddable":true,"href":"https:\/\/berliner-leberring.de\/en\/wp-json\/wp\/v2\/comments?post=394"}],"version-history":[{"count":49,"href":"https:\/\/berliner-leberring.de\/en\/wp-json\/wp\/v2\/pages\/394\/revisions"}],"predecessor-version":[{"id":5592,"href":"https:\/\/berliner-leberring.de\/en\/wp-json\/wp\/v2\/pages\/394\/revisions\/5592"}],"up":[{"embeddable":true,"href":"https:\/\/berliner-leberring.de\/en\/wp-json\/wp\/v2\/pages\/313"}],"wp:attachment":[{"href":"https:\/\/berliner-leberring.de\/en\/wp-json\/wp\/v2\/media?parent=394"}],"curies":[{"name":"wp","href":"https:\/\/api.w.org\/{rel}","templated":true}]}}