{"id":400,"date":"2013-06-21T07:57:33","date_gmt":"2013-06-21T07:57:33","guid":{"rendered":"http:\/\/berliner-leberring.de\/?page_id=400"},"modified":"2025-04-22T17:08:07","modified_gmt":"2025-04-22T15:08:07","slug":"links","status":"publish","type":"page","link":"https:\/\/berliner-leberring.de\/en\/kontakt-anfahrt\/links\/","title":{"rendered":"Links"},"content":{"rendered":"<hr \/>\n<p class=\"MsoNormal\"><a href=\"https:\/\/www.aerztezeitung.de\/\" target=\"_blank\" rel=\"noopener noreferrer\"><strong>\u00c4rzte Zeitung Online<\/strong> <\/a>&gt; Beitr\u00e4ge zum Thema Leber\/Hepatitis.<\/p>\n<hr \/>\n<p class=\"MsoNormal\"><a href=\"https:\/\/www.berlin.de\/buergeraktiv\/\" target=\"_blank\" rel=\"noopener noreferrer\">b\u00fcrgeraktiv Berlin\u00a0\u00a0 <\/a>&gt; Das offizielle B\u00fcrgerportal des Landes Berlin zu den Themen B\u00fcrgerschaftliches Engagement, B\u00fcrgerbeteiligung und Transparenz.<\/p>\n<hr \/>\n<p class=\"MsoNormal\"><strong><a title=\"Charit\u00e8\" href=\"http:\/\/www.charite.de\/\" target=\"_blank\" rel=\"noopener noreferrer\">Charit\u00e8<\/a><\/strong> &gt; Universit\u00e4tsmedizin Berlin, einer gemeinsamen Einrichtung der Freien Universit\u00e4t Berlin und der Humboldt-Universit\u00e4t zu Berlin.<\/p>\n<hr \/>\n<p class=\"MsoNormal\"><strong><a title=\"Deutsche Leberhilfe e.V.\" href=\"http:\/\/www.leberhilfe.org\/\" target=\"_blank\" rel=\"noopener noreferrer\">Deutsche Leberhilfe e.V.<\/a><\/strong> &gt; Lebererkrankungen k\u00f6nnen jeden treffen, unabh\u00e4ngig von Herkunft und Lebensweise. Unsere Webseite bietet Informationen f\u00fcr Patienten und ihre Angeh\u00f6rigen, aber auch f\u00fcr \u00c4rzte, Journalisten und jeden, der sich allgemein f\u00fcr das Thema \u201eLeberkrankheiten&#8221; interessiert.<\/p>\n<hr \/>\n<p><strong><a title=\"Forum autoimmune Lebererkrankungen\" href=\"http:\/\/forum.meineleber.de\/\" target=\"_blank\" rel=\"noopener noreferrer\">Forum autoimmune Lebererkrankungen<\/a><\/strong> &gt; Kommunikationsplattform zum Thema Autoimmune Hepatitis (Autoimmunhepatitis), AIH, PBC, PSC, Overlap Syndrom, CAAH.<\/p>\n<hr \/>\n<p class=\"MsoNormal\"><strong><a href=\"http:\/\/www.lebertransplantation.eu\/\" target=\"_blank\" rel=\"noopener noreferrer\">Lebertransplantierte Deutschland e.V.<\/a><\/strong> &gt; Wir informieren, begleiten und betreuen Betroffene und Angeh\u00f6rige vor und nach einer Lebertransplantation erg\u00e4nzend zur \u00e4rztlichen Versorgung.<\/p>\n<hr \/>\n<p class=\"MsoNormal\"><a href=\"https:\/\/www.rki.de\/DE\/Home\/home_node.html\" target=\"_blank\" rel=\"noopener\"><strong>Robert Koch Institut<\/strong><\/a> &gt; Das Robert Koch-Institut (RKI) ist ein Bundesinstitut im Gesch\u00e4ftsbereich des Bundesministeriums f\u00fcr Gesundheit.<\/p>\n<hr \/>\n<p class=\"MsoNormal\">\n<p><center><a href=\"#top\">Nach oben<\/a><\/center><\/p>\n","protected":false},"excerpt":{"rendered":"<p>\u00c4rzte Zeitung Online &gt; Beitr\u00e4ge zum Thema Leber\/Hepatitis. b\u00fcrgeraktiv Berlin\u00a0\u00a0 &gt; Das offizielle B\u00fcrgerportal des Landes Berlin zu den Themen B\u00fcrgerschaftliches Engagement, B\u00fcrgerbeteiligung und Transparenz. Charit\u00e8 &gt; Universit\u00e4tsmedizin Berlin, einer gemeinsamen Einrichtung der Freien Universit\u00e4t Berlin und der Humboldt-Universit\u00e4t zu Berlin. Deutsche Leberhilfe e.V. &gt; Lebererkrankungen k\u00f6nnen jeden treffen, unabh\u00e4ngig von Herkunft und Lebensweise. Unsere [&hellip;]<\/p>\n","protected":false},"author":3,"featured_media":0,"parent":313,"menu_order":5,"comment_status":"closed","ping_status":"closed","template":"","meta":{"footnotes":""},"class_list":["post-400","page","type-page","status-publish","czr-hentry"],"translation":{"provider":"WPGlobus","version":"3.0.2","language":"en","enabled_languages":["de","en"],"languages":{"de":{"title":true,"content":true,"excerpt":false},"en":{"title":false,"content":false,"excerpt":false}}},"_links":{"self":[{"href":"https:\/\/berliner-leberring.de\/en\/wp-json\/wp\/v2\/pages\/400","targetHints":{"allow":["GET"]}}],"collection":[{"href":"https:\/\/berliner-leberring.de\/en\/wp-json\/wp\/v2\/pages"}],"about":[{"href":"https:\/\/berliner-leberring.de\/en\/wp-json\/wp\/v2\/types\/page"}],"author":[{"embeddable":true,"href":"https:\/\/berliner-leberring.de\/en\/wp-json\/wp\/v2\/users\/3"}],"replies":[{"embeddable":true,"href":"https:\/\/berliner-leberring.de\/en\/wp-json\/wp\/v2\/comments?post=400"}],"version-history":[{"count":16,"href":"https:\/\/berliner-leberring.de\/en\/wp-json\/wp\/v2\/pages\/400\/revisions"}],"predecessor-version":[{"id":6084,"href":"https:\/\/berliner-leberring.de\/en\/wp-json\/wp\/v2\/pages\/400\/revisions\/6084"}],"up":[{"embeddable":true,"href":"https:\/\/berliner-leberring.de\/en\/wp-json\/wp\/v2\/pages\/313"}],"wp:attachment":[{"href":"https:\/\/berliner-leberring.de\/en\/wp-json\/wp\/v2\/media?parent=400"}],"curies":[{"name":"wp","href":"https:\/\/api.w.org\/{rel}","templated":true}]}}