{"id":4333,"date":"2021-03-09T15:37:13","date_gmt":"2021-03-09T15:37:13","guid":{"rendered":"http:\/\/berliner-leberring.de\/?page_id=4333"},"modified":"2025-03-04T16:15:52","modified_gmt":"2025-03-04T14:15:52","slug":"jahresbericht","status":"publish","type":"page","link":"https:\/\/berliner-leberring.de\/en\/jahresbericht\/","title":{"rendered":"Jahresbericht"},"content":{"rendered":"<table>\n<tbody>\n<tr>\n<th colspan=\"2\">Unsere Jahrest\u00e4tigkeitsberichte<\/th>\n<\/tr>\n<tr>\n<th>Jahr<\/th>\n<th>Download<\/th>\n<\/tr>\n<tr>\n<td>Bericht f\u00fcr das Jahr 2021<\/td>\n<td><a href=\"https:\/\/berliner-leberring.de\/wp-content\/uploads\/2022\/02\/Jahrestaetigkeitsbericht-2021-fuer-HP.pdf\" target=\"_blank\" rel=\"noopener\"><button><strong>bitte hier klicken<\/strong><\/button><\/a><\/td>\n<\/tr>\n<tr>\n<td>Bericht f\u00fcr das Jahr 2022<\/td>\n<td><a href=\"https:\/\/berliner-leberring.de\/wp-content\/uploads\/2023\/03\/Jahrestaetigkeitsbericht-2022-web.pdf\" target=\"_blank\" rel=\"noopener\"><button><strong>bitte hier klicken<\/strong><\/button><\/a><\/td>\n<\/tr>\n<tr>\n<td>Bericht f\u00fcr das Jahr 2023<\/td>\n<td><a href=\"https:\/\/berliner-leberring.de\/wp-content\/uploads\/2024\/03\/Jahrestaetigkeitsbericht-2023.neu_.pdf\" target=\"_blank\" rel=\"noopener\"><button><strong>bitte hier klicken<\/strong><\/button><\/a><\/td>\n<\/tr>\n<tr>\n<td>Bericht f\u00fcr das Jahr 2024<\/td>\n<td><a href=\"https:\/\/berliner-leberring.de\/wp-content\/uploads\/2025\/03\/Jahrestaetigkeitsbericht-2024.pdf\" target=\"_blank\" rel=\"noopener\"><button><strong>bitte hier klicken<\/strong><\/button><\/a><\/td>\n<\/tr>\n<\/tbody>\n<\/table>\n","protected":false},"excerpt":{"rendered":"<p>Unsere Jahrest\u00e4tigkeitsberichte Jahr Download Bericht f\u00fcr das Jahr 2021 bitte hier klicken Bericht f\u00fcr das Jahr 2022 bitte hier klicken Bericht f\u00fcr das Jahr 2023 bitte hier klicken Bericht f\u00fcr das Jahr 2024 bitte hier klicken<\/p>\n","protected":false},"author":13,"featured_media":0,"parent":0,"menu_order":0,"comment_status":"closed","ping_status":"closed","template":"","meta":{"footnotes":""},"class_list":["post-4333","page","type-page","status-publish","czr-hentry"],"translation":{"provider":"WPGlobus","version":"3.0.2","language":"en","enabled_languages":["de","en"],"languages":{"de":{"title":true,"content":true,"excerpt":false},"en":{"title":false,"content":false,"excerpt":false}}},"_links":{"self":[{"href":"https:\/\/berliner-leberring.de\/en\/wp-json\/wp\/v2\/pages\/4333","targetHints":{"allow":["GET"]}}],"collection":[{"href":"https:\/\/berliner-leberring.de\/en\/wp-json\/wp\/v2\/pages"}],"about":[{"href":"https:\/\/berliner-leberring.de\/en\/wp-json\/wp\/v2\/types\/page"}],"author":[{"embeddable":true,"href":"https:\/\/berliner-leberring.de\/en\/wp-json\/wp\/v2\/users\/13"}],"replies":[{"embeddable":true,"href":"https:\/\/berliner-leberring.de\/en\/wp-json\/wp\/v2\/comments?post=4333"}],"version-history":[{"count":11,"href":"https:\/\/berliner-leberring.de\/en\/wp-json\/wp\/v2\/pages\/4333\/revisions"}],"predecessor-version":[{"id":6018,"href":"https:\/\/berliner-leberring.de\/en\/wp-json\/wp\/v2\/pages\/4333\/revisions\/6018"}],"wp:attachment":[{"href":"https:\/\/berliner-leberring.de\/en\/wp-json\/wp\/v2\/media?parent=4333"}],"curies":[{"name":"wp","href":"https:\/\/api.w.org\/{rel}","templated":true}]}}