{"id":4445,"date":"2021-05-06T15:58:34","date_gmt":"2021-05-06T15:58:34","guid":{"rendered":"https:\/\/berliner-leberring.de\/?page_id=4445"},"modified":"2026-02-20T12:39:39","modified_gmt":"2026-02-20T10:39:39","slug":"transparenz","status":"publish","type":"page","link":"https:\/\/berliner-leberring.de\/en\/transparenz\/","title":{"rendered":"Transparenz"},"content":{"rendered":"<p>Das Thema Transparenz hat f\u00fcr die Arbeit des <em>Berliner Leberring e.V.<\/em> einen hohen Stellenwert. Deshalb stellen wir an dieser Stelle eine Selbstverpflichtung zur Transparenz ins Netz, mit allen darin aufgef\u00fchrten Materialien.<\/p>\n<h3>1. Name, Sitz, Anschrift und Gr\u00fcndungsjahr<\/h3>\n<div class=\"textwidget\">\n<p>Berliner Leberring e.V.<br \/>\nCharit\u00e9 Campus Benjamin Franklin<br \/>\nHindenburgdamm 30<br \/>\n12203 Berlin-Steglitz<\/p>\n<p>Gr\u00fcndungsjahr 1977<\/p>\n<\/div>\n<h3>2. Vollst\u00e4ndige Satzung sowie Angaben zu den Zielen unseres Vereins<\/h3>\n<p>Siehe<a href=\"https:\/\/berliner-leberring.de\/blr-satzung-2005\/\" target=\"_blank\" rel=\"noopener\"> Satzung<\/a><\/p>\n<h3>3. Bescheide des Finanzamts, Angaben zur Steuerbeg\u00fcnstigung<\/h3>\n<p>Siehe\u00a0\u00a0<a href=\"https:\/\/berliner-leberring.de\/wp-content\/uploads\/2024\/06\/A_Freistellungsbescheid240621.pdf\" target=\"_blank\" rel=\"noopener\">Bescheid des Finanzamts<\/a><\/p>\n<h3>4. Name und Funktion wesentlicher Entscheidungstr\u00e4ger<\/h3>\n<p>Siehe <a href=\"https:\/\/berliner-leberring.de\/wir-ueber-uns\/unser-team\/\" target=\"_blank\" rel=\"noopener\">Unser Team<\/a><\/p>\n<h3>5. Bericht \u00fcber die T\u00e4tigkeiten<\/h3>\n<p>Siehe <a href=\"https:\/\/berliner-leberring.de\/jahresbericht\/\" target=\"_blank\" rel=\"noopener\">Jahresbericht<\/a><\/p>\n<h3>6. Personalstruktur<\/h3>\n<p>Der Beratungsstelle geh\u00f6ren gegenw\u00e4rtig f\u00fcnf ehrenamtliche Mitarbeiter inklusive des<br \/>\nVorstandes an. F\u00fcr besondere Aufgaben sowie f\u00fcr die Vorbereitung und Durchf\u00fchrung<br \/>\nvon Veranstaltungen kann der Verein auf weitere Helfer zur\u00fcckgreifen, die zu solchen<br \/>\nAnl\u00e4ssen ebenfalls ehrenamtlich zur Verf\u00fcgung stehen.<\/p>\n<h3>7. Angaben zur Mittelherkunft<\/h3>\n<p>Siehe <a href=\"https:\/\/berliner-leberring.de\/wp-content\/uploads\/2025\/04\/2024_Abschluss.pdf\" target=\"_blank\" rel=\"noopener\">Bericht der Kassenwartin<\/a><\/p>\n<p>Siehe <a href=\"https:\/\/berliner-leberring.de\/wp-content\/uploads\/2021\/05\/Selbstauskunft-1.pdf\" target=\"_blank\" rel=\"noopener\">Selbstauskunft 2021<\/a> , <a href=\"https:\/\/berliner-leberring.de\/wp-content\/uploads\/2022\/06\/Selbstauskunft-2022.pdf\" target=\"_blank\" rel=\"noopener\">Selbstauskunft 2022\u00a0<\/a><\/p>\n<p><a href=\"https:\/\/berliner-leberring.de\/wp-content\/uploads\/2023\/03\/Selbstauskunft-2022.pdf\" target=\"_blank\" rel=\"noopener\">Selbstauskunft 2023<\/a>, <a href=\"https:\/\/berliner-leberring.de\/wp-content\/uploads\/2024\/01\/Selbstauskunft-2024.pdf\" target=\"_blank\" rel=\"noopener\">Selbstauskunft 2024<\/a>, <a href=\"https:\/\/berliner-leberring.de\/wp-content\/uploads\/2025\/02\/Selbstauskunft.2024.pdf\" target=\"_blank\" rel=\"noopener\">Selbstauskunft 2025<\/a>, <a href=\"https:\/\/berliner-leberring.de\/wp-content\/uploads\/2026\/02\/Selbstauskunft-2026.pdf\" target=\"_blank\" rel=\"noopener\">Selbstauskunft 2026<\/a><\/p>\n<h3>8. Angaben zur Mittelverwendung<\/h3>\n<p>Siehe <a href=\"https:\/\/berliner-leberring.de\/wp-content\/uploads\/2025\/04\/2024_Abschluss.pdf\" target=\"_blank\" rel=\"noopener\">Bericht der Kassenwartin<\/a><\/p>\n<h3>9. Gesellschaftsrechtliche Verbundenheit mit Dritten<\/h3>\n<p>Deutscher Parit\u00e4tischer Landesverband Berlin <a href=\"https:\/\/www.paritaet-berlin.de\/\" target=\"_blank\" rel=\"noopener\">https:\/\/www.paritaet-berlin.de\/<\/a><\/p>\n<p>Deutsche Leberstiftung <a href=\"https:\/\/www.deutsche-leberstiftung.de\/\" target=\"_blank\" rel=\"noopener\">https:\/\/www.deutsche-leberstiftung.de\/<\/a><\/p>\n<p>Landesvereinigung Selbsthilfe Berlin e.V.\u00a0 <a href=\"https:\/\/lv-selbsthilfe-berlin.de\/\" target=\"_blank\" rel=\"noopener\">https:\/\/lv-selbsthilfe-berlin.de\/<\/a><\/p>\n<p>Allianz chronischer seltener Erkrankungen Achse <a href=\"https:\/\/www.achse-online.de\/de\/\" target=\"_blank\" rel=\"noopener\">https:\/\/www.achse-online.de\/de\/<\/a><\/p>\n<h3>10. Namen von juristischen Personen, deren Zahlungen mehr als 10 Prozent der gesamten Jahreseinnahmen ausmachen<\/h3>\n<p>Einzelspenden, die mehr als 10 Prozent der gesamten Jahreseinnahmen ausmachen, gab es nicht.<\/p>\n","protected":false},"excerpt":{"rendered":"<p>Das Thema Transparenz hat f\u00fcr die Arbeit des Berliner Leberring e.V. einen hohen Stellenwert. Deshalb stellen wir an dieser Stelle eine Selbstverpflichtung zur Transparenz ins Netz, mit allen darin aufgef\u00fchrten Materialien. 1. Name, Sitz, Anschrift und Gr\u00fcndungsjahr Berliner Leberring e.V. Charit\u00e9 Campus Benjamin Franklin Hindenburgdamm 30 12203 Berlin-Steglitz Gr\u00fcndungsjahr 1977 2. Vollst\u00e4ndige Satzung sowie Angaben [&hellip;]<\/p>\n","protected":false},"author":13,"featured_media":0,"parent":0,"menu_order":0,"comment_status":"closed","ping_status":"closed","template":"","meta":{"footnotes":""},"class_list":["post-4445","page","type-page","status-publish","czr-hentry"],"translation":{"provider":"WPGlobus","version":"3.0.2","language":"en","enabled_languages":["de","en"],"languages":{"de":{"title":true,"content":true,"excerpt":false},"en":{"title":false,"content":false,"excerpt":false}}},"_links":{"self":[{"href":"https:\/\/berliner-leberring.de\/en\/wp-json\/wp\/v2\/pages\/4445","targetHints":{"allow":["GET"]}}],"collection":[{"href":"https:\/\/berliner-leberring.de\/en\/wp-json\/wp\/v2\/pages"}],"about":[{"href":"https:\/\/berliner-leberring.de\/en\/wp-json\/wp\/v2\/types\/page"}],"author":[{"embeddable":true,"href":"https:\/\/berliner-leberring.de\/en\/wp-json\/wp\/v2\/users\/13"}],"replies":[{"embeddable":true,"href":"https:\/\/berliner-leberring.de\/en\/wp-json\/wp\/v2\/comments?post=4445"}],"version-history":[{"count":36,"href":"https:\/\/berliner-leberring.de\/en\/wp-json\/wp\/v2\/pages\/4445\/revisions"}],"predecessor-version":[{"id":6430,"href":"https:\/\/berliner-leberring.de\/en\/wp-json\/wp\/v2\/pages\/4445\/revisions\/6430"}],"wp:attachment":[{"href":"https:\/\/berliner-leberring.de\/en\/wp-json\/wp\/v2\/media?parent=4445"}],"curies":[{"name":"wp","href":"https:\/\/api.w.org\/{rel}","templated":true}]}}